{"id":13625,"date":"2022-12-07T11:06:30","date_gmt":"2022-12-07T11:06:30","guid":{"rendered":"https:\/\/www.dibosch.com\/producto\/m-rotativa-comac-cm1817\/"},"modified":"2023-03-10T15:01:36","modified_gmt":"2023-03-10T15:01:36","slug":"m-rotativa-comac-cm1817","status":"publish","type":"product","link":"https:\/\/dibosch.com\/es\/producto\/m-rotativa-comac-cm1817\/","title":{"rendered":"M- ROTATIVA COMAC CM1817 &#8211; COMAC"},"content":{"rendered":"<p>Las CM1817, CM4017 y CM17 DS son m\u00e1quinas profesionales de un solo disco, accionadas el\u00e9ctricamente y con accionamiento por correa, disponibles en la versi\u00f3n de pista de trabajo de 43 cm.<\/p>\n<p>La \u00abtracci\u00f3n del cepillo del cintur\u00f3n\u00bb garantiza altas velocidades; esta soluci\u00f3n t\u00e9cnica produce la versi\u00f3n de 400 rpm (CM4017), apta para operaciones de pavo o seco, y la versi\u00f3n de 165 rpm (CM17 DS) para la limpieza en profundidad o de doble velocidad (330 rpm &#8211; activada mediante un bot\u00f3n pr\u00e1ctico), concretamente. para pulir.<\/p>\n<p>La gama tambi\u00e9n incluye el CM1817, la versi\u00f3n de 180 rpm.<\/p>\n","protected":false},"excerpt":{"rendered":"<p>Las CM1817, CM4017 y CM17 DS son m\u00e1quinas profesionales de un solo disco, accionadas el\u00e9ctricamente y con accionamiento por correa, disponibles en la versi\u00f3n de pista de trabajo de 43 cm. La \u00abtracci\u00f3n del cepillo del cintur\u00f3n\u00bb garantiza altas velocidades; esta soluci\u00f3n t\u00e9cnica produce la versi\u00f3n de 400 rpm (CM4017), apta para operaciones de pavo [&hellip;]<\/p>\n","protected":false},"featured_media":24806,"comment_status":"closed","ping_status":"closed","template":"","meta":[],"product_brand":[],"product_cat":[577,778],"product_tag":[],"marcas":[],"certificats":[],"caracteristiques":[],"tipus-productes":[],"zona-aplicacio":[],"tipus-maquinaria":[],"class_list":{"0":"post-13625","1":"product","2":"type-product","3":"status-publish","4":"has-post-thumbnail","6":"product_cat-maquinas","7":"product_cat-rotativas","9":"first","10":"instock","11":"product-type-simple"},"_links":{"self":[{"href":"https:\/\/dibosch.com\/es\/wp-json\/wp\/v2\/product\/13625","targetHints":{"allow":["GET"]}}],"collection":[{"href":"https:\/\/dibosch.com\/es\/wp-json\/wp\/v2\/product"}],"about":[{"href":"https:\/\/dibosch.com\/es\/wp-json\/wp\/v2\/types\/product"}],"replies":[{"embeddable":true,"href":"https:\/\/dibosch.com\/es\/wp-json\/wp\/v2\/comments?post=13625"}],"wp:featuredmedia":[{"embeddable":true,"href":"https:\/\/dibosch.com\/es\/wp-json\/wp\/v2\/media\/24806"}],"wp:attachment":[{"href":"https:\/\/dibosch.com\/es\/wp-json\/wp\/v2\/media?parent=13625"}],"wp:term":[{"taxonomy":"product_brand","embeddable":true,"href":"https:\/\/dibosch.com\/es\/wp-json\/wp\/v2\/product_brand?post=13625"},{"taxonomy":"product_cat","embeddable":true,"href":"https:\/\/dibosch.com\/es\/wp-json\/wp\/v2\/product_cat?post=13625"},{"taxonomy":"product_tag","embeddable":true,"href":"https:\/\/dibosch.com\/es\/wp-json\/wp\/v2\/product_tag?post=13625"},{"taxonomy":"marcas","embeddable":true,"href":"https:\/\/dibosch.com\/es\/wp-json\/wp\/v2\/marcas?post=13625"},{"taxonomy":"certificats","embeddable":true,"href":"https:\/\/dibosch.com\/es\/wp-json\/wp\/v2\/certificats?post=13625"},{"taxonomy":"caracteristiques","embeddable":true,"href":"https:\/\/dibosch.com\/es\/wp-json\/wp\/v2\/caracteristiques?post=13625"},{"taxonomy":"tipus-productes","embeddable":true,"href":"https:\/\/dibosch.com\/es\/wp-json\/wp\/v2\/tipus-productes?post=13625"},{"taxonomy":"zona-aplicacio","embeddable":true,"href":"https:\/\/dibosch.com\/es\/wp-json\/wp\/v2\/zona-aplicacio?post=13625"},{"taxonomy":"tipus-maquinaria","embeddable":true,"href":"https:\/\/dibosch.com\/es\/wp-json\/wp\/v2\/tipus-maquinaria?post=13625"}],"curies":[{"name":"wp","href":"https:\/\/api.w.org\/{rel}","templated":true}]}}