{"id":13642,"date":"2022-12-07T11:07:16","date_gmt":"2022-12-07T11:07:16","guid":{"rendered":"https:\/\/www.dibosch.com\/producto\/fd-divosan-qc-bp20\/"},"modified":"2023-07-04T10:59:55","modified_gmt":"2023-07-04T10:59:55","slug":"fd-divosan-qc-bp20","status":"publish","type":"product","link":"https:\/\/dibosch.com\/es\/producto\/fd-divosan-qc-bp20\/","title":{"rendered":"FD- DIVOSAN QC BP20 &#8211; DIVERSEY"},"content":{"rendered":"<p><strong>Caracter\u00edsticas del producto:<\/strong><\/p>\n<p>Divosan QC es un desinfectante terminal especialmente formulado para aplicaciones en superficies externas en industrias de alimentaci\u00f3n, bebida y l\u00e1cteas.<\/p>\n<p>Desinfectante de uso general basado en amonios cuaternarios (QAC). Proporciona una excelente actividad desinfectante contra la mayor\u00eda de las formas vegetativas de microorganismos incluyendo bacterias Gram-positiva y Gram-negativa y levaduras.<\/p>\n<p>&nbsp;<\/p>\n<p><strong>Manual de uso:<\/strong><\/p>\n<p>Usar Divosan QC a concentraciones entre 1 &#8211; 2% v\/v dependiendo de la aplicaci\u00f3n y problem\u00e1tica. Aclarar a fondo tras su uso. Evitar inhalar los aerosoles en las aplicaciones por pulverizaci\u00f3n. Para desinfecci\u00f3n a\u00e9rea no aplicar en presencia de personal y guardar los plazos de seguridad indicados.<\/p>\n<p>Usar mascarilla adecuada. Para m\u00e1s detalles, consultar el Plan de Higiene.<\/p>\n<p>&nbsp;<\/p>\n<p><strong>Indicado para:<\/strong><\/p>\n<p>Est\u00e1 recomendado para la aplicaci\u00f3n en todas las plantas con superficies externas. Debe aplicarse despu\u00e9s de que las superficies se hayan limpiado a fondo y aclarado. Puede usarse para la desinfecci\u00f3n de suelos, paredes, utensilios, y equipos de preparaci\u00f3n de alimentos y es adecuado para uso en procesadores de carne y pollo, snacks, l\u00e1cteas, plantas cerveceras y en la mayor\u00eda de operaciones de procesado de alimentos.<\/p>\n","protected":false},"excerpt":{"rendered":"<p>Desinfectante con base amonios cuaternarios.<\/p>\n","protected":false},"featured_media":21348,"comment_status":"closed","ping_status":"closed","template":"","meta":[],"product_brand":[],"product_cat":[768,715,689],"product_tag":[],"marcas":[],"certificats":[933,934,932],"caracteristiques":[],"tipus-productes":[],"zona-aplicacio":[],"tipus-maquinaria":[],"class_list":{"0":"post-13642","1":"product","2":"type-product","3":"status-publish","4":"has-post-thumbnail","6":"product_cat-desinfectantes","7":"product_cat-especificos-para-industria-alimentaria","8":"product_cat-productos-de-limpieza","9":"certificats-bactericida-es","10":"certificats-fungicida-es","11":"certificats-ha-es","13":"first","14":"instock","15":"product-type-simple"},"_links":{"self":[{"href":"https:\/\/dibosch.com\/es\/wp-json\/wp\/v2\/product\/13642","targetHints":{"allow":["GET"]}}],"collection":[{"href":"https:\/\/dibosch.com\/es\/wp-json\/wp\/v2\/product"}],"about":[{"href":"https:\/\/dibosch.com\/es\/wp-json\/wp\/v2\/types\/product"}],"replies":[{"embeddable":true,"href":"https:\/\/dibosch.com\/es\/wp-json\/wp\/v2\/comments?post=13642"}],"wp:featuredmedia":[{"embeddable":true,"href":"https:\/\/dibosch.com\/es\/wp-json\/wp\/v2\/media\/21348"}],"wp:attachment":[{"href":"https:\/\/dibosch.com\/es\/wp-json\/wp\/v2\/media?parent=13642"}],"wp:term":[{"taxonomy":"product_brand","embeddable":true,"href":"https:\/\/dibosch.com\/es\/wp-json\/wp\/v2\/product_brand?post=13642"},{"taxonomy":"product_cat","embeddable":true,"href":"https:\/\/dibosch.com\/es\/wp-json\/wp\/v2\/product_cat?post=13642"},{"taxonomy":"product_tag","embeddable":true,"href":"https:\/\/dibosch.com\/es\/wp-json\/wp\/v2\/product_tag?post=13642"},{"taxonomy":"marcas","embeddable":true,"href":"https:\/\/dibosch.com\/es\/wp-json\/wp\/v2\/marcas?post=13642"},{"taxonomy":"certificats","embeddable":true,"href":"https:\/\/dibosch.com\/es\/wp-json\/wp\/v2\/certificats?post=13642"},{"taxonomy":"caracteristiques","embeddable":true,"href":"https:\/\/dibosch.com\/es\/wp-json\/wp\/v2\/caracteristiques?post=13642"},{"taxonomy":"tipus-productes","embeddable":true,"href":"https:\/\/dibosch.com\/es\/wp-json\/wp\/v2\/tipus-productes?post=13642"},{"taxonomy":"zona-aplicacio","embeddable":true,"href":"https:\/\/dibosch.com\/es\/wp-json\/wp\/v2\/zona-aplicacio?post=13642"},{"taxonomy":"tipus-maquinaria","embeddable":true,"href":"https:\/\/dibosch.com\/es\/wp-json\/wp\/v2\/tipus-maquinaria?post=13642"}],"curies":[{"name":"wp","href":"https:\/\/api.w.org\/{rel}","templated":true}]}}