{"id":13652,"date":"2022-12-07T11:16:40","date_gmt":"2022-12-07T11:16:40","guid":{"rendered":"https:\/\/www.dibosch.com\/producto\/bobi-disp-plastico-dibpaper\/"},"modified":"2025-09-24T06:38:15","modified_gmt":"2025-09-24T06:38:15","slug":"bobi-disp-plastic-dibpaper","status":"publish","type":"product","link":"https:\/\/dibosch.com\/es\/producto\/bobi-disp-plastic-dibpaper\/","title":{"rendered":"BOBI DISP PLASTICO DIBPAPER"},"content":{"rendered":"<p class=\"\" data-start=\"0\" data-end=\"145\">Dispensador de papel mecha \/ <em data-start=\"29\" data-end=\"58\">center feed paper dispenser<\/em> dise\u00f1ado para ofrecer una dosificaci\u00f3n pr\u00e1ctica y eficiente en entornos profesionales.<\/p>\n<p class=\"\" data-start=\"147\" data-end=\"456\"><strong data-start=\"147\" data-end=\"184\">Fabricado con 100 % ABS reciclado<\/strong><br data-start=\"184\" data-end=\"187\" \/>Este producto est\u00e1 elaborado \u00edntegramente con ABS reciclado, un material pl\u00e1stico resistente y duradero que proviene de fuentes reutilizadas. Esto contribuye a la reducci\u00f3n de residuos y fomenta un modelo de producci\u00f3n m\u00e1s sostenible y respetuoso con el medio ambiente.<\/p>\n","protected":false},"excerpt":{"rendered":"<p>Dispensador de pl\u00e1stico para bobinas secamanos.<\/p>\n","protected":false},"featured_media":33542,"comment_status":"closed","ping_status":"closed","template":"","meta":[],"product_brand":[],"product_cat":[787,687],"product_tag":[],"marcas":[925],"certificats":[],"caracteristiques":[],"tipus-productes":[],"zona-aplicacio":[945,944,949,955],"tipus-maquinaria":[],"class_list":{"0":"post-13652","1":"product","2":"type-product","3":"status-publish","4":"has-post-thumbnail","6":"product_cat-dispensadores-de-bobinas","7":"product_cat-equipamientos","8":"marcas-sebo-es","9":"zona-aplicacio-zona-bano","10":"zona-aplicacio-zona-cocina","11":"zona-aplicacio-zona-produccion-y-talleres","12":"zona-aplicacio-zona-sanitaria","14":"first","15":"instock","16":"product-type-simple"},"_links":{"self":[{"href":"https:\/\/dibosch.com\/es\/wp-json\/wp\/v2\/product\/13652","targetHints":{"allow":["GET"]}}],"collection":[{"href":"https:\/\/dibosch.com\/es\/wp-json\/wp\/v2\/product"}],"about":[{"href":"https:\/\/dibosch.com\/es\/wp-json\/wp\/v2\/types\/product"}],"replies":[{"embeddable":true,"href":"https:\/\/dibosch.com\/es\/wp-json\/wp\/v2\/comments?post=13652"}],"wp:featuredmedia":[{"embeddable":true,"href":"https:\/\/dibosch.com\/es\/wp-json\/wp\/v2\/media\/33542"}],"wp:attachment":[{"href":"https:\/\/dibosch.com\/es\/wp-json\/wp\/v2\/media?parent=13652"}],"wp:term":[{"taxonomy":"product_brand","embeddable":true,"href":"https:\/\/dibosch.com\/es\/wp-json\/wp\/v2\/product_brand?post=13652"},{"taxonomy":"product_cat","embeddable":true,"href":"https:\/\/dibosch.com\/es\/wp-json\/wp\/v2\/product_cat?post=13652"},{"taxonomy":"product_tag","embeddable":true,"href":"https:\/\/dibosch.com\/es\/wp-json\/wp\/v2\/product_tag?post=13652"},{"taxonomy":"marcas","embeddable":true,"href":"https:\/\/dibosch.com\/es\/wp-json\/wp\/v2\/marcas?post=13652"},{"taxonomy":"certificats","embeddable":true,"href":"https:\/\/dibosch.com\/es\/wp-json\/wp\/v2\/certificats?post=13652"},{"taxonomy":"caracteristiques","embeddable":true,"href":"https:\/\/dibosch.com\/es\/wp-json\/wp\/v2\/caracteristiques?post=13652"},{"taxonomy":"tipus-productes","embeddable":true,"href":"https:\/\/dibosch.com\/es\/wp-json\/wp\/v2\/tipus-productes?post=13652"},{"taxonomy":"zona-aplicacio","embeddable":true,"href":"https:\/\/dibosch.com\/es\/wp-json\/wp\/v2\/zona-aplicacio?post=13652"},{"taxonomy":"tipus-maquinaria","embeddable":true,"href":"https:\/\/dibosch.com\/es\/wp-json\/wp\/v2\/tipus-maquinaria?post=13652"}],"curies":[{"name":"wp","href":"https:\/\/api.w.org\/{rel}","templated":true}]}}