{"id":13686,"date":"2022-12-07T11:16:27","date_gmt":"2022-12-07T11:16:27","guid":{"rendered":"https:\/\/www.dibosch.com\/producto\/m-rotativa-tf33\/"},"modified":"2023-03-10T15:21:51","modified_gmt":"2023-03-10T15:21:51","slug":"m-rotativa-tf33","status":"publish","type":"product","link":"https:\/\/dibosch.com\/es\/producto\/m-rotativa-tf33\/","title":{"rendered":"M- ROTATIVA TF33 &#8211; TMB"},"content":{"rendered":"<p>Lijadora rotativa ideal para la limpieza profunda y el mantenimiento en espacios estrechos, como por ejemplo escalas.<\/p>\n<p>Se puede utilizar con un cepillo y un dep\u00f3sito o con un apoyo de disco.<\/p>\n<p>Una lavadora rotativa de 13 pulgadas extremadamente ergon\u00f3mica y f\u00e1cil de utilizar .<\/p>\n","protected":false},"excerpt":{"rendered":"<p>Lijadora rotativa ideal para la limpieza profunda y el mantenimiento en espacios estrechos, como por ejemplo escalas. Se puede utilizar con un cepillo y un dep\u00f3sito o con un apoyo de disco. Una lavadora rotativa de 13 pulgadas extremadamente ergon\u00f3mica y f\u00e1cil de utilizar .<\/p>\n","protected":false},"featured_media":24800,"comment_status":"closed","ping_status":"closed","template":"","meta":[],"product_brand":[],"product_cat":[577,778],"product_tag":[],"marcas":[],"certificats":[],"caracteristiques":[],"tipus-productes":[],"zona-aplicacio":[],"tipus-maquinaria":[],"class_list":{"0":"post-13686","1":"product","2":"type-product","3":"status-publish","4":"has-post-thumbnail","6":"product_cat-maquinas","7":"product_cat-rotativas","9":"first","10":"instock","11":"product-type-simple"},"_links":{"self":[{"href":"https:\/\/dibosch.com\/es\/wp-json\/wp\/v2\/product\/13686","targetHints":{"allow":["GET"]}}],"collection":[{"href":"https:\/\/dibosch.com\/es\/wp-json\/wp\/v2\/product"}],"about":[{"href":"https:\/\/dibosch.com\/es\/wp-json\/wp\/v2\/types\/product"}],"replies":[{"embeddable":true,"href":"https:\/\/dibosch.com\/es\/wp-json\/wp\/v2\/comments?post=13686"}],"wp:featuredmedia":[{"embeddable":true,"href":"https:\/\/dibosch.com\/es\/wp-json\/wp\/v2\/media\/24800"}],"wp:attachment":[{"href":"https:\/\/dibosch.com\/es\/wp-json\/wp\/v2\/media?parent=13686"}],"wp:term":[{"taxonomy":"product_brand","embeddable":true,"href":"https:\/\/dibosch.com\/es\/wp-json\/wp\/v2\/product_brand?post=13686"},{"taxonomy":"product_cat","embeddable":true,"href":"https:\/\/dibosch.com\/es\/wp-json\/wp\/v2\/product_cat?post=13686"},{"taxonomy":"product_tag","embeddable":true,"href":"https:\/\/dibosch.com\/es\/wp-json\/wp\/v2\/product_tag?post=13686"},{"taxonomy":"marcas","embeddable":true,"href":"https:\/\/dibosch.com\/es\/wp-json\/wp\/v2\/marcas?post=13686"},{"taxonomy":"certificats","embeddable":true,"href":"https:\/\/dibosch.com\/es\/wp-json\/wp\/v2\/certificats?post=13686"},{"taxonomy":"caracteristiques","embeddable":true,"href":"https:\/\/dibosch.com\/es\/wp-json\/wp\/v2\/caracteristiques?post=13686"},{"taxonomy":"tipus-productes","embeddable":true,"href":"https:\/\/dibosch.com\/es\/wp-json\/wp\/v2\/tipus-productes?post=13686"},{"taxonomy":"zona-aplicacio","embeddable":true,"href":"https:\/\/dibosch.com\/es\/wp-json\/wp\/v2\/zona-aplicacio?post=13686"},{"taxonomy":"tipus-maquinaria","embeddable":true,"href":"https:\/\/dibosch.com\/es\/wp-json\/wp\/v2\/tipus-maquinaria?post=13686"}],"curies":[{"name":"wp","href":"https:\/\/api.w.org\/{rel}","templated":true}]}}