{"id":13697,"date":"2022-12-07T11:16:27","date_gmt":"2022-12-07T11:16:27","guid":{"rendered":"https:\/\/www.dibosch.com\/producto\/papelera-145-l-ref-pp1214c\/"},"modified":"2023-08-18T11:52:35","modified_gmt":"2023-08-18T11:52:35","slug":"papelera-145-l-ref-pp1214c","status":"publish","type":"product","link":"https:\/\/dibosch.com\/es\/producto\/papelera-145-l-ref-pp1214c\/","title":{"rendered":"PAPELERA 14,5 L. REF PP1214C &#8211; MEDICLINICS"},"content":{"rendered":"<p><strong>Caracter\u00edsticas del producto:<\/strong><\/p>\n<p>Cubos sanitarios cuadrados para interior, de 12 L de capacidad, accionados mediante pedal, para apoyarse directamente en el suelo.<\/p>\n<p>Adecuados para lavabos de frecuencia de uso alta. Modelos aptos para colectividades.<\/p>\n<p>Provistos de un sistema de cierre suave que hace que la tapa se cierre suave y silenciosamente.<\/p>\n<p>Cierre a prueba de olores.<\/p>\n<p>Funcionamiento del pedal muy ligero.<\/p>\n<p>Disponen de un asa en la parte trasera para poder mover el cubo c\u00f3modamente.<\/p>\n<p>Muy f\u00e1ciles de vaciar y limpiar gracias a su cubo interior de pl\u00e1stico extra\u00edble.<\/p>\n","protected":false},"excerpt":{"rendered":"<p>Cubo sanitario cuadrado para interior, accionado mediante pedal, fabricado con acero noble, acabado brillante<\/p>\n","protected":false},"featured_media":23036,"comment_status":"closed","ping_status":"closed","template":"","meta":[],"product_brand":[],"product_cat":[723,724,684],"product_tag":[],"marcas":[],"certificats":[],"caracteristiques":[],"tipus-productes":[],"zona-aplicacio":[],"tipus-maquinaria":[],"class_list":{"0":"post-13697","1":"product","2":"type-product","3":"status-publish","4":"has-post-thumbnail","6":"product_cat-gestion-de-residuos","7":"product_cat-papeleras-50","8":"product_cat-utiles-de-limpieza","10":"first","11":"instock","12":"product-type-simple"},"_links":{"self":[{"href":"https:\/\/dibosch.com\/es\/wp-json\/wp\/v2\/product\/13697","targetHints":{"allow":["GET"]}}],"collection":[{"href":"https:\/\/dibosch.com\/es\/wp-json\/wp\/v2\/product"}],"about":[{"href":"https:\/\/dibosch.com\/es\/wp-json\/wp\/v2\/types\/product"}],"replies":[{"embeddable":true,"href":"https:\/\/dibosch.com\/es\/wp-json\/wp\/v2\/comments?post=13697"}],"wp:featuredmedia":[{"embeddable":true,"href":"https:\/\/dibosch.com\/es\/wp-json\/wp\/v2\/media\/23036"}],"wp:attachment":[{"href":"https:\/\/dibosch.com\/es\/wp-json\/wp\/v2\/media?parent=13697"}],"wp:term":[{"taxonomy":"product_brand","embeddable":true,"href":"https:\/\/dibosch.com\/es\/wp-json\/wp\/v2\/product_brand?post=13697"},{"taxonomy":"product_cat","embeddable":true,"href":"https:\/\/dibosch.com\/es\/wp-json\/wp\/v2\/product_cat?post=13697"},{"taxonomy":"product_tag","embeddable":true,"href":"https:\/\/dibosch.com\/es\/wp-json\/wp\/v2\/product_tag?post=13697"},{"taxonomy":"marcas","embeddable":true,"href":"https:\/\/dibosch.com\/es\/wp-json\/wp\/v2\/marcas?post=13697"},{"taxonomy":"certificats","embeddable":true,"href":"https:\/\/dibosch.com\/es\/wp-json\/wp\/v2\/certificats?post=13697"},{"taxonomy":"caracteristiques","embeddable":true,"href":"https:\/\/dibosch.com\/es\/wp-json\/wp\/v2\/caracteristiques?post=13697"},{"taxonomy":"tipus-productes","embeddable":true,"href":"https:\/\/dibosch.com\/es\/wp-json\/wp\/v2\/tipus-productes?post=13697"},{"taxonomy":"zona-aplicacio","embeddable":true,"href":"https:\/\/dibosch.com\/es\/wp-json\/wp\/v2\/zona-aplicacio?post=13697"},{"taxonomy":"tipus-maquinaria","embeddable":true,"href":"https:\/\/dibosch.com\/es\/wp-json\/wp\/v2\/tipus-maquinaria?post=13697"}],"curies":[{"name":"wp","href":"https:\/\/api.w.org\/{rel}","templated":true}]}}