{"id":13700,"date":"2022-12-07T11:15:56","date_gmt":"2022-12-07T11:15:56","guid":{"rendered":"https:\/\/www.dibosch.com\/producto\/easymix-dilutor-16-lt-min-deposito\/"},"modified":"2022-12-07T11:15:56","modified_gmt":"2022-12-07T11:15:56","slug":"easymix-dilutor-16-lt-min-deposito","status":"publish","type":"product","link":"https:\/\/dibosch.com\/es\/producto\/easymix-dilutor-16-lt-min-deposito\/","title":{"rendered":"EASYMIX DILUTOR 16 lt\/min (DEP\u00d3SITO)"},"content":{"rendered":"<p>Estaci\u00f3n de diluci\u00f3n \u2013 Caudal 16 l\/min. Sistema exclusivo de SUCITESA.Dosificaci\u00f3n precisa y segura.Se obtiene la diluci\u00f3n lista para el uso.Especial para llenar cubos, dep\u00f3sitos y fregaderos.Conexi\u00f3n a la red de agua.Mediante filtros calibrados.Gran resistencia qu\u00edmica.Garantiza un m\u00e1ximo ahorro y rendimiento. Siga las instrucciones suministradas con el equipo.Coloque el chicle adecuado seg\u00fan la diluci\u00f3n y los productos deseados.Coloque la bolsa del producto hasta o\u00edr clic.Accione la palanca.Rellene el Dep\u00f3sito o fregadero.<\/p>\n","protected":false},"excerpt":{"rendered":"<p>Estaci\u00f3n de diluci\u00f3n \u2013 Caudal 16 l\/min. Sistema exclusivo de SUCITESA.Dosificaci\u00f3n precisa y segura.Se obtiene la diluci\u00f3n lista para el uso.Especial para llenar cubos, dep\u00f3sitos y fregaderos.Conexi\u00f3n a la red de agua.Mediante filtros calibrados.Gran resistencia qu\u00edmica.Garantiza un m\u00e1ximo ahorro y rendimiento. Siga las instrucciones suministradas con el equipo.Coloque el chicle adecuado seg\u00fan la diluci\u00f3n y [&hellip;]<\/p>\n","protected":false},"featured_media":10396,"comment_status":"closed","ping_status":"open","template":"","meta":[],"product_brand":[],"product_cat":[784,687],"product_tag":[],"marcas":[922],"certificats":[],"caracteristiques":[],"tipus-productes":[],"zona-aplicacio":[],"tipus-maquinaria":[],"class_list":{"0":"post-13700","1":"product","2":"type-product","3":"status-publish","4":"has-post-thumbnail","6":"product_cat-dilutores-y-kits","7":"product_cat-equipamientos","8":"marcas-sucitesa-es","10":"first","11":"instock","12":"product-type-simple"},"_links":{"self":[{"href":"https:\/\/dibosch.com\/es\/wp-json\/wp\/v2\/product\/13700","targetHints":{"allow":["GET"]}}],"collection":[{"href":"https:\/\/dibosch.com\/es\/wp-json\/wp\/v2\/product"}],"about":[{"href":"https:\/\/dibosch.com\/es\/wp-json\/wp\/v2\/types\/product"}],"replies":[{"embeddable":true,"href":"https:\/\/dibosch.com\/es\/wp-json\/wp\/v2\/comments?post=13700"}],"wp:featuredmedia":[{"embeddable":true,"href":"https:\/\/dibosch.com\/es\/wp-json\/wp\/v2\/media\/10396"}],"wp:attachment":[{"href":"https:\/\/dibosch.com\/es\/wp-json\/wp\/v2\/media?parent=13700"}],"wp:term":[{"taxonomy":"product_brand","embeddable":true,"href":"https:\/\/dibosch.com\/es\/wp-json\/wp\/v2\/product_brand?post=13700"},{"taxonomy":"product_cat","embeddable":true,"href":"https:\/\/dibosch.com\/es\/wp-json\/wp\/v2\/product_cat?post=13700"},{"taxonomy":"product_tag","embeddable":true,"href":"https:\/\/dibosch.com\/es\/wp-json\/wp\/v2\/product_tag?post=13700"},{"taxonomy":"marcas","embeddable":true,"href":"https:\/\/dibosch.com\/es\/wp-json\/wp\/v2\/marcas?post=13700"},{"taxonomy":"certificats","embeddable":true,"href":"https:\/\/dibosch.com\/es\/wp-json\/wp\/v2\/certificats?post=13700"},{"taxonomy":"caracteristiques","embeddable":true,"href":"https:\/\/dibosch.com\/es\/wp-json\/wp\/v2\/caracteristiques?post=13700"},{"taxonomy":"tipus-productes","embeddable":true,"href":"https:\/\/dibosch.com\/es\/wp-json\/wp\/v2\/tipus-productes?post=13700"},{"taxonomy":"zona-aplicacio","embeddable":true,"href":"https:\/\/dibosch.com\/es\/wp-json\/wp\/v2\/zona-aplicacio?post=13700"},{"taxonomy":"tipus-maquinaria","embeddable":true,"href":"https:\/\/dibosch.com\/es\/wp-json\/wp\/v2\/tipus-maquinaria?post=13700"}],"curies":[{"name":"wp","href":"https:\/\/api.w.org\/{rel}","templated":true}]}}