{"id":13713,"date":"2022-12-07T11:16:56","date_gmt":"2022-12-07T11:16:56","guid":{"rendered":"https:\/\/www.dibosch.com\/producto\/fd-divosan-activ-bp20\/"},"modified":"2025-09-24T07:42:41","modified_gmt":"2025-09-24T07:42:41","slug":"fd-divosan-activ-bp20","status":"publish","type":"product","link":"https:\/\/dibosch.com\/es\/producto\/fd-divosan-activ-bp20\/","title":{"rendered":"FD- DIVOSAN ACTIV BP20 &#8211; DIVERSEY"},"content":{"rendered":"<p><strong>Caracter\u00edsticas del producto:<\/strong><\/p>\n<p>Divosan Activ es un desinfectante oxidante altamente efectivo basado en \u00e1cido perac\u00e9tico para utilizar en industrias de alimentaci\u00f3n, bebidas, l\u00e1cteas e industria textil.<\/p>\n<p>Es una soluci\u00f3n estabilizada de \u00e1cido perac\u00e9tico (5%), no espumante y de f\u00e1cil y seguro aclarado. Desinfectante altamente efectivo contra todo tipo de microorganismos incluyendo bacterias, levaduras, hongos, esporas y virus<\/p>\n<p>Esta\u00b7 especialmente formulado como un desinfectante terminal para aplicar en sistemas CIP. Tambi\u00e9n es un excelente desodorizante con propiedades para la eliminaci\u00f3n de manchas.<\/p>\n<p>&nbsp;<\/p>\n<p><strong>Manual de uso:<\/strong><\/p>\n<p>Utilizar Divosan Activ a concentraciones entre 0,1-6% p\/p (0,09\u00f15,4% v\/v) dependiendo de la aplicaci\u00f3n. Enjuagar a fondo despu\u00e9s de su uso. Para mas detalles, consultar el Plan de Higiene<\/p>\n","protected":false},"excerpt":{"rendered":"<p>Desinfectante con \u00e1cido perac\u00e9tico.<\/p>\n","protected":false},"featured_media":21331,"comment_status":"closed","ping_status":"closed","template":"","meta":[],"product_brand":[],"product_cat":[768,715,689],"product_tag":[],"marcas":[],"certificats":[933,934,932,935],"caracteristiques":[],"tipus-productes":[],"zona-aplicacio":[],"tipus-maquinaria":[],"class_list":{"0":"post-13713","1":"product","2":"type-product","3":"status-publish","4":"has-post-thumbnail","6":"product_cat-desinfectantes","7":"product_cat-especificos-para-industria-alimentaria","8":"product_cat-productos-de-limpieza","9":"certificats-bactericida-es","10":"certificats-fungicida-es","11":"certificats-ha-es","12":"certificats-viricida-es","14":"first","15":"instock","16":"product-type-simple"},"_links":{"self":[{"href":"https:\/\/dibosch.com\/es\/wp-json\/wp\/v2\/product\/13713","targetHints":{"allow":["GET"]}}],"collection":[{"href":"https:\/\/dibosch.com\/es\/wp-json\/wp\/v2\/product"}],"about":[{"href":"https:\/\/dibosch.com\/es\/wp-json\/wp\/v2\/types\/product"}],"replies":[{"embeddable":true,"href":"https:\/\/dibosch.com\/es\/wp-json\/wp\/v2\/comments?post=13713"}],"wp:featuredmedia":[{"embeddable":true,"href":"https:\/\/dibosch.com\/es\/wp-json\/wp\/v2\/media\/21331"}],"wp:attachment":[{"href":"https:\/\/dibosch.com\/es\/wp-json\/wp\/v2\/media?parent=13713"}],"wp:term":[{"taxonomy":"product_brand","embeddable":true,"href":"https:\/\/dibosch.com\/es\/wp-json\/wp\/v2\/product_brand?post=13713"},{"taxonomy":"product_cat","embeddable":true,"href":"https:\/\/dibosch.com\/es\/wp-json\/wp\/v2\/product_cat?post=13713"},{"taxonomy":"product_tag","embeddable":true,"href":"https:\/\/dibosch.com\/es\/wp-json\/wp\/v2\/product_tag?post=13713"},{"taxonomy":"marcas","embeddable":true,"href":"https:\/\/dibosch.com\/es\/wp-json\/wp\/v2\/marcas?post=13713"},{"taxonomy":"certificats","embeddable":true,"href":"https:\/\/dibosch.com\/es\/wp-json\/wp\/v2\/certificats?post=13713"},{"taxonomy":"caracteristiques","embeddable":true,"href":"https:\/\/dibosch.com\/es\/wp-json\/wp\/v2\/caracteristiques?post=13713"},{"taxonomy":"tipus-productes","embeddable":true,"href":"https:\/\/dibosch.com\/es\/wp-json\/wp\/v2\/tipus-productes?post=13713"},{"taxonomy":"zona-aplicacio","embeddable":true,"href":"https:\/\/dibosch.com\/es\/wp-json\/wp\/v2\/zona-aplicacio?post=13713"},{"taxonomy":"tipus-maquinaria","embeddable":true,"href":"https:\/\/dibosch.com\/es\/wp-json\/wp\/v2\/tipus-maquinaria?post=13713"}],"curies":[{"name":"wp","href":"https:\/\/api.w.org\/{rel}","templated":true}]}}