{"id":13715,"date":"2022-12-07T11:18:10","date_gmt":"2022-12-07T11:18:10","guid":{"rendered":"https:\/\/www.dibosch.com\/producto\/m-rplate-bp5\/"},"modified":"2023-06-28T06:49:18","modified_gmt":"2023-06-28T06:49:18","slug":"m-rplate-bp5","status":"publish","type":"product","link":"https:\/\/dibosch.com\/es\/producto\/m-rplate-bp5\/","title":{"rendered":"RPLATE BP5 &#8211; BONASTRE SYSTEM"},"content":{"rendered":"<p><strong>Caracter\u00edsticas del producto:<\/strong><\/p>\n<p>Retroplate System\u2122, es el sistema m\u00e1s actual y econ\u00f3mico de tratamiento de superficies de hormig\u00f3n y de bases cementosas.<\/p>\n<p>Es un suelo ecol\u00f3gico, que endurece y sella el pavimento, con productos qu\u00edmicos respetuosos con el medioambiente, no emite sustancias da\u00f1inas y, adem\u00e1s, cumple con las normativas que regulan la materia sanitaria y de alimentaci\u00f3n.<\/p>\n<p>El sistema de pulido de hormig\u00f3n tiene menos costes que otros sistemas de recubrimentos de soleras o soluciones en pavimentos. Aunque, no es aqu\u00ed d\u00f3nde termina el ahorro, realmente esto es solo el comienzo. Los Revestimientos en las soleras de hormig\u00f3n potencialmente pueden fallar debido a la humedad (eflorescencias), grietas, decoloraci\u00f3n, manchas, color amarillento y desgaste. El verdadero valor de un piso de hormig\u00f3n pulido se mide por su durabilidad, belleza y el ahorro en mantenimientos.<\/p>\n<p>Hormig\u00f3n pulido es una soluci\u00f3n con resultados duraderos y permanentes, que no necesitan costosos mantenimientos porque no hay ning\u00fan revestimientos que haya que decapar o sustituir.<\/p>\n<p>&nbsp;<\/p>\n<p><strong>Indicado para:<\/strong><\/p>\n<p>Aplicable a materiales duraderos, como el hormig\u00f3n, permite ofrecer suelos personalizados, seg\u00fan las exigencias del cliente m\u00e1s riguroso. Es una verdadera alternativa a los tradicionales materiales empleados hasta la fecha.<\/p>\n","protected":false},"excerpt":{"rendered":"<p>Caracter\u00edsticas del producto: Retroplate System\u2122, es el sistema m\u00e1s actual y econ\u00f3mico de tratamiento de superficies de hormig\u00f3n y de bases cementosas. Es un suelo ecol\u00f3gico, que endurece y sella el pavimento, con productos qu\u00edmicos respetuosos con el medioambiente, no emite sustancias da\u00f1inas y, adem\u00e1s, cumple con las normativas que regulan la materia sanitaria y [&hellip;]<\/p>\n","protected":false},"featured_media":18282,"comment_status":"closed","ping_status":"closed","template":"","meta":[],"product_brand":[],"product_cat":[689,765,792],"product_tag":[],"marcas":[],"certificats":[],"caracteristiques":[],"tipus-productes":[],"zona-aplicacio":[],"tipus-maquinaria":[],"class_list":{"0":"post-13715","1":"product","2":"type-product","3":"status-publish","4":"has-post-thumbnail","6":"product_cat-productos-de-limpieza","7":"product_cat-quimicos-maquinaria","8":"product_cat-tratamiento-de-tierras","10":"first","11":"instock","12":"product-type-simple"},"_links":{"self":[{"href":"https:\/\/dibosch.com\/es\/wp-json\/wp\/v2\/product\/13715","targetHints":{"allow":["GET"]}}],"collection":[{"href":"https:\/\/dibosch.com\/es\/wp-json\/wp\/v2\/product"}],"about":[{"href":"https:\/\/dibosch.com\/es\/wp-json\/wp\/v2\/types\/product"}],"replies":[{"embeddable":true,"href":"https:\/\/dibosch.com\/es\/wp-json\/wp\/v2\/comments?post=13715"}],"wp:featuredmedia":[{"embeddable":true,"href":"https:\/\/dibosch.com\/es\/wp-json\/wp\/v2\/media\/18282"}],"wp:attachment":[{"href":"https:\/\/dibosch.com\/es\/wp-json\/wp\/v2\/media?parent=13715"}],"wp:term":[{"taxonomy":"product_brand","embeddable":true,"href":"https:\/\/dibosch.com\/es\/wp-json\/wp\/v2\/product_brand?post=13715"},{"taxonomy":"product_cat","embeddable":true,"href":"https:\/\/dibosch.com\/es\/wp-json\/wp\/v2\/product_cat?post=13715"},{"taxonomy":"product_tag","embeddable":true,"href":"https:\/\/dibosch.com\/es\/wp-json\/wp\/v2\/product_tag?post=13715"},{"taxonomy":"marcas","embeddable":true,"href":"https:\/\/dibosch.com\/es\/wp-json\/wp\/v2\/marcas?post=13715"},{"taxonomy":"certificats","embeddable":true,"href":"https:\/\/dibosch.com\/es\/wp-json\/wp\/v2\/certificats?post=13715"},{"taxonomy":"caracteristiques","embeddable":true,"href":"https:\/\/dibosch.com\/es\/wp-json\/wp\/v2\/caracteristiques?post=13715"},{"taxonomy":"tipus-productes","embeddable":true,"href":"https:\/\/dibosch.com\/es\/wp-json\/wp\/v2\/tipus-productes?post=13715"},{"taxonomy":"zona-aplicacio","embeddable":true,"href":"https:\/\/dibosch.com\/es\/wp-json\/wp\/v2\/zona-aplicacio?post=13715"},{"taxonomy":"tipus-maquinaria","embeddable":true,"href":"https:\/\/dibosch.com\/es\/wp-json\/wp\/v2\/tipus-maquinaria?post=13715"}],"curies":[{"name":"wp","href":"https:\/\/api.w.org\/{rel}","templated":true}]}}