{"id":13719,"date":"2022-12-07T11:17:56","date_gmt":"2022-12-07T11:17:56","guid":{"rendered":"https:\/\/www.dibosch.com\/producto\/ambigen-limon-bp5\/"},"modified":"2023-06-26T12:02:45","modified_gmt":"2023-06-26T12:02:45","slug":"ambigen-limon-bp5","status":"publish","type":"product","link":"https:\/\/dibosch.com\/es\/producto\/ambigen-limon-bp5\/","title":{"rendered":"AMBIGEN LIM\u00d3N BP5 &#8211; SUCITESA"},"content":{"rendered":"<p><strong>Caracter\u00edsticas del producto:<\/strong><\/p>\n<p>Mejora el ambiente y la calidad del aire. Perfume agradable y duradero. Neutraliza olores desagradables sin enmascararlos.<br \/>\nIncorpora la Tecnolog\u00eda DEODOR. Crea una atm\u00f3sfera confortable que proporciona bienestar. Acci\u00f3n inmediata y prolongada.<\/p>\n<p>&nbsp;<\/p>\n<p><strong>Modo de empleo:<\/strong><\/p>\n<ul>\n<li>USO MANUAL. Rellenar la botella pulverizadora. Pulverizar hacia arriba, en todas direcciones. Climatizadores: Pulverizar la rejilla de salida de aire.<\/li>\n<li>USO AUTOM\u00c1TICO. Sistema AIR MATIC de dosificaci\u00f3n.<\/li>\n<\/ul>\n<p>&nbsp;<\/p>\n<p><strong>Indicado para:<\/strong><\/p>\n<p>Ambientaci\u00f3n y control del olor. Recintos con gran afluencia de p\u00fablico.<br \/>\nEspacios que precisen ambientaci\u00f3n personalizada. Creaci\u00f3n de ambientes corporativos.<\/p>\n","protected":false},"excerpt":{"rendered":"<p>Ambientador. Aroma lim\u00f3n.<\/p>\n","protected":false},"featured_media":9666,"comment_status":"closed","ping_status":"closed","template":"","meta":[],"product_brand":[],"product_cat":[733,689,694],"product_tag":[],"marcas":[922],"certificats":[],"caracteristiques":[],"tipus-productes":[],"zona-aplicacio":[948,946],"tipus-maquinaria":[],"class_list":{"0":"post-13719","1":"product","2":"type-product","3":"status-publish","4":"has-post-thumbnail","6":"product_cat-ambientadores","7":"product_cat-productos-de-limpieza","8":"product_cat-quimicos","9":"marcas-sucitesa-es","10":"zona-aplicacio-zona-habitaciones","11":"zona-aplicacio-zonas-comunes","13":"first","14":"instock","15":"product-type-simple"},"_links":{"self":[{"href":"https:\/\/dibosch.com\/es\/wp-json\/wp\/v2\/product\/13719","targetHints":{"allow":["GET"]}}],"collection":[{"href":"https:\/\/dibosch.com\/es\/wp-json\/wp\/v2\/product"}],"about":[{"href":"https:\/\/dibosch.com\/es\/wp-json\/wp\/v2\/types\/product"}],"replies":[{"embeddable":true,"href":"https:\/\/dibosch.com\/es\/wp-json\/wp\/v2\/comments?post=13719"}],"wp:featuredmedia":[{"embeddable":true,"href":"https:\/\/dibosch.com\/es\/wp-json\/wp\/v2\/media\/9666"}],"wp:attachment":[{"href":"https:\/\/dibosch.com\/es\/wp-json\/wp\/v2\/media?parent=13719"}],"wp:term":[{"taxonomy":"product_brand","embeddable":true,"href":"https:\/\/dibosch.com\/es\/wp-json\/wp\/v2\/product_brand?post=13719"},{"taxonomy":"product_cat","embeddable":true,"href":"https:\/\/dibosch.com\/es\/wp-json\/wp\/v2\/product_cat?post=13719"},{"taxonomy":"product_tag","embeddable":true,"href":"https:\/\/dibosch.com\/es\/wp-json\/wp\/v2\/product_tag?post=13719"},{"taxonomy":"marcas","embeddable":true,"href":"https:\/\/dibosch.com\/es\/wp-json\/wp\/v2\/marcas?post=13719"},{"taxonomy":"certificats","embeddable":true,"href":"https:\/\/dibosch.com\/es\/wp-json\/wp\/v2\/certificats?post=13719"},{"taxonomy":"caracteristiques","embeddable":true,"href":"https:\/\/dibosch.com\/es\/wp-json\/wp\/v2\/caracteristiques?post=13719"},{"taxonomy":"tipus-productes","embeddable":true,"href":"https:\/\/dibosch.com\/es\/wp-json\/wp\/v2\/tipus-productes?post=13719"},{"taxonomy":"zona-aplicacio","embeddable":true,"href":"https:\/\/dibosch.com\/es\/wp-json\/wp\/v2\/zona-aplicacio?post=13719"},{"taxonomy":"tipus-maquinaria","embeddable":true,"href":"https:\/\/dibosch.com\/es\/wp-json\/wp\/v2\/tipus-maquinaria?post=13719"}],"curies":[{"name":"wp","href":"https:\/\/api.w.org\/{rel}","templated":true}]}}