{"id":13722,"date":"2022-12-07T11:17:10","date_gmt":"2022-12-07T11:17:10","guid":{"rendered":"https:\/\/www.dibosch.com\/producto\/ecomix-pure-disinfect-vr-dosif-30ml-2xbp5\/"},"modified":"2024-10-22T15:53:15","modified_gmt":"2024-10-22T15:53:15","slug":"ecomix-pure-disinfect-vr-dosif-30ml-2xbp5","status":"publish","type":"product","link":"https:\/\/dibosch.com\/es\/producto\/ecomix-pure-disinfect-vr-dosif-30ml-2xbp5\/","title":{"rendered":"ECOMIX PURE DISINFECT VR +DOSIF. 30ml (2xBP5) &#8211; SUCITESA"},"content":{"rendered":"<p><strong>Caracter\u00edsticas del producto:<\/strong><\/p>\n<p>Producto concentrado. El producto a utilizar se obtiene por diluci\u00f3n con agua. SISTEMA INTEGRADO ECOMIX. SISTEMA DOSIFICACI\u00d3N MANUAL. AMPLIAR INFORMACI\u00d3N EN DOCUMENTACI\u00d3N DEL PRODUCTO Al USO.<\/p>\n<p>&nbsp;<\/p>\n<p><strong>Modo de empleo<\/strong><\/p>\n<p>EQUIPO DILUIDOR. Diluis el concentrado con el equipo EASYMIX. MONODOSI. Aboc\u00e1is el contenido de la bolsa en el envase aplicador. Llen\u00e1is la botella con agua. Cerr\u00e1is y agitar suavemente para obtener 1 litro de producto listo para usar.<\/p>\n<p>ENVASE DOSSIFICADOR I BID\u00d3N DE 5 LITROS. Diluis el concentrado manualmente. Dosific\u00e1is 10-30 ml de producto por litro de agua.<\/p>\n<p>&nbsp;<\/p>\n<p><strong>Indicado para:<\/strong><\/p>\n<p>Cualquier tipo de superficie que se pueda lavar. Pavimentos. Parets. Techos. \u00c0reas de trabajo. Mobiliario. Objetos en contacto con las manos<\/p>\n","protected":false},"excerpt":{"rendered":"<p>Limpiador desinfectante. Concentrado para diluci\u00f3n. Bactericida, fungicida y viricida.<\/p>\n","protected":false},"featured_media":9813,"comment_status":"closed","ping_status":"closed","template":"","meta":[],"product_brand":[],"product_cat":[751,689,694],"product_tag":[],"marcas":[922],"certificats":[933,934,935],"caracteristiques":[939],"tipus-productes":[941],"zona-aplicacio":[945,944,948],"tipus-maquinaria":[],"class_list":{"0":"post-13722","1":"product","2":"type-product","3":"status-publish","4":"has-post-thumbnail","6":"product_cat-desinfectantes-e-higienizados","7":"product_cat-productos-de-limpieza","8":"product_cat-quimicos","9":"marcas-sucitesa-es","10":"certificats-bactericida-es","11":"certificats-fungicida-es","12":"certificats-viricida-es","13":"caracteristiques-concentrados-es","14":"tipus-productes-mas-vendido-es","15":"zona-aplicacio-zona-bano","16":"zona-aplicacio-zona-cocina","17":"zona-aplicacio-zona-habitaciones","19":"first","20":"instock","21":"product-type-simple"},"_links":{"self":[{"href":"https:\/\/dibosch.com\/es\/wp-json\/wp\/v2\/product\/13722","targetHints":{"allow":["GET"]}}],"collection":[{"href":"https:\/\/dibosch.com\/es\/wp-json\/wp\/v2\/product"}],"about":[{"href":"https:\/\/dibosch.com\/es\/wp-json\/wp\/v2\/types\/product"}],"replies":[{"embeddable":true,"href":"https:\/\/dibosch.com\/es\/wp-json\/wp\/v2\/comments?post=13722"}],"wp:featuredmedia":[{"embeddable":true,"href":"https:\/\/dibosch.com\/es\/wp-json\/wp\/v2\/media\/9813"}],"wp:attachment":[{"href":"https:\/\/dibosch.com\/es\/wp-json\/wp\/v2\/media?parent=13722"}],"wp:term":[{"taxonomy":"product_brand","embeddable":true,"href":"https:\/\/dibosch.com\/es\/wp-json\/wp\/v2\/product_brand?post=13722"},{"taxonomy":"product_cat","embeddable":true,"href":"https:\/\/dibosch.com\/es\/wp-json\/wp\/v2\/product_cat?post=13722"},{"taxonomy":"product_tag","embeddable":true,"href":"https:\/\/dibosch.com\/es\/wp-json\/wp\/v2\/product_tag?post=13722"},{"taxonomy":"marcas","embeddable":true,"href":"https:\/\/dibosch.com\/es\/wp-json\/wp\/v2\/marcas?post=13722"},{"taxonomy":"certificats","embeddable":true,"href":"https:\/\/dibosch.com\/es\/wp-json\/wp\/v2\/certificats?post=13722"},{"taxonomy":"caracteristiques","embeddable":true,"href":"https:\/\/dibosch.com\/es\/wp-json\/wp\/v2\/caracteristiques?post=13722"},{"taxonomy":"tipus-productes","embeddable":true,"href":"https:\/\/dibosch.com\/es\/wp-json\/wp\/v2\/tipus-productes?post=13722"},{"taxonomy":"zona-aplicacio","embeddable":true,"href":"https:\/\/dibosch.com\/es\/wp-json\/wp\/v2\/zona-aplicacio?post=13722"},{"taxonomy":"tipus-maquinaria","embeddable":true,"href":"https:\/\/dibosch.com\/es\/wp-json\/wp\/v2\/tipus-maquinaria?post=13722"}],"curies":[{"name":"wp","href":"https:\/\/api.w.org\/{rel}","templated":true}]}}