{"id":13731,"date":"2022-12-07T11:17:49","date_gmt":"2022-12-07T11:17:49","guid":{"rendered":"https:\/\/www.dibosch.com\/producto\/fd-spectak-bpc-900l\/"},"modified":"2025-09-24T08:56:19","modified_gmt":"2025-09-24T08:56:19","slug":"fd-spectak-bpc-900l","status":"publish","type":"product","link":"https:\/\/dibosch.com\/es\/producto\/fd-spectak-bpc-900l\/","title":{"rendered":"FD-SPECTAK BPC 900L. &#8211; DIVERSEY"},"content":{"rendered":"<p><strong>Caracter\u00edsticas del producto:<\/strong><\/p>\n<p>Spectak BPC es un detergente l\u00edquido c\u00e1ustico antiespumante de bajo punto de congelaci\u00f3n para aplicaciones CIP, lavado de botellas y otros procesos de lavado por spray.<\/p>\n<p>Adecuado para para la eliminaci\u00f3n de grasas y aceites en aplicaciones CIP, limpieza de bandejas, cestas, moldes y cajas.<\/p>\n<p>&nbsp;<\/p>\n<p><strong>Modo de uso:<\/strong><\/p>\n<p>Spectak BPC es utilizado al 0,5-5 % p\/p de causticidad (1,6-16 % p\/p, 1-12 % v\/v) a temperaturas entre 55-80 \u00baC, dependiendo de la aplicaci\u00f3n y tipo de suciedad. Las soluciones Spectak BPC deber\u00e1n ser enjuagadas abundantemente despu\u00e9s de su aplicaci\u00f3n para asegurar su eliminaci\u00f3n de las superficies en contacto con alimentos y bebidas<\/p>\n<p>&nbsp;<\/p>\n<p><strong>Indicado para:<\/strong><\/p>\n<p>Es muy efectivo en la eliminaci\u00f3n de un amplio rango de suciedades org\u00e1nicas y para el control de la formaci\u00f3n de espuma problem\u00e1tica.<\/p>\n","protected":false},"excerpt":{"rendered":"<p>Detergente antiespumante estable a baja temperatura<\/p>\n","protected":false},"featured_media":21230,"comment_status":"closed","ping_status":"closed","template":"","meta":[],"product_brand":[],"product_cat":[809,715,689],"product_tag":[],"marcas":[],"certificats":[],"caracteristiques":[],"tipus-productes":[],"zona-aplicacio":[],"tipus-maquinaria":[],"class_list":{"0":"post-13731","1":"product","2":"type-product","3":"status-publish","4":"has-post-thumbnail","6":"product_cat-aditivos-antiespumante","7":"product_cat-especificos-para-industria-alimentaria","8":"product_cat-productos-de-limpieza","10":"first","11":"instock","12":"product-type-simple"},"_links":{"self":[{"href":"https:\/\/dibosch.com\/es\/wp-json\/wp\/v2\/product\/13731","targetHints":{"allow":["GET"]}}],"collection":[{"href":"https:\/\/dibosch.com\/es\/wp-json\/wp\/v2\/product"}],"about":[{"href":"https:\/\/dibosch.com\/es\/wp-json\/wp\/v2\/types\/product"}],"replies":[{"embeddable":true,"href":"https:\/\/dibosch.com\/es\/wp-json\/wp\/v2\/comments?post=13731"}],"wp:featuredmedia":[{"embeddable":true,"href":"https:\/\/dibosch.com\/es\/wp-json\/wp\/v2\/media\/21230"}],"wp:attachment":[{"href":"https:\/\/dibosch.com\/es\/wp-json\/wp\/v2\/media?parent=13731"}],"wp:term":[{"taxonomy":"product_brand","embeddable":true,"href":"https:\/\/dibosch.com\/es\/wp-json\/wp\/v2\/product_brand?post=13731"},{"taxonomy":"product_cat","embeddable":true,"href":"https:\/\/dibosch.com\/es\/wp-json\/wp\/v2\/product_cat?post=13731"},{"taxonomy":"product_tag","embeddable":true,"href":"https:\/\/dibosch.com\/es\/wp-json\/wp\/v2\/product_tag?post=13731"},{"taxonomy":"marcas","embeddable":true,"href":"https:\/\/dibosch.com\/es\/wp-json\/wp\/v2\/marcas?post=13731"},{"taxonomy":"certificats","embeddable":true,"href":"https:\/\/dibosch.com\/es\/wp-json\/wp\/v2\/certificats?post=13731"},{"taxonomy":"caracteristiques","embeddable":true,"href":"https:\/\/dibosch.com\/es\/wp-json\/wp\/v2\/caracteristiques?post=13731"},{"taxonomy":"tipus-productes","embeddable":true,"href":"https:\/\/dibosch.com\/es\/wp-json\/wp\/v2\/tipus-productes?post=13731"},{"taxonomy":"zona-aplicacio","embeddable":true,"href":"https:\/\/dibosch.com\/es\/wp-json\/wp\/v2\/zona-aplicacio?post=13731"},{"taxonomy":"tipus-maquinaria","embeddable":true,"href":"https:\/\/dibosch.com\/es\/wp-json\/wp\/v2\/tipus-maquinaria?post=13731"}],"curies":[{"name":"wp","href":"https:\/\/api.w.org\/{rel}","templated":true}]}}