{"id":13764,"date":"2022-12-07T11:19:28","date_gmt":"2022-12-07T11:19:28","guid":{"rendered":"https:\/\/www.dibosch.com\/producto\/m-steam-box-prof-144kw-400v-h2o\/"},"modified":"2022-12-16T12:14:58","modified_gmt":"2022-12-16T12:14:58","slug":"m-steam-box-prof-144kw-400v-h2o","status":"publish","type":"product","link":"https:\/\/dibosch.com\/es\/producto\/m-steam-box-prof-144kw-400v-h2o\/","title":{"rendered":"M-STEAM BOX PROF 14,4kW 400V H2O"},"content":{"rendered":"<p>TECNOVAP STEAM BOX PRO 14,4 kW. El generador de vapor Steam Box Pro de TECNOVAP, es un modelo Trif\u00e1sico con estructura de acero inoxidable.<\/p>\n<p>Aspiradora incorporada en el modelo, Steam Box VAC pro<\/p>\n<p>Los generadores de vapor Steam Box Pro destacan en el sector por: Su fabricaci\u00f3n a prueba de agua IPX 5, recarga autom\u00e1tica con control electromec\u00e1nico True Temp TM, inyecci\u00f3n de detergente, conexi\u00f3n directa con el suministro de agua, veleta de control de baja tensi\u00f3n, consola el\u00e9ctrica con: term\u00f3metro, man\u00f3metro, cuenta horas, aviso de caldera con cal y sistema de inyecci\u00f3n de agua sobre calentada de serie.<\/p>\n<p>Robusta y potente. \u00danica en su segmento. Especialmente indicada por industria.<\/p>\n","protected":false},"excerpt":{"rendered":"<p>Producci\u00f3n de vapor 388 gr\/min | T\u00ba de trabajo 183\u00batema agua sobrecalentada|Incluye manguera geyser 4<\/p>\n","protected":false},"featured_media":24984,"comment_status":"closed","ping_status":"closed","template":"","meta":[],"product_brand":[],"product_cat":[761,577],"product_tag":[],"marcas":[913],"certificats":[],"caracteristiques":[],"tipus-productes":[],"zona-aplicacio":[],"tipus-maquinaria":[],"class_list":{"0":"post-13764","1":"product","2":"type-product","3":"status-publish","4":"has-post-thumbnail","6":"product_cat-vapor-industrial-es","7":"product_cat-maquinas","8":"marcas-tecnovap-es","10":"first","11":"instock","12":"product-type-simple"},"_links":{"self":[{"href":"https:\/\/dibosch.com\/es\/wp-json\/wp\/v2\/product\/13764","targetHints":{"allow":["GET"]}}],"collection":[{"href":"https:\/\/dibosch.com\/es\/wp-json\/wp\/v2\/product"}],"about":[{"href":"https:\/\/dibosch.com\/es\/wp-json\/wp\/v2\/types\/product"}],"replies":[{"embeddable":true,"href":"https:\/\/dibosch.com\/es\/wp-json\/wp\/v2\/comments?post=13764"}],"wp:featuredmedia":[{"embeddable":true,"href":"https:\/\/dibosch.com\/es\/wp-json\/wp\/v2\/media\/24984"}],"wp:attachment":[{"href":"https:\/\/dibosch.com\/es\/wp-json\/wp\/v2\/media?parent=13764"}],"wp:term":[{"taxonomy":"product_brand","embeddable":true,"href":"https:\/\/dibosch.com\/es\/wp-json\/wp\/v2\/product_brand?post=13764"},{"taxonomy":"product_cat","embeddable":true,"href":"https:\/\/dibosch.com\/es\/wp-json\/wp\/v2\/product_cat?post=13764"},{"taxonomy":"product_tag","embeddable":true,"href":"https:\/\/dibosch.com\/es\/wp-json\/wp\/v2\/product_tag?post=13764"},{"taxonomy":"marcas","embeddable":true,"href":"https:\/\/dibosch.com\/es\/wp-json\/wp\/v2\/marcas?post=13764"},{"taxonomy":"certificats","embeddable":true,"href":"https:\/\/dibosch.com\/es\/wp-json\/wp\/v2\/certificats?post=13764"},{"taxonomy":"caracteristiques","embeddable":true,"href":"https:\/\/dibosch.com\/es\/wp-json\/wp\/v2\/caracteristiques?post=13764"},{"taxonomy":"tipus-productes","embeddable":true,"href":"https:\/\/dibosch.com\/es\/wp-json\/wp\/v2\/tipus-productes?post=13764"},{"taxonomy":"zona-aplicacio","embeddable":true,"href":"https:\/\/dibosch.com\/es\/wp-json\/wp\/v2\/zona-aplicacio?post=13764"},{"taxonomy":"tipus-maquinaria","embeddable":true,"href":"https:\/\/dibosch.com\/es\/wp-json\/wp\/v2\/tipus-maquinaria?post=13764"}],"curies":[{"name":"wp","href":"https:\/\/api.w.org\/{rel}","templated":true}]}}