{"id":13778,"date":"2022-12-07T11:18:50","date_gmt":"2022-12-07T11:18:50","guid":{"rendered":"https:\/\/www.dibosch.com\/producto\/fd-alcosan-2x5\/"},"modified":"2025-09-24T07:28:50","modified_gmt":"2025-09-24T07:28:50","slug":"fd-alcosan-2x5","status":"publish","type":"product","link":"https:\/\/dibosch.com\/es\/producto\/fd-alcosan-2x5\/","title":{"rendered":"FD- ALCOSAN (2&#215;5) &#8211; DIVERSEY"},"content":{"rendered":"<p><strong>Caracter\u00edsticas del producto:<\/strong><\/p>\n<p>Alcosan es un desinfectante de aplicaci\u00f3n por spray, listo para usar en las industrias de procesado de alimentos, bebidas y l\u00e1cteas.<\/p>\n<p>Desinfectante basado en alcohol que tambi\u00e9n contiene bajos niveles de secuestrante org\u00e1nico y amonio cuaternario (QAC). Est\u00e1 especialmente formulado para la aplicaci\u00f3n directa sobre las superficies donde es imposible o no deseable aplicar productos de tipo acuoso. Es efectivo frente la mayor\u00eda de formas vegetativas de los microorganismos incluyendo bacterias Gram-positiva, Gram-negativa y levaduras.<\/p>\n<p>&nbsp;<\/p>\n<p><strong>Manual de uso:<\/strong><\/p>\n<p>Alcosan se aplica puro, pulveriz\u00e1ndolo sobre las superficies y dejando secar. Es necesario aclarar despu\u00e9s de su aplicaci\u00f3n tal como obliga la legislaci\u00f3n sobre el uso de desinfectantes de superficies en contacto con alimentos.<\/p>\n<p>Para m\u00e1s detalles, por favor consultar el Plan de Higiene individual.<\/p>\n<p>Nota. Evitar pulverizar cerca de motores u otros equipos el\u00e9ctricos no protegidos.<\/p>\n<p>&nbsp;<\/p>\n<p><strong>Indicado para:<\/strong><\/p>\n<p>Aplicar en superficies en contacto con alimentos evapor\u00e1ndose r\u00e1pidamente, no dejando virtualmente residuos. Est\u00e1 recomendado para utilizar en \u00e1reas de alto riesgo para limpiar y desinfectar cintas transportadoras, llenadoras y otros equipos despu\u00e9s de peque\u00f1os derramamientos de los productos fabricados. Puede ser tambi\u00e9n aplicado durante descansos intermedios para mantener un buen nivel de higiene hasta que la producci\u00f3n empiece otra vez<\/p>\n","protected":false},"excerpt":{"rendered":"<p>Desinfectante alcoh\u00f3lico.<\/p>\n","protected":false},"featured_media":21318,"comment_status":"closed","ping_status":"closed","template":"","meta":[],"product_brand":[],"product_cat":[768,715,689],"product_tag":[],"marcas":[],"certificats":[933,934,932],"caracteristiques":[],"tipus-productes":[],"zona-aplicacio":[],"tipus-maquinaria":[],"class_list":{"0":"post-13778","1":"product","2":"type-product","3":"status-publish","4":"has-post-thumbnail","6":"product_cat-desinfectantes","7":"product_cat-especificos-para-industria-alimentaria","8":"product_cat-productos-de-limpieza","9":"certificats-bactericida-es","10":"certificats-fungicida-es","11":"certificats-ha-es","13":"first","14":"instock","15":"product-type-simple"},"_links":{"self":[{"href":"https:\/\/dibosch.com\/es\/wp-json\/wp\/v2\/product\/13778","targetHints":{"allow":["GET"]}}],"collection":[{"href":"https:\/\/dibosch.com\/es\/wp-json\/wp\/v2\/product"}],"about":[{"href":"https:\/\/dibosch.com\/es\/wp-json\/wp\/v2\/types\/product"}],"replies":[{"embeddable":true,"href":"https:\/\/dibosch.com\/es\/wp-json\/wp\/v2\/comments?post=13778"}],"wp:featuredmedia":[{"embeddable":true,"href":"https:\/\/dibosch.com\/es\/wp-json\/wp\/v2\/media\/21318"}],"wp:attachment":[{"href":"https:\/\/dibosch.com\/es\/wp-json\/wp\/v2\/media?parent=13778"}],"wp:term":[{"taxonomy":"product_brand","embeddable":true,"href":"https:\/\/dibosch.com\/es\/wp-json\/wp\/v2\/product_brand?post=13778"},{"taxonomy":"product_cat","embeddable":true,"href":"https:\/\/dibosch.com\/es\/wp-json\/wp\/v2\/product_cat?post=13778"},{"taxonomy":"product_tag","embeddable":true,"href":"https:\/\/dibosch.com\/es\/wp-json\/wp\/v2\/product_tag?post=13778"},{"taxonomy":"marcas","embeddable":true,"href":"https:\/\/dibosch.com\/es\/wp-json\/wp\/v2\/marcas?post=13778"},{"taxonomy":"certificats","embeddable":true,"href":"https:\/\/dibosch.com\/es\/wp-json\/wp\/v2\/certificats?post=13778"},{"taxonomy":"caracteristiques","embeddable":true,"href":"https:\/\/dibosch.com\/es\/wp-json\/wp\/v2\/caracteristiques?post=13778"},{"taxonomy":"tipus-productes","embeddable":true,"href":"https:\/\/dibosch.com\/es\/wp-json\/wp\/v2\/tipus-productes?post=13778"},{"taxonomy":"zona-aplicacio","embeddable":true,"href":"https:\/\/dibosch.com\/es\/wp-json\/wp\/v2\/zona-aplicacio?post=13778"},{"taxonomy":"tipus-maquinaria","embeddable":true,"href":"https:\/\/dibosch.com\/es\/wp-json\/wp\/v2\/tipus-maquinaria?post=13778"}],"curies":[{"name":"wp","href":"https:\/\/api.w.org\/{rel}","templated":true}]}}