{"id":13781,"date":"2022-12-07T11:18:37","date_gmt":"2022-12-07T11:18:37","guid":{"rendered":"https:\/\/www.dibosch.com\/producto\/dermogeno-dry-bp5\/"},"modified":"2023-06-26T09:00:17","modified_gmt":"2023-06-26T09:00:17","slug":"dermogeno-dry-bp5","status":"publish","type":"product","link":"https:\/\/dibosch.com\/es\/producto\/dermogeno-dry-bp5\/","title":{"rendered":"DERMOGEN DRY BP5 &#8211; SUCITESA"},"content":{"rendered":"<p><strong>Caracter\u00edsticas del producto:<\/strong><\/p>\n<p>Asegura la higiene de manos en cualquier situaci\u00f3n y lugar. Elimina los microorganismos pat\u00f3genos. Sin enjuague. Secado r\u00e1pido. Apto para situaciones que requieren acciones preventivas. Autorizado por la Agencia espa\u00f1ola de medicamentos y productos sanitarios.<\/p>\n<p>&nbsp;<\/p>\n<p><strong>Modo de empleo:<\/strong><\/p>\n<p>Utilice los biocidas de forma segura. Lea siempre la etiqueta y la informaci\u00f3n sobre el biocida antes de usarlo. Dosificar sobre las manos secas. Aplicar la cantidad suficiente para cubrir toda la superficie de las manos. Frotar. Dejar actuar el producto al menos 60 segundos mientras se produce el secado. No se debe aclarar posteriormente con agua.<\/p>\n<p>&nbsp;<\/p>\n<p><strong>Indicado para:<\/strong><\/p>\n<p>Zonas de trabajo. Lavamanos. Vestuarios. Aseos. \u00c1reas de riesgo.<\/p>\n","protected":false},"excerpt":{"rendered":"<p>Loci\u00f3n hidroalcoh\u00f3lica antis\u00e9ptica. Garrafa de 5 l.<\/p>\n","protected":false},"featured_media":9623,"comment_status":"closed","ping_status":"closed","template":"","meta":[],"product_brand":[],"product_cat":[791,689,694],"product_tag":[],"marcas":[922],"certificats":[],"caracteristiques":[],"tipus-productes":[],"zona-aplicacio":[955],"tipus-maquinaria":[],"class_list":{"0":"post-13781","1":"product","2":"type-product","3":"status-publish","4":"has-post-thumbnail","6":"product_cat-higiene-corporal-es","7":"product_cat-productos-de-limpieza","8":"product_cat-quimicos","9":"marcas-sucitesa-es","10":"zona-aplicacio-zona-sanitaria","12":"first","13":"instock","14":"product-type-simple"},"_links":{"self":[{"href":"https:\/\/dibosch.com\/es\/wp-json\/wp\/v2\/product\/13781","targetHints":{"allow":["GET"]}}],"collection":[{"href":"https:\/\/dibosch.com\/es\/wp-json\/wp\/v2\/product"}],"about":[{"href":"https:\/\/dibosch.com\/es\/wp-json\/wp\/v2\/types\/product"}],"replies":[{"embeddable":true,"href":"https:\/\/dibosch.com\/es\/wp-json\/wp\/v2\/comments?post=13781"}],"wp:featuredmedia":[{"embeddable":true,"href":"https:\/\/dibosch.com\/es\/wp-json\/wp\/v2\/media\/9623"}],"wp:attachment":[{"href":"https:\/\/dibosch.com\/es\/wp-json\/wp\/v2\/media?parent=13781"}],"wp:term":[{"taxonomy":"product_brand","embeddable":true,"href":"https:\/\/dibosch.com\/es\/wp-json\/wp\/v2\/product_brand?post=13781"},{"taxonomy":"product_cat","embeddable":true,"href":"https:\/\/dibosch.com\/es\/wp-json\/wp\/v2\/product_cat?post=13781"},{"taxonomy":"product_tag","embeddable":true,"href":"https:\/\/dibosch.com\/es\/wp-json\/wp\/v2\/product_tag?post=13781"},{"taxonomy":"marcas","embeddable":true,"href":"https:\/\/dibosch.com\/es\/wp-json\/wp\/v2\/marcas?post=13781"},{"taxonomy":"certificats","embeddable":true,"href":"https:\/\/dibosch.com\/es\/wp-json\/wp\/v2\/certificats?post=13781"},{"taxonomy":"caracteristiques","embeddable":true,"href":"https:\/\/dibosch.com\/es\/wp-json\/wp\/v2\/caracteristiques?post=13781"},{"taxonomy":"tipus-productes","embeddable":true,"href":"https:\/\/dibosch.com\/es\/wp-json\/wp\/v2\/tipus-productes?post=13781"},{"taxonomy":"zona-aplicacio","embeddable":true,"href":"https:\/\/dibosch.com\/es\/wp-json\/wp\/v2\/zona-aplicacio?post=13781"},{"taxonomy":"tipus-maquinaria","embeddable":true,"href":"https:\/\/dibosch.com\/es\/wp-json\/wp\/v2\/tipus-maquinaria?post=13781"}],"curies":[{"name":"wp","href":"https:\/\/api.w.org\/{rel}","templated":true}]}}