{"id":13784,"date":"2022-12-07T11:19:28","date_gmt":"2022-12-07T11:19:28","guid":{"rendered":"https:\/\/www.dibosch.com\/producto\/m-rotaqleen-classic\/"},"modified":"2023-05-18T09:09:08","modified_gmt":"2023-05-18T09:09:08","slug":"m-rotaqleen-classic","status":"publish","type":"product","link":"https:\/\/dibosch.com\/es\/producto\/m-rotaqleen-classic\/","title":{"rendered":"M- ROTAQLEEN CLASSIC &#8211; QLEEN"},"content":{"rendered":"<p>El cl\u00e1sico giratorio para la limpieza profunda de paneles solares.<\/p>\n<p>Ancho del cepillo: 60 cm.<\/p>\n<p>La tracci\u00f3n se realiza a trav\u00e9s de dos motores de alto rendimiento en el cabezal del cepillo.<\/p>\n","protected":false},"excerpt":{"rendered":"<p>El cl\u00e1sico giratorio para la limpieza profunda de paneles solares. Ancho del cepillo: 60 cm. La tracci\u00f3n se realiza a trav\u00e9s de dos motores de alto rendimiento en el cabezal del cepillo.<\/p>\n","protected":false},"featured_media":25151,"comment_status":"closed","ping_status":"closed","template":"","meta":[],"product_brand":[],"product_cat":[804],"product_tag":[],"marcas":[],"certificats":[],"caracteristiques":[],"tipus-productes":[],"zona-aplicacio":[],"tipus-maquinaria":[],"class_list":{"0":"post-13784","1":"product","2":"type-product","3":"status-publish","4":"has-post-thumbnail","6":"product_cat-accesorios-maquinas-limpia-cristales","8":"first","9":"instock","10":"product-type-simple"},"_links":{"self":[{"href":"https:\/\/dibosch.com\/es\/wp-json\/wp\/v2\/product\/13784","targetHints":{"allow":["GET"]}}],"collection":[{"href":"https:\/\/dibosch.com\/es\/wp-json\/wp\/v2\/product"}],"about":[{"href":"https:\/\/dibosch.com\/es\/wp-json\/wp\/v2\/types\/product"}],"replies":[{"embeddable":true,"href":"https:\/\/dibosch.com\/es\/wp-json\/wp\/v2\/comments?post=13784"}],"wp:featuredmedia":[{"embeddable":true,"href":"https:\/\/dibosch.com\/es\/wp-json\/wp\/v2\/media\/25151"}],"wp:attachment":[{"href":"https:\/\/dibosch.com\/es\/wp-json\/wp\/v2\/media?parent=13784"}],"wp:term":[{"taxonomy":"product_brand","embeddable":true,"href":"https:\/\/dibosch.com\/es\/wp-json\/wp\/v2\/product_brand?post=13784"},{"taxonomy":"product_cat","embeddable":true,"href":"https:\/\/dibosch.com\/es\/wp-json\/wp\/v2\/product_cat?post=13784"},{"taxonomy":"product_tag","embeddable":true,"href":"https:\/\/dibosch.com\/es\/wp-json\/wp\/v2\/product_tag?post=13784"},{"taxonomy":"marcas","embeddable":true,"href":"https:\/\/dibosch.com\/es\/wp-json\/wp\/v2\/marcas?post=13784"},{"taxonomy":"certificats","embeddable":true,"href":"https:\/\/dibosch.com\/es\/wp-json\/wp\/v2\/certificats?post=13784"},{"taxonomy":"caracteristiques","embeddable":true,"href":"https:\/\/dibosch.com\/es\/wp-json\/wp\/v2\/caracteristiques?post=13784"},{"taxonomy":"tipus-productes","embeddable":true,"href":"https:\/\/dibosch.com\/es\/wp-json\/wp\/v2\/tipus-productes?post=13784"},{"taxonomy":"zona-aplicacio","embeddable":true,"href":"https:\/\/dibosch.com\/es\/wp-json\/wp\/v2\/zona-aplicacio?post=13784"},{"taxonomy":"tipus-maquinaria","embeddable":true,"href":"https:\/\/dibosch.com\/es\/wp-json\/wp\/v2\/tipus-maquinaria?post=13784"}],"curies":[{"name":"wp","href":"https:\/\/api.w.org\/{rel}","templated":true}]}}