{"id":13799,"date":"2022-12-07T11:18:59","date_gmt":"2022-12-07T11:18:59","guid":{"rendered":"https:\/\/www.dibosch.com\/producto\/fd-divostar-quattro-bp20\/"},"modified":"2025-09-24T08:46:06","modified_gmt":"2025-09-24T08:46:06","slug":"fd-divostar-quattro-bp20","status":"publish","type":"product","link":"https:\/\/dibosch.com\/es\/producto\/fd-divostar-quattro-bp20\/","title":{"rendered":"FD- DIVOSTAR QUATTRO BP20 &#8211; DIVERSEY"},"content":{"rendered":"<p><strong>Caracter\u00edsticas del producto:<\/strong><\/p>\n<p>Divostar Quattro es un detergente c\u00e1ustico l\u00edquido antiespumante adecuado para aguas blandas en aplicaciones CIP, lavado de botellas y lavados por spray<\/p>\n<p>Es altamente efectivo para la eliminaci\u00f3n de un amplio rango de suciedades org\u00e1nicas y previene la formaci\u00f3n de incrustaciones.<\/p>\n<p>Contiene un tensioactivo b\u00e1sicamente antiespumante que minimiza los niveles de espuma<\/p>\n<p>&nbsp;<\/p>\n<p><strong>Manual de uso:<\/strong><\/p>\n<p>Para aplicaciones CIP, se usa normalmente en una concentraci\u00f3n entre 1-3% p\/p), a una temperatura de 60-80\u00b0C dependiendo del tipo de aplicaci\u00f3n y suciedad.<\/p>\n<p>Se utiliza al 0,5-2 % para aplicaciones de pulverizaci\u00f3n y inmersi\u00f3n.<\/p>\n<p>Debe enjuagarse a fondo despu\u00e9s de su uso para eliminar todos los residuos de detergente de las superficies.<\/p>\n<p>Para m\u00e1s informaci\u00f3n u otras recomendaciones espec\u00edficas, consulte a los t\u00e9cnicos de Diversey.<\/p>\n<p>&nbsp;<\/p>\n<p><strong>Indicado para:<\/strong><\/p>\n<p>Es muy adecuado para la eliminaci\u00f3n de bitartratos en dep\u00f3sitos de vino, limpiezas CIP, llenadoras, etc en la industria vin\u00edcola y puede ser empleado para estas aplicaciones con aguas de dureza media elevada<\/p>\n","protected":false},"excerpt":{"rendered":"<p>Detergente c\u00e1ustico antiespumante de uso general.<\/p>\n","protected":false},"featured_media":21236,"comment_status":"closed","ping_status":"closed","template":"","meta":[],"product_brand":[],"product_cat":[773,715,689],"product_tag":[],"marcas":[],"certificats":[],"caracteristiques":[],"tipus-productes":[],"zona-aplicacio":[],"tipus-maquinaria":[],"class_list":{"0":"post-13799","1":"product","2":"type-product","3":"status-publish","4":"has-post-thumbnail","6":"product_cat-alcalinos-no-espumante-cip","7":"product_cat-especificos-para-industria-alimentaria","8":"product_cat-productos-de-limpieza","10":"first","11":"instock","12":"product-type-simple"},"_links":{"self":[{"href":"https:\/\/dibosch.com\/es\/wp-json\/wp\/v2\/product\/13799","targetHints":{"allow":["GET"]}}],"collection":[{"href":"https:\/\/dibosch.com\/es\/wp-json\/wp\/v2\/product"}],"about":[{"href":"https:\/\/dibosch.com\/es\/wp-json\/wp\/v2\/types\/product"}],"replies":[{"embeddable":true,"href":"https:\/\/dibosch.com\/es\/wp-json\/wp\/v2\/comments?post=13799"}],"wp:featuredmedia":[{"embeddable":true,"href":"https:\/\/dibosch.com\/es\/wp-json\/wp\/v2\/media\/21236"}],"wp:attachment":[{"href":"https:\/\/dibosch.com\/es\/wp-json\/wp\/v2\/media?parent=13799"}],"wp:term":[{"taxonomy":"product_brand","embeddable":true,"href":"https:\/\/dibosch.com\/es\/wp-json\/wp\/v2\/product_brand?post=13799"},{"taxonomy":"product_cat","embeddable":true,"href":"https:\/\/dibosch.com\/es\/wp-json\/wp\/v2\/product_cat?post=13799"},{"taxonomy":"product_tag","embeddable":true,"href":"https:\/\/dibosch.com\/es\/wp-json\/wp\/v2\/product_tag?post=13799"},{"taxonomy":"marcas","embeddable":true,"href":"https:\/\/dibosch.com\/es\/wp-json\/wp\/v2\/marcas?post=13799"},{"taxonomy":"certificats","embeddable":true,"href":"https:\/\/dibosch.com\/es\/wp-json\/wp\/v2\/certificats?post=13799"},{"taxonomy":"caracteristiques","embeddable":true,"href":"https:\/\/dibosch.com\/es\/wp-json\/wp\/v2\/caracteristiques?post=13799"},{"taxonomy":"tipus-productes","embeddable":true,"href":"https:\/\/dibosch.com\/es\/wp-json\/wp\/v2\/tipus-productes?post=13799"},{"taxonomy":"zona-aplicacio","embeddable":true,"href":"https:\/\/dibosch.com\/es\/wp-json\/wp\/v2\/zona-aplicacio?post=13799"},{"taxonomy":"tipus-maquinaria","embeddable":true,"href":"https:\/\/dibosch.com\/es\/wp-json\/wp\/v2\/tipus-maquinaria?post=13799"}],"curies":[{"name":"wp","href":"https:\/\/api.w.org\/{rel}","templated":true}]}}