{"id":13809,"date":"2022-12-07T11:20:04","date_gmt":"2022-12-07T11:20:04","guid":{"rendered":"https:\/\/www.dibosch.com\/producto\/m-aspirador-zfrev22-kw0-75\/"},"modified":"2023-01-09T07:26:16","modified_gmt":"2023-01-09T07:26:16","slug":"m-aspirador-zfrev22-kw0-75","status":"publish","type":"product","link":"https:\/\/dibosch.com\/es\/producto\/m-aspirador-zfrev22-kw0-75\/","title":{"rendered":"M- ASPIRADOR ZFREV22 KW0.75"},"content":{"rendered":"<p>Superficie de alta filtraci\u00f3n antiest\u00e1tica con c\u00f3modo sistema de limpieza manual integrado, puesta a tierra y potente turbina de canal lateral. Todo lo que se necesita para la extracci\u00f3n de polvo fino y humos suspendidos en el aire con total seguridad en ambientes con un raro riesgo de explosi\u00f3n.<\/p>\n<p>La aspiraci\u00f3n de polvos explosivos en las zonas de riesgo 22 puede crear una situaci\u00f3n a\u00fan m\u00e1s peligrosa en el interior del aspirador industrial, donde se recogen los polvos aspirados. La certificaci\u00f3n Zona 20 del interior de la c\u00e1mara de vac\u00edo elimina este riesgo.<\/p>\n","protected":false},"excerpt":{"rendered":"<p>Superficie de alta filtraci\u00f3n antiest\u00e1tica con c\u00f3modo sistema de limpieza manual integrado, puesta a tierra y potente turbina de canal lateral. Todo lo que se necesita para la extracci\u00f3n de polvo fino y humos suspendidos en el aire con total seguridad en ambientes con un raro riesgo de explosi\u00f3n. La aspiraci\u00f3n de polvos explosivos en [&hellip;]<\/p>\n","protected":false},"featured_media":24731,"comment_status":"closed","ping_status":"closed","template":"","meta":[],"product_brand":[],"product_cat":[1174,1192,1165,1184,578,577],"product_tag":[],"marcas":[],"certificats":[],"caracteristiques":[],"tipus-productes":[],"zona-aplicacio":[],"tipus-maquinaria":[],"class_list":{"0":"post-13809","1":"product","2":"type-product","3":"status-publish","4":"has-post-thumbnail","6":"product_cat-aspirador-industrial-polvo-fino","7":"product_cat-aspirador-industrial-obras","8":"product_cat-aspirador-de-polvo-liquido-industrial","9":"product_cat-aspirador-hornos-panaderia","10":"product_cat-aspiradores-industriales","11":"product_cat-maquinas","13":"first","14":"instock","15":"product-type-simple"},"_links":{"self":[{"href":"https:\/\/dibosch.com\/es\/wp-json\/wp\/v2\/product\/13809","targetHints":{"allow":["GET"]}}],"collection":[{"href":"https:\/\/dibosch.com\/es\/wp-json\/wp\/v2\/product"}],"about":[{"href":"https:\/\/dibosch.com\/es\/wp-json\/wp\/v2\/types\/product"}],"replies":[{"embeddable":true,"href":"https:\/\/dibosch.com\/es\/wp-json\/wp\/v2\/comments?post=13809"}],"wp:featuredmedia":[{"embeddable":true,"href":"https:\/\/dibosch.com\/es\/wp-json\/wp\/v2\/media\/24731"}],"wp:attachment":[{"href":"https:\/\/dibosch.com\/es\/wp-json\/wp\/v2\/media?parent=13809"}],"wp:term":[{"taxonomy":"product_brand","embeddable":true,"href":"https:\/\/dibosch.com\/es\/wp-json\/wp\/v2\/product_brand?post=13809"},{"taxonomy":"product_cat","embeddable":true,"href":"https:\/\/dibosch.com\/es\/wp-json\/wp\/v2\/product_cat?post=13809"},{"taxonomy":"product_tag","embeddable":true,"href":"https:\/\/dibosch.com\/es\/wp-json\/wp\/v2\/product_tag?post=13809"},{"taxonomy":"marcas","embeddable":true,"href":"https:\/\/dibosch.com\/es\/wp-json\/wp\/v2\/marcas?post=13809"},{"taxonomy":"certificats","embeddable":true,"href":"https:\/\/dibosch.com\/es\/wp-json\/wp\/v2\/certificats?post=13809"},{"taxonomy":"caracteristiques","embeddable":true,"href":"https:\/\/dibosch.com\/es\/wp-json\/wp\/v2\/caracteristiques?post=13809"},{"taxonomy":"tipus-productes","embeddable":true,"href":"https:\/\/dibosch.com\/es\/wp-json\/wp\/v2\/tipus-productes?post=13809"},{"taxonomy":"zona-aplicacio","embeddable":true,"href":"https:\/\/dibosch.com\/es\/wp-json\/wp\/v2\/zona-aplicacio?post=13809"},{"taxonomy":"tipus-maquinaria","embeddable":true,"href":"https:\/\/dibosch.com\/es\/wp-json\/wp\/v2\/tipus-maquinaria?post=13809"}],"curies":[{"name":"wp","href":"https:\/\/api.w.org\/{rel}","templated":true}]}}