{"id":13812,"date":"2022-12-07T11:19:51","date_gmt":"2022-12-07T11:19:51","guid":{"rendered":"https:\/\/www.dibosch.com\/producto\/suavizante-flor-caps-bp25\/"},"modified":"2023-06-30T07:46:45","modified_gmt":"2023-06-30T07:46:45","slug":"suavizante-flor-cabezas-bp25","status":"publish","type":"product","link":"https:\/\/dibosch.com\/es\/producto\/suavizante-flor-cabezas-bp25\/","title":{"rendered":"SUAVIZANTE FLOR CAPS BP25 &#8211; PAHES LIMPER"},"content":{"rendered":"<p><strong>Caracter\u00edsticas del producto:<\/strong><\/p>\n<p>Contiene perfume encapsulado que perdura en los tejidos ya que no se volatiliza con las altas temperaturas de secado. Nutre e hidrata las fibras proporcionando una gran suavidad y esponjosidad a la ropa.<\/p>\n<p>Es germicida, anti-moho y elimina la electricidad est\u00e1tica. Facilita el planchado. Contiene un alto porcentaje de perfume, m\u00e1s fresco y m\u00e1s duradero, que lo hacen ideal para la ropa del hogar, edredones, mantas, toallas, \u2026<\/p>\n<p>&nbsp;<\/p>\n<p><strong>Manual de uso:<\/strong><\/p>\n<p>De 1 a 8 gr.\/kg. (Lavado industrial).<\/p>\n","protected":false},"excerpt":{"rendered":"<p>Suavizante concentrado con micro c\u00e1psulas.<\/p>\n","protected":false},"featured_media":21198,"comment_status":"closed","ping_status":"closed","template":"","meta":[],"product_brand":[],"product_cat":[690,689,712],"product_tag":[],"marcas":[],"certificats":[],"caracteristiques":[939],"tipus-productes":[],"zona-aplicacio":[],"tipus-maquinaria":[],"class_list":{"0":"post-13812","1":"product","2":"type-product","3":"status-publish","4":"has-post-thumbnail","6":"product_cat-especificos-para-lavanderia","7":"product_cat-productos-de-limpieza","8":"product_cat-suavizantes","9":"caracteristiques-concentrados-es","11":"first","12":"instock","13":"product-type-simple"},"_links":{"self":[{"href":"https:\/\/dibosch.com\/es\/wp-json\/wp\/v2\/product\/13812","targetHints":{"allow":["GET"]}}],"collection":[{"href":"https:\/\/dibosch.com\/es\/wp-json\/wp\/v2\/product"}],"about":[{"href":"https:\/\/dibosch.com\/es\/wp-json\/wp\/v2\/types\/product"}],"replies":[{"embeddable":true,"href":"https:\/\/dibosch.com\/es\/wp-json\/wp\/v2\/comments?post=13812"}],"wp:featuredmedia":[{"embeddable":true,"href":"https:\/\/dibosch.com\/es\/wp-json\/wp\/v2\/media\/21198"}],"wp:attachment":[{"href":"https:\/\/dibosch.com\/es\/wp-json\/wp\/v2\/media?parent=13812"}],"wp:term":[{"taxonomy":"product_brand","embeddable":true,"href":"https:\/\/dibosch.com\/es\/wp-json\/wp\/v2\/product_brand?post=13812"},{"taxonomy":"product_cat","embeddable":true,"href":"https:\/\/dibosch.com\/es\/wp-json\/wp\/v2\/product_cat?post=13812"},{"taxonomy":"product_tag","embeddable":true,"href":"https:\/\/dibosch.com\/es\/wp-json\/wp\/v2\/product_tag?post=13812"},{"taxonomy":"marcas","embeddable":true,"href":"https:\/\/dibosch.com\/es\/wp-json\/wp\/v2\/marcas?post=13812"},{"taxonomy":"certificats","embeddable":true,"href":"https:\/\/dibosch.com\/es\/wp-json\/wp\/v2\/certificats?post=13812"},{"taxonomy":"caracteristiques","embeddable":true,"href":"https:\/\/dibosch.com\/es\/wp-json\/wp\/v2\/caracteristiques?post=13812"},{"taxonomy":"tipus-productes","embeddable":true,"href":"https:\/\/dibosch.com\/es\/wp-json\/wp\/v2\/tipus-productes?post=13812"},{"taxonomy":"zona-aplicacio","embeddable":true,"href":"https:\/\/dibosch.com\/es\/wp-json\/wp\/v2\/zona-aplicacio?post=13812"},{"taxonomy":"tipus-maquinaria","embeddable":true,"href":"https:\/\/dibosch.com\/es\/wp-json\/wp\/v2\/tipus-maquinaria?post=13812"}],"curies":[{"name":"wp","href":"https:\/\/api.w.org\/{rel}","templated":true}]}}