{"id":13814,"date":"2022-12-07T11:19:36","date_gmt":"2022-12-07T11:19:36","guid":{"rendered":"https:\/\/www.dibosch.com\/producto\/fd-attack-plus-2x5\/"},"modified":"2023-06-27T09:03:16","modified_gmt":"2023-06-27T09:03:16","slug":"fd-attack-plus-2x5","status":"publish","type":"product","link":"https:\/\/dibosch.com\/es\/producto\/fd-attack-plus-2x5\/","title":{"rendered":"FD-ATTACK PLUS (2&#215;5) &#8211; DIVERSEY"},"content":{"rendered":"<p><strong>Caracter\u00edsticas del producto:<\/strong><\/p>\n<p>Detergente de alto rendimiento en base disolvente para la eficaz eliminaci\u00f3n de aceites minerales y sint\u00e9ticos, marcas de ruedas de carretillas elevadoras y alquitr\u00e1n. El producto es un excelente desengrasante especial para ambientes industriales (holl\u00edn, alquitr\u00e1n.). Su f\u00f3rmula elimina tambi\u00e9n aceites org\u00e1nicos y grasas en \u00e1reas alimentarias.<\/p>\n<p>&nbsp;<\/p>\n<p><strong>Instrucciones de uso:<\/strong><\/p>\n<p>Dosis m\u00ednima: 250ml. por 10l. de soluci\u00f3n (2,5% I 1:40). incrementar la concentraci\u00f3n hasta un 10% y dejar actuar para suciedades fuertes. Utilizar puro sobre alquitr\u00e1n, bet\u00fan y restos de grasa.<br \/>\nFregadora-secadora: Utilizar como m\u00e1ximo 2,5%<\/p>\n<ul>\n<li>Manual: Dosificar el producto en un cubo lleno de agua y aplicar la soluci\u00f3n. Dejar actuar y fregar, luego eliminar la soluci\u00f3n sucia.<\/li>\n<li>Maquina: Dosificar el producto en el tanque lleno de agua de una maquina monodisc o fregadora-secadora y aplicar la soluci\u00f3n. Dejar actuar brevemente y fregar, luego eliminar la soluci\u00f3n sucia<\/li>\n<\/ul>\n<p>&nbsp;<\/p>\n<p><strong>Indicado para:<\/strong><\/p>\n<p>Suelos y superficies duras resistentes al agua<\/p>\n","protected":false},"excerpt":{"rendered":"<p>F\u00f3rmula emulsiva elimina grasas, aceite y suciedad<\/p>\n","protected":false},"featured_media":20966,"comment_status":"closed","ping_status":"closed","template":"","meta":[],"product_brand":[],"product_cat":[772,689,765],"product_tag":[],"marcas":[],"certificats":[],"caracteristiques":[],"tipus-productes":[],"zona-aplicacio":[],"tipus-maquinaria":[],"class_list":{"0":"post-13814","1":"product","2":"type-product","3":"status-publish","4":"has-post-thumbnail","6":"product_cat-limpieza-suelos","7":"product_cat-productos-de-limpieza","8":"product_cat-quimicos-maquinaria","10":"first","11":"instock","12":"product-type-simple"},"_links":{"self":[{"href":"https:\/\/dibosch.com\/es\/wp-json\/wp\/v2\/product\/13814","targetHints":{"allow":["GET"]}}],"collection":[{"href":"https:\/\/dibosch.com\/es\/wp-json\/wp\/v2\/product"}],"about":[{"href":"https:\/\/dibosch.com\/es\/wp-json\/wp\/v2\/types\/product"}],"replies":[{"embeddable":true,"href":"https:\/\/dibosch.com\/es\/wp-json\/wp\/v2\/comments?post=13814"}],"wp:featuredmedia":[{"embeddable":true,"href":"https:\/\/dibosch.com\/es\/wp-json\/wp\/v2\/media\/20966"}],"wp:attachment":[{"href":"https:\/\/dibosch.com\/es\/wp-json\/wp\/v2\/media?parent=13814"}],"wp:term":[{"taxonomy":"product_brand","embeddable":true,"href":"https:\/\/dibosch.com\/es\/wp-json\/wp\/v2\/product_brand?post=13814"},{"taxonomy":"product_cat","embeddable":true,"href":"https:\/\/dibosch.com\/es\/wp-json\/wp\/v2\/product_cat?post=13814"},{"taxonomy":"product_tag","embeddable":true,"href":"https:\/\/dibosch.com\/es\/wp-json\/wp\/v2\/product_tag?post=13814"},{"taxonomy":"marcas","embeddable":true,"href":"https:\/\/dibosch.com\/es\/wp-json\/wp\/v2\/marcas?post=13814"},{"taxonomy":"certificats","embeddable":true,"href":"https:\/\/dibosch.com\/es\/wp-json\/wp\/v2\/certificats?post=13814"},{"taxonomy":"caracteristiques","embeddable":true,"href":"https:\/\/dibosch.com\/es\/wp-json\/wp\/v2\/caracteristiques?post=13814"},{"taxonomy":"tipus-productes","embeddable":true,"href":"https:\/\/dibosch.com\/es\/wp-json\/wp\/v2\/tipus-productes?post=13814"},{"taxonomy":"zona-aplicacio","embeddable":true,"href":"https:\/\/dibosch.com\/es\/wp-json\/wp\/v2\/zona-aplicacio?post=13814"},{"taxonomy":"tipus-maquinaria","embeddable":true,"href":"https:\/\/dibosch.com\/es\/wp-json\/wp\/v2\/tipus-maquinaria?post=13814"}],"curies":[{"name":"wp","href":"https:\/\/api.w.org\/{rel}","templated":true}]}}