{"id":13833,"date":"2022-12-07T11:19:36","date_gmt":"2022-12-07T11:19:36","guid":{"rendered":"https:\/\/www.dibosch.com\/producto\/dosificador-pulsar-manual-deposito\/"},"modified":"2022-12-07T11:19:36","modified_gmt":"2022-12-07T11:19:36","slug":"dosificador-pulsar-manual-deposito","status":"publish","type":"product","link":"https:\/\/dibosch.com\/es\/producto\/dosificador-pulsar-manual-deposito\/","title":{"rendered":"DOSIFICADOR PULSAR MANUAL (DEP\u00d3SITO)"},"content":{"rendered":"<p>Bomba dosificadora. Lavavajillas manual. Dosificaci\u00f3n precisa y fiable. Dosificaci\u00f3n ajustable: 15, 22, 30 ml por pulsaci\u00f3n. Apto para su uso con productos de alta viscosidad. Introduzca el tubo de aspiraci\u00f3n en la garrafa de producto. Pulse el bot\u00f3n para obtener la cantidad deseada.<\/p>\n","protected":false},"excerpt":{"rendered":"<p>Dosificador manual de bombeo.<\/p>\n","protected":false},"featured_media":9980,"comment_status":"closed","ping_status":"open","template":"","meta":[],"product_brand":[],"product_cat":[710,687],"product_tag":[],"marcas":[922],"certificats":[],"caracteristiques":[],"tipus-productes":[],"zona-aplicacio":[],"tipus-maquinaria":[],"class_list":{"0":"post-13833","1":"product","2":"type-product","3":"status-publish","4":"has-post-thumbnail","6":"product_cat-accesorios-productos","7":"product_cat-equipamientos","8":"marcas-sucitesa-es","10":"first","11":"instock","12":"product-type-simple"},"_links":{"self":[{"href":"https:\/\/dibosch.com\/es\/wp-json\/wp\/v2\/product\/13833","targetHints":{"allow":["GET"]}}],"collection":[{"href":"https:\/\/dibosch.com\/es\/wp-json\/wp\/v2\/product"}],"about":[{"href":"https:\/\/dibosch.com\/es\/wp-json\/wp\/v2\/types\/product"}],"replies":[{"embeddable":true,"href":"https:\/\/dibosch.com\/es\/wp-json\/wp\/v2\/comments?post=13833"}],"wp:featuredmedia":[{"embeddable":true,"href":"https:\/\/dibosch.com\/es\/wp-json\/wp\/v2\/media\/9980"}],"wp:attachment":[{"href":"https:\/\/dibosch.com\/es\/wp-json\/wp\/v2\/media?parent=13833"}],"wp:term":[{"taxonomy":"product_brand","embeddable":true,"href":"https:\/\/dibosch.com\/es\/wp-json\/wp\/v2\/product_brand?post=13833"},{"taxonomy":"product_cat","embeddable":true,"href":"https:\/\/dibosch.com\/es\/wp-json\/wp\/v2\/product_cat?post=13833"},{"taxonomy":"product_tag","embeddable":true,"href":"https:\/\/dibosch.com\/es\/wp-json\/wp\/v2\/product_tag?post=13833"},{"taxonomy":"marcas","embeddable":true,"href":"https:\/\/dibosch.com\/es\/wp-json\/wp\/v2\/marcas?post=13833"},{"taxonomy":"certificats","embeddable":true,"href":"https:\/\/dibosch.com\/es\/wp-json\/wp\/v2\/certificats?post=13833"},{"taxonomy":"caracteristiques","embeddable":true,"href":"https:\/\/dibosch.com\/es\/wp-json\/wp\/v2\/caracteristiques?post=13833"},{"taxonomy":"tipus-productes","embeddable":true,"href":"https:\/\/dibosch.com\/es\/wp-json\/wp\/v2\/tipus-productes?post=13833"},{"taxonomy":"zona-aplicacio","embeddable":true,"href":"https:\/\/dibosch.com\/es\/wp-json\/wp\/v2\/zona-aplicacio?post=13833"},{"taxonomy":"tipus-maquinaria","embeddable":true,"href":"https:\/\/dibosch.com\/es\/wp-json\/wp\/v2\/tipus-maquinaria?post=13833"}],"curies":[{"name":"wp","href":"https:\/\/api.w.org\/{rel}","templated":true}]}}