{"id":13857,"date":"2022-12-07T11:20:43","date_gmt":"2022-12-07T11:20:43","guid":{"rendered":"https:\/\/www.dibosch.com\/producto\/cepillo-de-mano-corto-amarillo-25-4-cm-bueno-d5yres\/"},"modified":"2023-08-09T13:03:24","modified_gmt":"2023-08-09T13:03:24","slug":"cepillo-de-ma-corto-amarillo-25-4-cm-bueno-d5yres","status":"publish","type":"product","link":"https:\/\/dibosch.com\/es\/producto\/cepillo-de-ma-corto-amarillo-25-4-cm-bueno-d5yres\/","title":{"rendered":"CEPILLO DE MANO CORTO AMARILLO 25.4 cm BUENO D5YRES &#8211; HILLBRUSH"},"content":{"rendered":"<p><strong>Caracter\u00edsticas del producto:<\/strong><\/p>\n<p>Cepillo 254 mm, bloque de polipropileno, poli\u00e9ster blando relleno, juego de resina.<\/p>\n<p>Este cepillo resistente est\u00e1 dise\u00f1ado para funcionar y durar.<\/p>\n<p>El material en \u00e1ngulo a los lados y al frente permitir\u00e1 la limpieza en rincones de dif\u00edcil acceso, mientras que el mango con agarre es c\u00f3modo de usar incluso con guantes.<\/p>\n","protected":false},"excerpt":{"rendered":"<p>254 mm, bloque de polipropileno, poli\u00e9ster blando relleno, juego de resina. Este cepillo resistente est\u00e1 dise\u00f1ado para funcionar y durar.<\/p>\n","protected":false},"featured_media":22779,"comment_status":"closed","ping_status":"closed","template":"","meta":[],"product_brand":[],"product_cat":[771,713,684],"product_tag":[],"marcas":[],"certificats":[],"caracteristiques":[],"tipus-productes":[],"zona-aplicacio":[],"tipus-maquinaria":[],"class_list":{"0":"post-13857","1":"product","2":"type-product","3":"status-publish","4":"has-post-thumbnail","6":"product_cat-cepillos-manuales","7":"product_cat-utensilios","8":"product_cat-utiles-de-limpieza","10":"first","11":"instock","12":"product-type-simple"},"_links":{"self":[{"href":"https:\/\/dibosch.com\/es\/wp-json\/wp\/v2\/product\/13857","targetHints":{"allow":["GET"]}}],"collection":[{"href":"https:\/\/dibosch.com\/es\/wp-json\/wp\/v2\/product"}],"about":[{"href":"https:\/\/dibosch.com\/es\/wp-json\/wp\/v2\/types\/product"}],"replies":[{"embeddable":true,"href":"https:\/\/dibosch.com\/es\/wp-json\/wp\/v2\/comments?post=13857"}],"wp:featuredmedia":[{"embeddable":true,"href":"https:\/\/dibosch.com\/es\/wp-json\/wp\/v2\/media\/22779"}],"wp:attachment":[{"href":"https:\/\/dibosch.com\/es\/wp-json\/wp\/v2\/media?parent=13857"}],"wp:term":[{"taxonomy":"product_brand","embeddable":true,"href":"https:\/\/dibosch.com\/es\/wp-json\/wp\/v2\/product_brand?post=13857"},{"taxonomy":"product_cat","embeddable":true,"href":"https:\/\/dibosch.com\/es\/wp-json\/wp\/v2\/product_cat?post=13857"},{"taxonomy":"product_tag","embeddable":true,"href":"https:\/\/dibosch.com\/es\/wp-json\/wp\/v2\/product_tag?post=13857"},{"taxonomy":"marcas","embeddable":true,"href":"https:\/\/dibosch.com\/es\/wp-json\/wp\/v2\/marcas?post=13857"},{"taxonomy":"certificats","embeddable":true,"href":"https:\/\/dibosch.com\/es\/wp-json\/wp\/v2\/certificats?post=13857"},{"taxonomy":"caracteristiques","embeddable":true,"href":"https:\/\/dibosch.com\/es\/wp-json\/wp\/v2\/caracteristiques?post=13857"},{"taxonomy":"tipus-productes","embeddable":true,"href":"https:\/\/dibosch.com\/es\/wp-json\/wp\/v2\/tipus-productes?post=13857"},{"taxonomy":"zona-aplicacio","embeddable":true,"href":"https:\/\/dibosch.com\/es\/wp-json\/wp\/v2\/zona-aplicacio?post=13857"},{"taxonomy":"tipus-maquinaria","embeddable":true,"href":"https:\/\/dibosch.com\/es\/wp-json\/wp\/v2\/tipus-maquinaria?post=13857"}],"curies":[{"name":"wp","href":"https:\/\/api.w.org\/{rel}","templated":true}]}}