{"id":13867,"date":"2022-12-07T11:21:59","date_gmt":"2022-12-07T11:21:59","guid":{"rendered":"https:\/\/www.dibosch.com\/producto\/dosificador-touchfree-500-blanco-44672\/"},"modified":"2023-03-06T10:25:12","modified_gmt":"2023-03-06T10:25:12","slug":"dosificador-touchfree-500-blanco-44672","status":"publish","type":"product","link":"https:\/\/dibosch.com\/es\/producto\/dosificador-touchfree-500-blanco-44672\/","title":{"rendered":"DOSIFICADOR TOUCHFREE 500 BLANCO -44672- &#8211; KATRIN"},"content":{"rendered":"<p>La soluci\u00f3n m\u00e1s higi\u00e9nica<\/p>\n","protected":false},"excerpt":{"rendered":"<p>Dispensador de jab\u00f3n en espuma Touch FreeDise\u00f1o compacto. Disminuye las fugas y ayuda a ahorrar en jab\u00f3n.<\/p>\n","protected":false},"featured_media":9925,"comment_status":"closed","ping_status":"closed","template":"","meta":[],"product_brand":[],"product_cat":[760,687],"product_tag":[],"marcas":[923],"certificats":[],"caracteristiques":[],"tipus-productes":[942,943],"zona-aplicacio":[945,944,955],"tipus-maquinaria":[],"class_list":{"0":"post-13867","1":"product","2":"type-product","3":"status-publish","4":"has-post-thumbnail","6":"product_cat-dosificadores-de-jabon","7":"product_cat-equipamientos","8":"marcas-katrin-es","9":"tipus-productes-novedad-es","10":"tipus-productes-sistema-de-ahorro-es","11":"zona-aplicacio-zona-bano","12":"zona-aplicacio-zona-cocina","13":"zona-aplicacio-zona-sanitaria","15":"first","16":"instock","17":"product-type-simple"},"_links":{"self":[{"href":"https:\/\/dibosch.com\/es\/wp-json\/wp\/v2\/product\/13867","targetHints":{"allow":["GET"]}}],"collection":[{"href":"https:\/\/dibosch.com\/es\/wp-json\/wp\/v2\/product"}],"about":[{"href":"https:\/\/dibosch.com\/es\/wp-json\/wp\/v2\/types\/product"}],"replies":[{"embeddable":true,"href":"https:\/\/dibosch.com\/es\/wp-json\/wp\/v2\/comments?post=13867"}],"wp:featuredmedia":[{"embeddable":true,"href":"https:\/\/dibosch.com\/es\/wp-json\/wp\/v2\/media\/9925"}],"wp:attachment":[{"href":"https:\/\/dibosch.com\/es\/wp-json\/wp\/v2\/media?parent=13867"}],"wp:term":[{"taxonomy":"product_brand","embeddable":true,"href":"https:\/\/dibosch.com\/es\/wp-json\/wp\/v2\/product_brand?post=13867"},{"taxonomy":"product_cat","embeddable":true,"href":"https:\/\/dibosch.com\/es\/wp-json\/wp\/v2\/product_cat?post=13867"},{"taxonomy":"product_tag","embeddable":true,"href":"https:\/\/dibosch.com\/es\/wp-json\/wp\/v2\/product_tag?post=13867"},{"taxonomy":"marcas","embeddable":true,"href":"https:\/\/dibosch.com\/es\/wp-json\/wp\/v2\/marcas?post=13867"},{"taxonomy":"certificats","embeddable":true,"href":"https:\/\/dibosch.com\/es\/wp-json\/wp\/v2\/certificats?post=13867"},{"taxonomy":"caracteristiques","embeddable":true,"href":"https:\/\/dibosch.com\/es\/wp-json\/wp\/v2\/caracteristiques?post=13867"},{"taxonomy":"tipus-productes","embeddable":true,"href":"https:\/\/dibosch.com\/es\/wp-json\/wp\/v2\/tipus-productes?post=13867"},{"taxonomy":"zona-aplicacio","embeddable":true,"href":"https:\/\/dibosch.com\/es\/wp-json\/wp\/v2\/zona-aplicacio?post=13867"},{"taxonomy":"tipus-maquinaria","embeddable":true,"href":"https:\/\/dibosch.com\/es\/wp-json\/wp\/v2\/tipus-maquinaria?post=13867"}],"curies":[{"name":"wp","href":"https:\/\/api.w.org\/{rel}","templated":true}]}}