{"id":13868,"date":"2022-12-07T11:21:47","date_gmt":"2022-12-07T11:21:47","guid":{"rendered":"https:\/\/www.dibosch.com\/producto\/m-aspirador-wet-p11\/"},"modified":"2025-02-07T14:58:42","modified_gmt":"2025-02-07T14:58:42","slug":"m-aspirador-wet-p11","status":"publish","type":"product","link":"https:\/\/dibosch.com\/es\/producto\/m-aspirador-wet-p11\/","title":{"rendered":"ASPIRADOR WET P11 &#8211; COMAC"},"content":{"rendered":"<p>Wet P11 es un aspirador de peque\u00f1as dimensiones ideal por zonas tanto secas como h\u00famedas. Est\u00e1 especialmente indicado por el sector de la restauraci\u00f3n.<\/p>\n<p>TMB WET es una m\u00e1quina aspiradora ideal para limpiar superficies peque\u00f1as y para proyectos semi profesionales de bricolaje WET es una m\u00e1quina aspiradora ideal para limpiar superficies peque\u00f1as y para proyectos semi profesionales de bricolaje con una excelente relaci\u00f3n calidad \/ precio con una excelente relaci\u00f3n calidad \/ precio<\/p>\n","protected":false},"excerpt":{"rendered":"<p>Potencia 800 W | Capacidad 13 l |Nivel sonoro 63dB | Peso 7 kg | Pulso<\/p>\n","protected":false},"featured_media":24634,"comment_status":"closed","ping_status":"closed","template":"","meta":[],"product_brand":[],"product_cat":[1355,1330,1323,769,577],"product_tag":[],"marcas":[],"certificats":[],"caracteristiques":[],"tipus-productes":[],"zona-aplicacio":[],"tipus-maquinaria":[],"class_list":{"0":"post-13868","1":"product","2":"type-product","3":"status-publish","4":"has-post-thumbnail","6":"product_cat-aspirador-industrial-neumatico","7":"product_cat-aspirador-industrial-sin-cable","8":"product_cat-aspiradores-herramientas","9":"product_cat-aspiradores-profesionales","10":"product_cat-maquinas","12":"first","13":"instock","14":"product-type-simple"},"_links":{"self":[{"href":"https:\/\/dibosch.com\/es\/wp-json\/wp\/v2\/product\/13868","targetHints":{"allow":["GET"]}}],"collection":[{"href":"https:\/\/dibosch.com\/es\/wp-json\/wp\/v2\/product"}],"about":[{"href":"https:\/\/dibosch.com\/es\/wp-json\/wp\/v2\/types\/product"}],"replies":[{"embeddable":true,"href":"https:\/\/dibosch.com\/es\/wp-json\/wp\/v2\/comments?post=13868"}],"wp:featuredmedia":[{"embeddable":true,"href":"https:\/\/dibosch.com\/es\/wp-json\/wp\/v2\/media\/24634"}],"wp:attachment":[{"href":"https:\/\/dibosch.com\/es\/wp-json\/wp\/v2\/media?parent=13868"}],"wp:term":[{"taxonomy":"product_brand","embeddable":true,"href":"https:\/\/dibosch.com\/es\/wp-json\/wp\/v2\/product_brand?post=13868"},{"taxonomy":"product_cat","embeddable":true,"href":"https:\/\/dibosch.com\/es\/wp-json\/wp\/v2\/product_cat?post=13868"},{"taxonomy":"product_tag","embeddable":true,"href":"https:\/\/dibosch.com\/es\/wp-json\/wp\/v2\/product_tag?post=13868"},{"taxonomy":"marcas","embeddable":true,"href":"https:\/\/dibosch.com\/es\/wp-json\/wp\/v2\/marcas?post=13868"},{"taxonomy":"certificats","embeddable":true,"href":"https:\/\/dibosch.com\/es\/wp-json\/wp\/v2\/certificats?post=13868"},{"taxonomy":"caracteristiques","embeddable":true,"href":"https:\/\/dibosch.com\/es\/wp-json\/wp\/v2\/caracteristiques?post=13868"},{"taxonomy":"tipus-productes","embeddable":true,"href":"https:\/\/dibosch.com\/es\/wp-json\/wp\/v2\/tipus-productes?post=13868"},{"taxonomy":"zona-aplicacio","embeddable":true,"href":"https:\/\/dibosch.com\/es\/wp-json\/wp\/v2\/zona-aplicacio?post=13868"},{"taxonomy":"tipus-maquinaria","embeddable":true,"href":"https:\/\/dibosch.com\/es\/wp-json\/wp\/v2\/tipus-maquinaria?post=13868"}],"curies":[{"name":"wp","href":"https:\/\/api.w.org\/{rel}","templated":true}]}}