{"id":13873,"date":"2022-12-07T11:21:00","date_gmt":"2022-12-07T11:21:00","guid":{"rendered":"https:\/\/www.dibosch.com\/producto\/bayeta-pva-micro-amarilla-x5\/"},"modified":"2023-07-10T09:46:24","modified_gmt":"2023-07-10T09:46:24","slug":"bayeta-pva-micro-amarilla-x5","status":"publish","type":"product","link":"https:\/\/dibosch.com\/es\/producto\/bayeta-pva-micro-amarilla-x5\/","title":{"rendered":"BAYETA PVA MICRO AMARILLA (x5) &#8211; VILEDA"},"content":{"rendered":"<p><strong>Descripci\u00f3n de producto:<\/strong><\/p>\n<p>Su estructura en 3D de bayeta tejida formada 100% por microfibras ofrece una gran capacidad de limpieza, y el volumen para retirar la suciedad.<\/p>\n<p>Su recubrimiento \u00fanico en PVA (polivinilo de alcohol) reduce la fricci\u00f3n e incrementa su capacidad de absorci\u00f3n cuando se necesita trabajar con mucha agua, y bien escurrida deja la superficie seca y sin rastros.<\/p>\n<p>&nbsp;<\/p>\n<p><strong>C\u00f3mo utilizar:<\/strong><\/p>\n<p>\u2022 Aclarar bien con abundante agua antes del primer uso.<br \/>\n\u2022 Utilizar siempre humedecida, escurrirla sucesivamente a medida que vaya quedando saturada de agua.<br \/>\n\u2022 Lavar la bayeta una vez que se ensucie. Una vez seca, basta volver a humedecerla para recuperar su manejabilidad original.<br \/>\n\u2022 No utilizar productos clorados como la lej\u00eda.<br \/>\n\u2022 No es recomendable dejarlas expuestas al sol u otra fuente de calor.<br \/>\n\u2022 PVAmicro est\u00e1 disponible en cuatro colores, que permiten diferenciar \u00e1reas de trabajo y evitar el riesgo de contaminaciones de una zona a otra.<\/p>\n<p>&nbsp;<\/p>\n<p><strong>\u00c1rea de aplicaci\u00f3n:<\/strong><\/p>\n<p>PVAmicro es una bayeta multiusos ideal para cualquier superficie: mobiliario de oficinas, superficies acristaladas, acero inoxidable y muchas m\u00e1s.<\/p>\n<p>Su recubrimiento de PVA facilita el escurrido en \u00e1reas con mucha agua.<\/p>\n","protected":false},"excerpt":{"rendered":"<p>Microfibra recubierta de PVA. Seca con una pasada.<\/p>\n","protected":false},"featured_media":21637,"comment_status":"closed","ping_status":"closed","template":"","meta":[],"product_brand":[],"product_cat":[753,713,684],"product_tag":[],"marcas":[928],"certificats":[],"caracteristiques":[],"tipus-productes":[],"zona-aplicacio":[],"tipus-maquinaria":[],"class_list":{"0":"post-13873","1":"product","2":"type-product","3":"status-publish","4":"has-post-thumbnail","6":"product_cat-bayetas-y-panos","7":"product_cat-utensilios","8":"product_cat-utiles-de-limpieza","9":"marcas-vileda-es","11":"first","12":"instock","13":"product-type-simple"},"_links":{"self":[{"href":"https:\/\/dibosch.com\/es\/wp-json\/wp\/v2\/product\/13873","targetHints":{"allow":["GET"]}}],"collection":[{"href":"https:\/\/dibosch.com\/es\/wp-json\/wp\/v2\/product"}],"about":[{"href":"https:\/\/dibosch.com\/es\/wp-json\/wp\/v2\/types\/product"}],"replies":[{"embeddable":true,"href":"https:\/\/dibosch.com\/es\/wp-json\/wp\/v2\/comments?post=13873"}],"wp:featuredmedia":[{"embeddable":true,"href":"https:\/\/dibosch.com\/es\/wp-json\/wp\/v2\/media\/21637"}],"wp:attachment":[{"href":"https:\/\/dibosch.com\/es\/wp-json\/wp\/v2\/media?parent=13873"}],"wp:term":[{"taxonomy":"product_brand","embeddable":true,"href":"https:\/\/dibosch.com\/es\/wp-json\/wp\/v2\/product_brand?post=13873"},{"taxonomy":"product_cat","embeddable":true,"href":"https:\/\/dibosch.com\/es\/wp-json\/wp\/v2\/product_cat?post=13873"},{"taxonomy":"product_tag","embeddable":true,"href":"https:\/\/dibosch.com\/es\/wp-json\/wp\/v2\/product_tag?post=13873"},{"taxonomy":"marcas","embeddable":true,"href":"https:\/\/dibosch.com\/es\/wp-json\/wp\/v2\/marcas?post=13873"},{"taxonomy":"certificats","embeddable":true,"href":"https:\/\/dibosch.com\/es\/wp-json\/wp\/v2\/certificats?post=13873"},{"taxonomy":"caracteristiques","embeddable":true,"href":"https:\/\/dibosch.com\/es\/wp-json\/wp\/v2\/caracteristiques?post=13873"},{"taxonomy":"tipus-productes","embeddable":true,"href":"https:\/\/dibosch.com\/es\/wp-json\/wp\/v2\/tipus-productes?post=13873"},{"taxonomy":"zona-aplicacio","embeddable":true,"href":"https:\/\/dibosch.com\/es\/wp-json\/wp\/v2\/zona-aplicacio?post=13873"},{"taxonomy":"tipus-maquinaria","embeddable":true,"href":"https:\/\/dibosch.com\/es\/wp-json\/wp\/v2\/tipus-maquinaria?post=13873"}],"curies":[{"name":"wp","href":"https:\/\/api.w.org\/{rel}","templated":true}]}}