{"id":13892,"date":"2022-12-07T11:21:43","date_gmt":"2022-12-07T11:21:43","guid":{"rendered":"https:\/\/www.dibosch.com\/producto\/ecomix-pure-d-500-bp5\/"},"modified":"2024-02-02T11:00:44","modified_gmt":"2024-02-02T11:00:44","slug":"ecomix-pure-d-500-bp5","status":"publish","type":"product","link":"https:\/\/dibosch.com\/es\/producto\/ecomix-pure-d-500-bp5\/","title":{"rendered":"ECOMIX PURE D-500 BP5 &#8211; SUCITESA"},"content":{"rendered":"<p>Limpiador desincrustante para WC concentrado. Con amonios cuaternarios<\/p>\n<p>Limpia y desodoriza. Elimina incrustaciones, \u00f3xido y suciedad. Efecto ambientador. Gran adherencia y efectividad.<\/p>\n<p>Garantiza \u00f3ptimas condiciones higi\u00e9nicas. Viscosidad adecuada para una c\u00f3moda dosificaci\u00f3n. Acci\u00f3n r\u00e1pida.<\/p>\n","protected":false},"excerpt":{"rendered":"<p>Limpiador desincrustante para WC concentrado. Con amonios cuaternarios Limpia y desodoriza. Elimina incrustaciones, \u00f3xido y suciedad. Efecto ambientador. Gran adherencia y efectividad. Garantiza \u00f3ptimas condiciones higi\u00e9nicas. Viscosidad adecuada para una c\u00f3moda dosificaci\u00f3n. Acci\u00f3n r\u00e1pida.<\/p>\n","protected":false},"featured_media":9605,"comment_status":"closed","ping_status":"closed","template":"","meta":[],"product_brand":[],"product_cat":[689,734,694],"product_tag":[],"marcas":[922],"certificats":[],"caracteristiques":[939],"tipus-productes":[943],"zona-aplicacio":[945],"tipus-maquinaria":[],"class_list":{"0":"post-13892","1":"product","2":"type-product","3":"status-publish","4":"has-post-thumbnail","6":"product_cat-productos-de-limpieza","7":"product_cat-desincrustantes-y-antical","8":"product_cat-quimicos","9":"marcas-sucitesa-es","10":"caracteristiques-concentrados-es","11":"tipus-productes-sistema-de-ahorro-es","12":"zona-aplicacio-zona-bano","14":"first","15":"instock","16":"product-type-simple"},"_links":{"self":[{"href":"https:\/\/dibosch.com\/es\/wp-json\/wp\/v2\/product\/13892","targetHints":{"allow":["GET"]}}],"collection":[{"href":"https:\/\/dibosch.com\/es\/wp-json\/wp\/v2\/product"}],"about":[{"href":"https:\/\/dibosch.com\/es\/wp-json\/wp\/v2\/types\/product"}],"replies":[{"embeddable":true,"href":"https:\/\/dibosch.com\/es\/wp-json\/wp\/v2\/comments?post=13892"}],"wp:featuredmedia":[{"embeddable":true,"href":"https:\/\/dibosch.com\/es\/wp-json\/wp\/v2\/media\/9605"}],"wp:attachment":[{"href":"https:\/\/dibosch.com\/es\/wp-json\/wp\/v2\/media?parent=13892"}],"wp:term":[{"taxonomy":"product_brand","embeddable":true,"href":"https:\/\/dibosch.com\/es\/wp-json\/wp\/v2\/product_brand?post=13892"},{"taxonomy":"product_cat","embeddable":true,"href":"https:\/\/dibosch.com\/es\/wp-json\/wp\/v2\/product_cat?post=13892"},{"taxonomy":"product_tag","embeddable":true,"href":"https:\/\/dibosch.com\/es\/wp-json\/wp\/v2\/product_tag?post=13892"},{"taxonomy":"marcas","embeddable":true,"href":"https:\/\/dibosch.com\/es\/wp-json\/wp\/v2\/marcas?post=13892"},{"taxonomy":"certificats","embeddable":true,"href":"https:\/\/dibosch.com\/es\/wp-json\/wp\/v2\/certificats?post=13892"},{"taxonomy":"caracteristiques","embeddable":true,"href":"https:\/\/dibosch.com\/es\/wp-json\/wp\/v2\/caracteristiques?post=13892"},{"taxonomy":"tipus-productes","embeddable":true,"href":"https:\/\/dibosch.com\/es\/wp-json\/wp\/v2\/tipus-productes?post=13892"},{"taxonomy":"zona-aplicacio","embeddable":true,"href":"https:\/\/dibosch.com\/es\/wp-json\/wp\/v2\/zona-aplicacio?post=13892"},{"taxonomy":"tipus-maquinaria","embeddable":true,"href":"https:\/\/dibosch.com\/es\/wp-json\/wp\/v2\/tipus-maquinaria?post=13892"}],"curies":[{"name":"wp","href":"https:\/\/api.w.org\/{rel}","templated":true}]}}