{"id":13899,"date":"2022-12-07T11:22:07","date_gmt":"2022-12-07T11:22:07","guid":{"rendered":"https:\/\/www.dibosch.com\/producto\/m-aspirador-dm-35-oil\/"},"modified":"2024-04-09T09:47:06","modified_gmt":"2024-04-09T09:47:06","slug":"m-aspirador-dm-35-oil","status":"publish","type":"product","link":"https:\/\/dibosch.com\/es\/producto\/m-aspirador-dm-35-oil\/","title":{"rendered":"ASPIRADOR DM 35 OIL &#8211; DELFIN"},"content":{"rendered":"<p>Creado para la extracci\u00f3n y recuperaci\u00f3n de l\u00edquidos, aceites y emulsiones, tambi\u00e9n mezclado con polvos o lodos de m\u00e1quinas herramienta CNC. Una cesta de separaci\u00f3n separa la viruta del l\u00edquido, que cuando se filtra cae al contenedor de 100 litros. Gracias a una v\u00e1lvula de drenaje, es f\u00e1cil drenar y volver a inyectar el aceite en la m\u00e1quina, mientras que las virutas de metal se pueden eliminar f\u00e1cilmente. Flotador para protecci\u00f3n del motor e indicador de nivel de l\u00edquido integrado.<\/p>\n<p><strong>VENTAJAS<\/strong><\/p>\n<p>Entrada de aspiraci\u00f3n tangencial con cicl\u00f3n integrado<br \/>\nConstrucci\u00f3n completa en acero<br \/>\nTres potentes motores derivaci\u00f3n con enfriamiento independiente<br \/>\nCompacto y m\u00f3vil<br \/>\nDispositivo flotante para detener la aspiraci\u00f3n cuando el recipiente est\u00e1 lleno<br \/>\nManguera de descarga para l\u00edquidos<br \/>\nFiltraci\u00f3n y recuperaci\u00f3n de aceite de corte y l\u00edquido refrigerante<\/p>\n<p><strong>CARACTER\u00cdSTICAS T\u00c9CNICAS DM 35 OIL<\/strong><\/p>\n<p><strong>Alimentaci\u00f3n<\/strong> 230 &#8211; 50 &#8211; V-Hz<br \/>\n<strong>Potencia<\/strong> 3,45 kW<br \/>\n<strong>Depresi\u00f3n m\u00e1xima<\/strong> 2.500 mm H\u2082O<br \/>\n<strong>Caudal de aire m\u00e1ximo<\/strong> 540 m\u00b3\/h<br \/>\n<strong>Nivel de ruido<\/strong> 76 dB(A)<br \/>\n<strong>Tipo de filtro<\/strong> Bolsa<br \/>\n<strong>Superficies<\/strong> 500 cm\u00b2-mm<br \/>\n<strong>Media filtrante &#8211; Filtraci\u00f3n<\/strong> polipropileno &#8211; 300\u03bcm<br \/>\n<strong>Sistema de descarga<\/strong><br \/>\n<strong>Capacidad para l\u00edquidos <\/strong>80 lt<br \/>\n<strong>Capacidad para s\u00f3lidos<\/strong> 60 lt<br \/>\n<strong>Flotante<\/strong><br \/>\n<strong>Dimensiones <\/strong> 67x66x125h<br \/>\n<strong>Peso<\/strong> 65 kg<\/p>\n<p>&nbsp;<\/p>\n<p><strong>*Precio base sujeto a disponibilidad (Sin IVA) Consultar complementos incluidos.<\/strong><\/p>\n","protected":false},"excerpt":{"rendered":"<p>Creado para la extracci\u00f3n y recuperaci\u00f3n de l\u00edquidos, aceites y emulsiones, tambi\u00e9n mezclado con polvos o lodos de m\u00e1quinas herramienta CNC. Una cesta de separaci\u00f3n separa la viruta del l\u00edquido, que cuando se filtra cae al contenedor de 100 litros. Gracias a una v\u00e1lvula de drenaje, es f\u00e1cil drenar y volver a inyectar el aceite [&hellip;]<\/p>\n","protected":false},"featured_media":24516,"comment_status":"closed","ping_status":"closed","template":"","meta":[],"product_brand":[],"product_cat":[1355,1330,1176,1185,1333,1188,1190,578,577],"product_tag":[],"marcas":[915],"certificats":[],"caracteristiques":[],"tipus-productes":[],"zona-aplicacio":[949],"tipus-maquinaria":[],"class_list":{"0":"post-13899","1":"product","2":"type-product","3":"status-publish","4":"has-post-thumbnail","6":"product_cat-aspirador-industrial-neumatico","7":"product_cat-aspirador-industrial-sin-cable","8":"product_cat-aspirador-industrial-virutas-metalicas","9":"product_cat-aspiradoras-industriales-aire-comprimido","10":"product_cat-aspiradoras-semi-industriales","11":"product_cat-aspiradores-delfin","12":"product_cat-aspiradores-arena","13":"product_cat-aspiradores-industriales","14":"product_cat-maquinas","15":"marcas-delfin-es","16":"zona-aplicacio-zona-produccion-y-talleres","18":"first","19":"instock","20":"purchasable","21":"product-type-simple"},"_links":{"self":[{"href":"https:\/\/dibosch.com\/es\/wp-json\/wp\/v2\/product\/13899","targetHints":{"allow":["GET"]}}],"collection":[{"href":"https:\/\/dibosch.com\/es\/wp-json\/wp\/v2\/product"}],"about":[{"href":"https:\/\/dibosch.com\/es\/wp-json\/wp\/v2\/types\/product"}],"replies":[{"embeddable":true,"href":"https:\/\/dibosch.com\/es\/wp-json\/wp\/v2\/comments?post=13899"}],"wp:featuredmedia":[{"embeddable":true,"href":"https:\/\/dibosch.com\/es\/wp-json\/wp\/v2\/media\/24516"}],"wp:attachment":[{"href":"https:\/\/dibosch.com\/es\/wp-json\/wp\/v2\/media?parent=13899"}],"wp:term":[{"taxonomy":"product_brand","embeddable":true,"href":"https:\/\/dibosch.com\/es\/wp-json\/wp\/v2\/product_brand?post=13899"},{"taxonomy":"product_cat","embeddable":true,"href":"https:\/\/dibosch.com\/es\/wp-json\/wp\/v2\/product_cat?post=13899"},{"taxonomy":"product_tag","embeddable":true,"href":"https:\/\/dibosch.com\/es\/wp-json\/wp\/v2\/product_tag?post=13899"},{"taxonomy":"marcas","embeddable":true,"href":"https:\/\/dibosch.com\/es\/wp-json\/wp\/v2\/marcas?post=13899"},{"taxonomy":"certificats","embeddable":true,"href":"https:\/\/dibosch.com\/es\/wp-json\/wp\/v2\/certificats?post=13899"},{"taxonomy":"caracteristiques","embeddable":true,"href":"https:\/\/dibosch.com\/es\/wp-json\/wp\/v2\/caracteristiques?post=13899"},{"taxonomy":"tipus-productes","embeddable":true,"href":"https:\/\/dibosch.com\/es\/wp-json\/wp\/v2\/tipus-productes?post=13899"},{"taxonomy":"zona-aplicacio","embeddable":true,"href":"https:\/\/dibosch.com\/es\/wp-json\/wp\/v2\/zona-aplicacio?post=13899"},{"taxonomy":"tipus-maquinaria","embeddable":true,"href":"https:\/\/dibosch.com\/es\/wp-json\/wp\/v2\/tipus-maquinaria?post=13899"}],"curies":[{"name":"wp","href":"https:\/\/api.w.org\/{rel}","templated":true}]}}