{"id":13909,"date":"2022-12-07T11:22:35","date_gmt":"2022-12-07T11:22:35","guid":{"rendered":"https:\/\/www.dibosch.com\/producto\/fd-af-silicon-bp20\/"},"modified":"2023-06-30T14:24:05","modified_gmt":"2023-06-30T14:24:05","slug":"fd-af-silicon-bp20","status":"publish","type":"product","link":"https:\/\/dibosch.com\/es\/producto\/fd-af-silicon-bp20\/","title":{"rendered":"FD- AF SILICON BP20 &#8211; DIVERSEY"},"content":{"rendered":"<p><strong>Caracter\u00edsticas del producto:<\/strong><\/p>\n<p>AF Silicon es un antiespumante de uso general basado en siliconas para su uso en la Industria Alimentaria.<\/p>\n<p>Es un aditivo concentrado basado en silicona dise\u00f1ado especialmente para neutralizar el exceso de espuma como resultado de la interacci\u00f3n entre detergentes alcalinos y la suciedad. Es adecuado su uso para un amplio rango temperaturas y aplicaciones como lavado de botellas y limpieza CIP.<\/p>\n<p>&nbsp;<\/p>\n<p><strong>Modo de uso:<\/strong><\/p>\n<p>Como Coadyuvante tecnol\u00f3gico: Aplicar seg\u00fan problem\u00e1ticas de espuma entre el 0,005 (50 mg\/l) y 0,001% (100 mg\/l) asegurando que tras el enjuague final se disponga de un residual &lt;5 mg de activo antiespumante\/kg de producto acabado.<\/p>\n<p>En el caso de patatas y champi\u00f1ones este valor debe ser inferior a 1 mg \/kg. Con un correcto enjuague siempre estaremos por debajo de estos valores. Los vegetales, patatas, champi\u00f1ones, etc deben ser enjuagados obligatoria y abundantemente con agua potable despu\u00e9s del tratamiento.<\/p>\n<p>&nbsp;<\/p>\n<p><strong>Indicado para:<\/strong><\/p>\n<p>Control de espuma en procesos de la industria conservera y congelados: transformaci\u00f3n de champi\u00f1ones, guisantes y jud\u00edas destinados a la industria conservera y congelados, patatas<\/p>\n","protected":false},"excerpt":{"rendered":"<p>Antiespumante con base silicona.<\/p>\n","protected":false},"featured_media":21256,"comment_status":"closed","ping_status":"closed","template":"","meta":[],"product_brand":[],"product_cat":[809,715,689],"product_tag":[],"marcas":[],"certificats":[],"caracteristiques":[],"tipus-productes":[],"zona-aplicacio":[],"tipus-maquinaria":[],"class_list":{"0":"post-13909","1":"product","2":"type-product","3":"status-publish","4":"has-post-thumbnail","6":"product_cat-aditivos-antiespumante","7":"product_cat-especificos-para-industria-alimentaria","8":"product_cat-productos-de-limpieza","10":"first","11":"instock","12":"product-type-simple"},"_links":{"self":[{"href":"https:\/\/dibosch.com\/es\/wp-json\/wp\/v2\/product\/13909","targetHints":{"allow":["GET"]}}],"collection":[{"href":"https:\/\/dibosch.com\/es\/wp-json\/wp\/v2\/product"}],"about":[{"href":"https:\/\/dibosch.com\/es\/wp-json\/wp\/v2\/types\/product"}],"replies":[{"embeddable":true,"href":"https:\/\/dibosch.com\/es\/wp-json\/wp\/v2\/comments?post=13909"}],"wp:featuredmedia":[{"embeddable":true,"href":"https:\/\/dibosch.com\/es\/wp-json\/wp\/v2\/media\/21256"}],"wp:attachment":[{"href":"https:\/\/dibosch.com\/es\/wp-json\/wp\/v2\/media?parent=13909"}],"wp:term":[{"taxonomy":"product_brand","embeddable":true,"href":"https:\/\/dibosch.com\/es\/wp-json\/wp\/v2\/product_brand?post=13909"},{"taxonomy":"product_cat","embeddable":true,"href":"https:\/\/dibosch.com\/es\/wp-json\/wp\/v2\/product_cat?post=13909"},{"taxonomy":"product_tag","embeddable":true,"href":"https:\/\/dibosch.com\/es\/wp-json\/wp\/v2\/product_tag?post=13909"},{"taxonomy":"marcas","embeddable":true,"href":"https:\/\/dibosch.com\/es\/wp-json\/wp\/v2\/marcas?post=13909"},{"taxonomy":"certificats","embeddable":true,"href":"https:\/\/dibosch.com\/es\/wp-json\/wp\/v2\/certificats?post=13909"},{"taxonomy":"caracteristiques","embeddable":true,"href":"https:\/\/dibosch.com\/es\/wp-json\/wp\/v2\/caracteristiques?post=13909"},{"taxonomy":"tipus-productes","embeddable":true,"href":"https:\/\/dibosch.com\/es\/wp-json\/wp\/v2\/tipus-productes?post=13909"},{"taxonomy":"zona-aplicacio","embeddable":true,"href":"https:\/\/dibosch.com\/es\/wp-json\/wp\/v2\/zona-aplicacio?post=13909"},{"taxonomy":"tipus-maquinaria","embeddable":true,"href":"https:\/\/dibosch.com\/es\/wp-json\/wp\/v2\/tipus-maquinaria?post=13909"}],"curies":[{"name":"wp","href":"https:\/\/api.w.org\/{rel}","templated":true}]}}