{"id":13914,"date":"2022-12-07T11:23:04","date_gmt":"2022-12-07T11:23:04","guid":{"rendered":"https:\/\/www.dibosch.com\/producto\/recambio-mopa-tris-cl-wet-system-00000485\/"},"modified":"2023-07-17T13:54:55","modified_gmt":"2023-07-17T13:54:55","slug":"repuesto-mopa-tris-cl-wet-system-00000485","status":"publish","type":"product","link":"https:\/\/dibosch.com\/es\/producto\/repuesto-mopa-tris-cl-wet-system-00000485\/","title":{"rendered":"RECAMBIO MOPA TRIS (CL) WET SYSTEM &#8211; 00000485 &#8211; TTS"},"content":{"rendered":"<p><strong>Caracter\u00edsticas del producto:<\/strong><\/p>\n<p>Recambio de mopa de microfibra, poli\u00e9ster y algod\u00f3n hilo continuo, tela de poli\u00e9ster<\/p>\n<p>Sistema plano con aletas, se utiliza con prensa de rodillo, de labio o de libro<\/p>\n<p>Ideal para cualquier superficie y suciedad gracias a la combinaci\u00f3n de las 3 fibras: algod\u00f3n para la absorci\u00f3n, microfibra para la recogida y poli\u00e9ster para la suciedad grasa y fluidez<\/p>\n<p>Reduce el tiempo de trabajo: gracias a la amplia superficie de limpieza del recambio y la posibilidad de llegar a las esquinas y limpiar debajo de los muebles<\/p>\n","protected":false},"excerpt":{"rendered":"<p>Recambio poli\u00e9ster hilo de algod\u00f3n y microfibra.<\/p>\n","protected":false},"featured_media":22091,"comment_status":"closed","ping_status":"closed","template":"","meta":[],"product_brand":[],"product_cat":[714,713,684],"product_tag":[],"marcas":[917],"certificats":[],"caracteristiques":[],"tipus-productes":[],"zona-aplicacio":[],"tipus-maquinaria":[],"class_list":{"0":"post-13914","1":"product","2":"type-product","3":"status-publish","4":"has-post-thumbnail","6":"product_cat-mopas","7":"product_cat-utensilios","8":"product_cat-utiles-de-limpieza","9":"marcas-tts-es","11":"first","12":"instock","13":"product-type-simple"},"_links":{"self":[{"href":"https:\/\/dibosch.com\/es\/wp-json\/wp\/v2\/product\/13914","targetHints":{"allow":["GET"]}}],"collection":[{"href":"https:\/\/dibosch.com\/es\/wp-json\/wp\/v2\/product"}],"about":[{"href":"https:\/\/dibosch.com\/es\/wp-json\/wp\/v2\/types\/product"}],"replies":[{"embeddable":true,"href":"https:\/\/dibosch.com\/es\/wp-json\/wp\/v2\/comments?post=13914"}],"wp:featuredmedia":[{"embeddable":true,"href":"https:\/\/dibosch.com\/es\/wp-json\/wp\/v2\/media\/22091"}],"wp:attachment":[{"href":"https:\/\/dibosch.com\/es\/wp-json\/wp\/v2\/media?parent=13914"}],"wp:term":[{"taxonomy":"product_brand","embeddable":true,"href":"https:\/\/dibosch.com\/es\/wp-json\/wp\/v2\/product_brand?post=13914"},{"taxonomy":"product_cat","embeddable":true,"href":"https:\/\/dibosch.com\/es\/wp-json\/wp\/v2\/product_cat?post=13914"},{"taxonomy":"product_tag","embeddable":true,"href":"https:\/\/dibosch.com\/es\/wp-json\/wp\/v2\/product_tag?post=13914"},{"taxonomy":"marcas","embeddable":true,"href":"https:\/\/dibosch.com\/es\/wp-json\/wp\/v2\/marcas?post=13914"},{"taxonomy":"certificats","embeddable":true,"href":"https:\/\/dibosch.com\/es\/wp-json\/wp\/v2\/certificats?post=13914"},{"taxonomy":"caracteristiques","embeddable":true,"href":"https:\/\/dibosch.com\/es\/wp-json\/wp\/v2\/caracteristiques?post=13914"},{"taxonomy":"tipus-productes","embeddable":true,"href":"https:\/\/dibosch.com\/es\/wp-json\/wp\/v2\/tipus-productes?post=13914"},{"taxonomy":"zona-aplicacio","embeddable":true,"href":"https:\/\/dibosch.com\/es\/wp-json\/wp\/v2\/zona-aplicacio?post=13914"},{"taxonomy":"tipus-maquinaria","embeddable":true,"href":"https:\/\/dibosch.com\/es\/wp-json\/wp\/v2\/tipus-maquinaria?post=13914"}],"curies":[{"name":"wp","href":"https:\/\/api.w.org\/{rel}","templated":true}]}}