{"id":13927,"date":"2022-12-07T11:22:44","date_gmt":"2022-12-07T11:22:44","guid":{"rendered":"https:\/\/www.dibosch.com\/producto\/m-aspirador-zfr-el-hd-z22\/"},"modified":"2025-02-07T15:03:46","modified_gmt":"2025-02-07T15:03:46","slug":"m-aspirador-zfr-el-hd-z22","status":"publish","type":"product","link":"https:\/\/dibosch.com\/es\/producto\/m-aspirador-zfr-el-hd-z22\/","title":{"rendered":"ASPIRADOR ZFR EL HD Z22"},"content":{"rendered":"<p>Aspirador industrial ideal para la aspiraci\u00f3n de p\u00f3lvoras mezcladas con l\u00edquidos gracias a la poderosa turbina de canal lateral trif\u00e1sico, con un filtro de poli\u00e9ster antiest\u00e1tico con una gran superficie de 2m2 (con la posibilidad de filtraci\u00f3n absoluta adicional) y 60 litros de capacidad de recipiente.<\/p>\n<p>Sus caracter\u00edsticas lo hacen perfecto para cualquier aplicaci\u00f3n industrial en \u00e1reas con riesgo de explosi\u00f3n que requieren certificaci\u00f3n ATEX del equipo, ya sea polvo, s\u00f3lidos o l\u00edquidos.<\/p>\n","protected":false},"excerpt":{"rendered":"<p>Aspirador industrial ideal para la aspiraci\u00f3n de p\u00f3lvoras mezcladas con l\u00edquidos gracias a la poderosa turbina de canal lateral trif\u00e1sico, con un filtro de poli\u00e9ster antiest\u00e1tico con una gran superficie de 2m2 (con la posibilidad de filtraci\u00f3n absoluta adicional) y 60 litros de capacidad de recipiente. Sus caracter\u00edsticas lo hacen perfecto para cualquier aplicaci\u00f3n industrial [&hellip;]<\/p>\n","protected":false},"featured_media":24723,"comment_status":"closed","ping_status":"closed","template":"","meta":[],"product_brand":[],"product_cat":[1355,578,577],"product_tag":[],"marcas":[],"certificats":[],"caracteristiques":[],"tipus-productes":[],"zona-aplicacio":[],"tipus-maquinaria":[],"class_list":{"0":"post-13927","1":"product","2":"type-product","3":"status-publish","4":"has-post-thumbnail","6":"product_cat-aspirador-industrial-neumatico","7":"product_cat-aspiradores-industriales","8":"product_cat-maquinas","10":"first","11":"instock","12":"product-type-simple"},"_links":{"self":[{"href":"https:\/\/dibosch.com\/es\/wp-json\/wp\/v2\/product\/13927","targetHints":{"allow":["GET"]}}],"collection":[{"href":"https:\/\/dibosch.com\/es\/wp-json\/wp\/v2\/product"}],"about":[{"href":"https:\/\/dibosch.com\/es\/wp-json\/wp\/v2\/types\/product"}],"replies":[{"embeddable":true,"href":"https:\/\/dibosch.com\/es\/wp-json\/wp\/v2\/comments?post=13927"}],"wp:featuredmedia":[{"embeddable":true,"href":"https:\/\/dibosch.com\/es\/wp-json\/wp\/v2\/media\/24723"}],"wp:attachment":[{"href":"https:\/\/dibosch.com\/es\/wp-json\/wp\/v2\/media?parent=13927"}],"wp:term":[{"taxonomy":"product_brand","embeddable":true,"href":"https:\/\/dibosch.com\/es\/wp-json\/wp\/v2\/product_brand?post=13927"},{"taxonomy":"product_cat","embeddable":true,"href":"https:\/\/dibosch.com\/es\/wp-json\/wp\/v2\/product_cat?post=13927"},{"taxonomy":"product_tag","embeddable":true,"href":"https:\/\/dibosch.com\/es\/wp-json\/wp\/v2\/product_tag?post=13927"},{"taxonomy":"marcas","embeddable":true,"href":"https:\/\/dibosch.com\/es\/wp-json\/wp\/v2\/marcas?post=13927"},{"taxonomy":"certificats","embeddable":true,"href":"https:\/\/dibosch.com\/es\/wp-json\/wp\/v2\/certificats?post=13927"},{"taxonomy":"caracteristiques","embeddable":true,"href":"https:\/\/dibosch.com\/es\/wp-json\/wp\/v2\/caracteristiques?post=13927"},{"taxonomy":"tipus-productes","embeddable":true,"href":"https:\/\/dibosch.com\/es\/wp-json\/wp\/v2\/tipus-productes?post=13927"},{"taxonomy":"zona-aplicacio","embeddable":true,"href":"https:\/\/dibosch.com\/es\/wp-json\/wp\/v2\/zona-aplicacio?post=13927"},{"taxonomy":"tipus-maquinaria","embeddable":true,"href":"https:\/\/dibosch.com\/es\/wp-json\/wp\/v2\/tipus-maquinaria?post=13927"}],"curies":[{"name":"wp","href":"https:\/\/api.w.org\/{rel}","templated":true}]}}