{"id":13941,"date":"2022-12-07T11:22:54","date_gmt":"2022-12-07T11:22:54","guid":{"rendered":"https:\/\/www.dibosch.com\/producto\/m-steam-box-vac-mini-375kw\/"},"modified":"2025-02-07T14:53:47","modified_gmt":"2025-02-07T14:53:47","slug":"m-steam-box-vac-mini-375kw","status":"publish","type":"product","link":"https:\/\/dibosch.com\/es\/producto\/m-steam-box-vac-mini-375kw\/","title":{"rendered":"STEAM BOX VAC MINI 3,75KW"},"content":{"rendered":"<p>TECNOVAP STEAM BOX VAC mine 6 bar. El generador de vapor Steam Box Vac mini de TECNOVAP, es un modelo MONOF\u00c1SICO con estructura de acero inoxidable. Potencia de 3,75 kW.<\/p>\n<p>Equipo potente, con las m\u00e1ximas garant\u00edas Tecnovap. El equipo peque\u00f1o de la gama m\u00e1s industrial.<\/p>\n<p>Los generadores de vapor Steam Box mini destacan en el sector por su fabricaci\u00f3n a prueba de agua IPX 5, con sistema de recarga autom\u00e1tica con control electromec\u00e1nico True Temp, inyecci\u00f3n de detergente, conexi\u00f3n directa con el suministro de agua, veleta de control de baja tensi\u00f3n, consola el\u00e9ctrica con: term\u00f3metro, man\u00f3metro, cuenta horas y aviso hace falta.<\/p>\n","protected":false},"excerpt":{"rendered":"<p>TECNOVAP STEAM BOX VAC mine 6 bar. El generador de vapor Steam Box Vac mini de TECNOVAP, es un modelo MONOF\u00c1SICO con estructura de acero inoxidable. Potencia de 3,75 kW. Equipo potente, con las m\u00e1ximas garant\u00edas Tecnovap. El equipo peque\u00f1o de la gama m\u00e1s industrial. Los generadores de vapor Steam Box mini destacan en el [&hellip;]<\/p>\n","protected":false},"featured_media":24990,"comment_status":"closed","ping_status":"closed","template":"","meta":[],"product_brand":[],"product_cat":[761,577],"product_tag":[],"marcas":[913],"certificats":[],"caracteristiques":[],"tipus-productes":[],"zona-aplicacio":[],"tipus-maquinaria":[],"class_list":{"0":"post-13941","1":"product","2":"type-product","3":"status-publish","4":"has-post-thumbnail","6":"product_cat-vapor-industrial-es","7":"product_cat-maquinas","8":"marcas-tecnovap-es","10":"first","11":"instock","12":"product-type-simple"},"_links":{"self":[{"href":"https:\/\/dibosch.com\/es\/wp-json\/wp\/v2\/product\/13941","targetHints":{"allow":["GET"]}}],"collection":[{"href":"https:\/\/dibosch.com\/es\/wp-json\/wp\/v2\/product"}],"about":[{"href":"https:\/\/dibosch.com\/es\/wp-json\/wp\/v2\/types\/product"}],"replies":[{"embeddable":true,"href":"https:\/\/dibosch.com\/es\/wp-json\/wp\/v2\/comments?post=13941"}],"wp:featuredmedia":[{"embeddable":true,"href":"https:\/\/dibosch.com\/es\/wp-json\/wp\/v2\/media\/24990"}],"wp:attachment":[{"href":"https:\/\/dibosch.com\/es\/wp-json\/wp\/v2\/media?parent=13941"}],"wp:term":[{"taxonomy":"product_brand","embeddable":true,"href":"https:\/\/dibosch.com\/es\/wp-json\/wp\/v2\/product_brand?post=13941"},{"taxonomy":"product_cat","embeddable":true,"href":"https:\/\/dibosch.com\/es\/wp-json\/wp\/v2\/product_cat?post=13941"},{"taxonomy":"product_tag","embeddable":true,"href":"https:\/\/dibosch.com\/es\/wp-json\/wp\/v2\/product_tag?post=13941"},{"taxonomy":"marcas","embeddable":true,"href":"https:\/\/dibosch.com\/es\/wp-json\/wp\/v2\/marcas?post=13941"},{"taxonomy":"certificats","embeddable":true,"href":"https:\/\/dibosch.com\/es\/wp-json\/wp\/v2\/certificats?post=13941"},{"taxonomy":"caracteristiques","embeddable":true,"href":"https:\/\/dibosch.com\/es\/wp-json\/wp\/v2\/caracteristiques?post=13941"},{"taxonomy":"tipus-productes","embeddable":true,"href":"https:\/\/dibosch.com\/es\/wp-json\/wp\/v2\/tipus-productes?post=13941"},{"taxonomy":"zona-aplicacio","embeddable":true,"href":"https:\/\/dibosch.com\/es\/wp-json\/wp\/v2\/zona-aplicacio?post=13941"},{"taxonomy":"tipus-maquinaria","embeddable":true,"href":"https:\/\/dibosch.com\/es\/wp-json\/wp\/v2\/tipus-maquinaria?post=13941"}],"curies":[{"name":"wp","href":"https:\/\/api.w.org\/{rel}","templated":true}]}}