{"id":13944,"date":"2022-12-07T11:22:35","date_gmt":"2022-12-07T11:22:35","guid":{"rendered":"https:\/\/www.dibosch.com\/producto\/soporte-clean-glass-30cm-velcro-00008702\/"},"modified":"2023-08-08T08:51:10","modified_gmt":"2023-08-08T08:51:10","slug":"soporte-clean-glass-30cm-velcro-00008702","status":"publish","type":"product","link":"https:\/\/dibosch.com\/es\/producto\/soporte-clean-glass-30cm-velcro-00008702\/","title":{"rendered":"SOPORTE CLEAN GLASS 30cm VELCRO &#8211; 00008702 &#8211; TTS"},"content":{"rendered":"<p><strong>Caracter\u00edsticas del producto:<\/strong><\/p>\n<p>Sistema con soporte con sistema adherente y recambio mopa ultra microfibra para la limpieza de superficies brillantes<\/p>\n<p>Ideal para limpiar superficies brillantes en interiores como vitrinas en mostradores refrigerados y tiendas de alimentos, puertas de vidrio<\/p>\n<p>Reduce de un tercio el tiempo: Limpia y seca en una sola pasada<\/p>\n<p>Ergon\u00f3mico: ligero, reduce el esfuerzo del operario<\/p>\n<p>Larga duraci\u00f3n: material inoxidable, garantiza una larga vida del producto<\/p>\n<p>Ergon\u00f3mico: gracias al di\u00e1metro de la empu\u00f1adura dise\u00f1ado para reducir el esfuerzo del operario y evitar el dolor en la mano<\/p>\n","protected":false},"excerpt":{"rendered":"<p>Accesorio para velcro para superficies horizontal<\/p>\n","protected":false},"featured_media":22672,"comment_status":"closed","ping_status":"closed","template":"","meta":[],"product_brand":[],"product_cat":[752,713,684],"product_tag":[],"marcas":[917],"certificats":[],"caracteristiques":[],"tipus-productes":[],"zona-aplicacio":[],"tipus-maquinaria":[],"class_list":{"0":"post-13944","1":"product","2":"type-product","3":"status-publish","4":"has-post-thumbnail","6":"product_cat-limpieza-cristales","7":"product_cat-utensilios","8":"product_cat-utiles-de-limpieza","9":"marcas-tts-es","11":"first","12":"instock","13":"product-type-simple"},"_links":{"self":[{"href":"https:\/\/dibosch.com\/es\/wp-json\/wp\/v2\/product\/13944","targetHints":{"allow":["GET"]}}],"collection":[{"href":"https:\/\/dibosch.com\/es\/wp-json\/wp\/v2\/product"}],"about":[{"href":"https:\/\/dibosch.com\/es\/wp-json\/wp\/v2\/types\/product"}],"replies":[{"embeddable":true,"href":"https:\/\/dibosch.com\/es\/wp-json\/wp\/v2\/comments?post=13944"}],"wp:featuredmedia":[{"embeddable":true,"href":"https:\/\/dibosch.com\/es\/wp-json\/wp\/v2\/media\/22672"}],"wp:attachment":[{"href":"https:\/\/dibosch.com\/es\/wp-json\/wp\/v2\/media?parent=13944"}],"wp:term":[{"taxonomy":"product_brand","embeddable":true,"href":"https:\/\/dibosch.com\/es\/wp-json\/wp\/v2\/product_brand?post=13944"},{"taxonomy":"product_cat","embeddable":true,"href":"https:\/\/dibosch.com\/es\/wp-json\/wp\/v2\/product_cat?post=13944"},{"taxonomy":"product_tag","embeddable":true,"href":"https:\/\/dibosch.com\/es\/wp-json\/wp\/v2\/product_tag?post=13944"},{"taxonomy":"marcas","embeddable":true,"href":"https:\/\/dibosch.com\/es\/wp-json\/wp\/v2\/marcas?post=13944"},{"taxonomy":"certificats","embeddable":true,"href":"https:\/\/dibosch.com\/es\/wp-json\/wp\/v2\/certificats?post=13944"},{"taxonomy":"caracteristiques","embeddable":true,"href":"https:\/\/dibosch.com\/es\/wp-json\/wp\/v2\/caracteristiques?post=13944"},{"taxonomy":"tipus-productes","embeddable":true,"href":"https:\/\/dibosch.com\/es\/wp-json\/wp\/v2\/tipus-productes?post=13944"},{"taxonomy":"zona-aplicacio","embeddable":true,"href":"https:\/\/dibosch.com\/es\/wp-json\/wp\/v2\/zona-aplicacio?post=13944"},{"taxonomy":"tipus-maquinaria","embeddable":true,"href":"https:\/\/dibosch.com\/es\/wp-json\/wp\/v2\/tipus-maquinaria?post=13944"}],"curies":[{"name":"wp","href":"https:\/\/api.w.org\/{rel}","templated":true}]}}