{"id":13954,"date":"2022-12-07T11:24:21","date_gmt":"2022-12-07T11:24:21","guid":{"rendered":"https:\/\/www.dibosch.com\/producto\/m-steam-box-ind-360kw-h2o-no-vac\/"},"modified":"2025-02-07T14:46:39","modified_gmt":"2025-02-07T14:46:39","slug":"m-steam-box-ind-360kw-h2o-no-vac","status":"publish","type":"product","link":"https:\/\/dibosch.com\/es\/producto\/m-steam-box-ind-360kw-h2o-no-vac\/","title":{"rendered":"STEAM BOX IND 36,0Kw H2O NO VAC"},"content":{"rendered":"<p>El generador de vapor Steam Box Industrial de TECNOVAP, es un modelo TRIFASIC con estructura de acero inoxidable. Potencias de 11 -14,6 &#8211; 21,8 &#8211; 29 y 36,2 kW<\/p>\n<p>Los generadores de vapor Steam Box Industrial destacan en el sector por:<\/p>\n<ul>\n<li>Su fabricaci\u00f3n a prueba de agua IPX 5<\/li>\n<li>Recarga autom\u00e1tica con control electromec\u00e1nico True Temp TM<\/li>\n<li>Inyecci\u00f3n de detergente<\/li>\n<li>Conexi\u00f3n directo con el suministro de agua<\/li>\n<li>Panel de control de baja tensi\u00f3n<\/li>\n<li>Consola el\u00e9ctrica con: term\u00f3metro, man\u00f3metro, comptahores, aviso cal<\/li>\n<li>Inyecci\u00f3n de agua sobre calentada de serie<\/li>\n<\/ul>\n","protected":false},"excerpt":{"rendered":"<p>El generador de vapor Steam Box Industrial de TECNOVAP, es un modelo TRIFASIC con estructura de acero inoxidable. Potencias de 11 -14,6 &#8211; 21,8 &#8211; 29 y 36,2 kW Los generadores de vapor Steam Box Industrial destacan en el sector por: Su fabricaci\u00f3n a prueba de agua IPX 5 Recarga autom\u00e1tica con control electromec\u00e1nico True [&hellip;]<\/p>\n","protected":false},"featured_media":24976,"comment_status":"closed","ping_status":"closed","template":"","meta":[],"product_brand":[],"product_cat":[761,577],"product_tag":[],"marcas":[913],"certificats":[],"caracteristiques":[],"tipus-productes":[],"zona-aplicacio":[],"tipus-maquinaria":[],"class_list":{"0":"post-13954","1":"product","2":"type-product","3":"status-publish","4":"has-post-thumbnail","6":"product_cat-vapor-industrial-es","7":"product_cat-maquinas","8":"marcas-tecnovap-es","10":"first","11":"instock","12":"product-type-simple"},"_links":{"self":[{"href":"https:\/\/dibosch.com\/es\/wp-json\/wp\/v2\/product\/13954","targetHints":{"allow":["GET"]}}],"collection":[{"href":"https:\/\/dibosch.com\/es\/wp-json\/wp\/v2\/product"}],"about":[{"href":"https:\/\/dibosch.com\/es\/wp-json\/wp\/v2\/types\/product"}],"replies":[{"embeddable":true,"href":"https:\/\/dibosch.com\/es\/wp-json\/wp\/v2\/comments?post=13954"}],"wp:featuredmedia":[{"embeddable":true,"href":"https:\/\/dibosch.com\/es\/wp-json\/wp\/v2\/media\/24976"}],"wp:attachment":[{"href":"https:\/\/dibosch.com\/es\/wp-json\/wp\/v2\/media?parent=13954"}],"wp:term":[{"taxonomy":"product_brand","embeddable":true,"href":"https:\/\/dibosch.com\/es\/wp-json\/wp\/v2\/product_brand?post=13954"},{"taxonomy":"product_cat","embeddable":true,"href":"https:\/\/dibosch.com\/es\/wp-json\/wp\/v2\/product_cat?post=13954"},{"taxonomy":"product_tag","embeddable":true,"href":"https:\/\/dibosch.com\/es\/wp-json\/wp\/v2\/product_tag?post=13954"},{"taxonomy":"marcas","embeddable":true,"href":"https:\/\/dibosch.com\/es\/wp-json\/wp\/v2\/marcas?post=13954"},{"taxonomy":"certificats","embeddable":true,"href":"https:\/\/dibosch.com\/es\/wp-json\/wp\/v2\/certificats?post=13954"},{"taxonomy":"caracteristiques","embeddable":true,"href":"https:\/\/dibosch.com\/es\/wp-json\/wp\/v2\/caracteristiques?post=13954"},{"taxonomy":"tipus-productes","embeddable":true,"href":"https:\/\/dibosch.com\/es\/wp-json\/wp\/v2\/tipus-productes?post=13954"},{"taxonomy":"zona-aplicacio","embeddable":true,"href":"https:\/\/dibosch.com\/es\/wp-json\/wp\/v2\/zona-aplicacio?post=13954"},{"taxonomy":"tipus-maquinaria","embeddable":true,"href":"https:\/\/dibosch.com\/es\/wp-json\/wp\/v2\/tipus-maquinaria?post=13954"}],"curies":[{"name":"wp","href":"https:\/\/api.w.org\/{rel}","templated":true}]}}