{"id":13964,"date":"2022-12-07T11:24:40","date_gmt":"2022-12-07T11:24:40","guid":{"rendered":"https:\/\/www.dibosch.com\/producto\/m-steam-box-mini-vac-3600w\/"},"modified":"2023-10-09T09:15:58","modified_gmt":"2023-10-09T09:15:58","slug":"m-steam-box-mini-vac-3600w","status":"publish","type":"product","link":"https:\/\/dibosch.com\/es\/producto\/m-steam-box-mini-vac-3600w\/","title":{"rendered":"STEAM BOX MINI VAC 3600W- TECNOVAP"},"content":{"rendered":"<p>TECNOVAP STEAM BOX VAC mine 10 bar. El generador de vapor Steam Box Vac mini de TECNOVAP, es un modelo TRIF\u00c1SICO con estructura de acero inoxidable. Potencia de 3,75 kW.<\/p>\n<p>Equipo potente, con las m\u00e1ximas garant\u00edas Tecnovap. El equipo peque\u00f1o de la gama m\u00e1s industrial.<\/p>\n<p>Versi\u00f3n con aspiradora incorporada. STEAM BOX VAC MINE<\/p>\n<p>Los generadores de vapor Steam Box mini destacan en el sector por su fabricaci\u00f3n a prueba de agua IPX 5, con sistema de recarga autom\u00e1tica con control electromec\u00e1nico True Temp, inyecci\u00f3n de detergente, conexi\u00f3n directa con el suministro de agua, veleta de control de baja tensi\u00f3n, consola el\u00e9ctrica con: term\u00f3metro, man\u00f3metro, cuenta horas, aviso hace falta e inyecci\u00f3n de agua sobre calentada de serie<\/p>\n","protected":false},"excerpt":{"rendered":"<p>Producci\u00f3n de vapor 97 gr\/min | T\u00ba de trabajo 183\u00baC | Presi\u00f3n: 10bar |Potencia 4,95kW |Peso 35kg |Sistema agua sobrecalentada|Incluye aspiradora + radamas 4 mts + boq. Turbo<\/p>\n","protected":false},"featured_media":24958,"comment_status":"closed","ping_status":"closed","template":"","meta":[],"product_brand":[],"product_cat":[1323,1111,761,577],"product_tag":[],"marcas":[913],"certificats":[],"caracteristiques":[],"tipus-productes":[],"zona-aplicacio":[952],"tipus-maquinaria":[],"class_list":{"0":"post-13964","1":"product","2":"type-product","3":"status-publish","4":"has-post-thumbnail","6":"product_cat-aspiradores-herramientas","7":"product_cat-con-aspiracion","8":"product_cat-vapor-industrial-es","9":"product_cat-maquinas","10":"marcas-tecnovap-es","11":"zona-aplicacio-moqueta-y-tejidos","13":"first","14":"instock","15":"product-type-simple"},"_links":{"self":[{"href":"https:\/\/dibosch.com\/es\/wp-json\/wp\/v2\/product\/13964","targetHints":{"allow":["GET"]}}],"collection":[{"href":"https:\/\/dibosch.com\/es\/wp-json\/wp\/v2\/product"}],"about":[{"href":"https:\/\/dibosch.com\/es\/wp-json\/wp\/v2\/types\/product"}],"replies":[{"embeddable":true,"href":"https:\/\/dibosch.com\/es\/wp-json\/wp\/v2\/comments?post=13964"}],"wp:featuredmedia":[{"embeddable":true,"href":"https:\/\/dibosch.com\/es\/wp-json\/wp\/v2\/media\/24958"}],"wp:attachment":[{"href":"https:\/\/dibosch.com\/es\/wp-json\/wp\/v2\/media?parent=13964"}],"wp:term":[{"taxonomy":"product_brand","embeddable":true,"href":"https:\/\/dibosch.com\/es\/wp-json\/wp\/v2\/product_brand?post=13964"},{"taxonomy":"product_cat","embeddable":true,"href":"https:\/\/dibosch.com\/es\/wp-json\/wp\/v2\/product_cat?post=13964"},{"taxonomy":"product_tag","embeddable":true,"href":"https:\/\/dibosch.com\/es\/wp-json\/wp\/v2\/product_tag?post=13964"},{"taxonomy":"marcas","embeddable":true,"href":"https:\/\/dibosch.com\/es\/wp-json\/wp\/v2\/marcas?post=13964"},{"taxonomy":"certificats","embeddable":true,"href":"https:\/\/dibosch.com\/es\/wp-json\/wp\/v2\/certificats?post=13964"},{"taxonomy":"caracteristiques","embeddable":true,"href":"https:\/\/dibosch.com\/es\/wp-json\/wp\/v2\/caracteristiques?post=13964"},{"taxonomy":"tipus-productes","embeddable":true,"href":"https:\/\/dibosch.com\/es\/wp-json\/wp\/v2\/tipus-productes?post=13964"},{"taxonomy":"zona-aplicacio","embeddable":true,"href":"https:\/\/dibosch.com\/es\/wp-json\/wp\/v2\/zona-aplicacio?post=13964"},{"taxonomy":"tipus-maquinaria","embeddable":true,"href":"https:\/\/dibosch.com\/es\/wp-json\/wp\/v2\/tipus-maquinaria?post=13964"}],"curies":[{"name":"wp","href":"https:\/\/api.w.org\/{rel}","templated":true}]}}