{"id":13965,"date":"2022-12-07T11:24:31","date_gmt":"2022-12-07T11:24:31","guid":{"rendered":"https:\/\/www.dibosch.com\/producto\/natursafe-dream-hands-foam-bp500\/"},"modified":"2023-06-26T10:12:59","modified_gmt":"2023-06-26T10:12:59","slug":"natursafe-dream-hands-foam-bp500","status":"publish","type":"product","link":"https:\/\/dibosch.com\/es\/producto\/natursafe-dream-hands-foam-bp500\/","title":{"rendered":"NATURSAFE DREAM HANDS FOAM BP500 &#8211; SUCITESA"},"content":{"rendered":"<p><strong>Caracter\u00edsticas del producto:<\/strong><\/p>\n<p>Espuma abundante y cremosa. Limpia con delicadeza, protege e hidrata. Hipoalerg\u00e9nico. Permite su uso frecuente sin riesgo para la piel. Formulado con ingredientes org\u00e1nicos que reducen la agresi\u00f3n al ecosistema. Producto sostenible desarrollado bajo estrictos criterios medioambientales y de seguridad, con la garant\u00eda LIFE CARE. Producto VEGANO. F\u00f3rmula que no contiene ning\u00fan ingrediente de origen animal.<\/p>\n<p>&nbsp;<\/p>\n<p><strong>Modo de empleo:<\/strong><\/p>\n<p>Dosificar sobre la piel previamente humedecida. Aplicar la cantidad suficiente para cubrir toda la superficie de las manos. Frotar hasta conseguir una espuma abundante. Aclarar con agua. Secar con secador de aire o toalla, preferiblemente de un solo uso. Dosificar el producto con cuidado para no consumirlo en exceso innecesariamente. Eliminar el recipiente en un contenedor exclusivo para reciclaje.<\/p>\n<p>&nbsp;<\/p>\n<p><strong>Indicado para:<\/strong><\/p>\n<p>Aseos y servicios. Vestuarios.<\/p>\n","protected":false},"excerpt":{"rendered":"<p>Espuma lavamanos. Sostenible. Protege e hidrata.<\/p>\n","protected":false},"featured_media":9721,"comment_status":"closed","ping_status":"closed","template":"","meta":[],"product_brand":[],"product_cat":[791,689,694],"product_tag":[],"marcas":[922],"certificats":[936],"caracteristiques":[940],"tipus-productes":[],"zona-aplicacio":[],"tipus-maquinaria":[],"class_list":{"0":"post-13965","1":"product","2":"type-product","3":"status-publish","4":"has-post-thumbnail","6":"product_cat-higiene-corporal-es","7":"product_cat-productos-de-limpieza","8":"product_cat-quimicos","9":"marcas-sucitesa-es","10":"certificats-eu-ecolabel-es","11":"caracteristiques-ecologicos-es","13":"first","14":"instock","15":"product-type-simple"},"_links":{"self":[{"href":"https:\/\/dibosch.com\/es\/wp-json\/wp\/v2\/product\/13965","targetHints":{"allow":["GET"]}}],"collection":[{"href":"https:\/\/dibosch.com\/es\/wp-json\/wp\/v2\/product"}],"about":[{"href":"https:\/\/dibosch.com\/es\/wp-json\/wp\/v2\/types\/product"}],"replies":[{"embeddable":true,"href":"https:\/\/dibosch.com\/es\/wp-json\/wp\/v2\/comments?post=13965"}],"wp:featuredmedia":[{"embeddable":true,"href":"https:\/\/dibosch.com\/es\/wp-json\/wp\/v2\/media\/9721"}],"wp:attachment":[{"href":"https:\/\/dibosch.com\/es\/wp-json\/wp\/v2\/media?parent=13965"}],"wp:term":[{"taxonomy":"product_brand","embeddable":true,"href":"https:\/\/dibosch.com\/es\/wp-json\/wp\/v2\/product_brand?post=13965"},{"taxonomy":"product_cat","embeddable":true,"href":"https:\/\/dibosch.com\/es\/wp-json\/wp\/v2\/product_cat?post=13965"},{"taxonomy":"product_tag","embeddable":true,"href":"https:\/\/dibosch.com\/es\/wp-json\/wp\/v2\/product_tag?post=13965"},{"taxonomy":"marcas","embeddable":true,"href":"https:\/\/dibosch.com\/es\/wp-json\/wp\/v2\/marcas?post=13965"},{"taxonomy":"certificats","embeddable":true,"href":"https:\/\/dibosch.com\/es\/wp-json\/wp\/v2\/certificats?post=13965"},{"taxonomy":"caracteristiques","embeddable":true,"href":"https:\/\/dibosch.com\/es\/wp-json\/wp\/v2\/caracteristiques?post=13965"},{"taxonomy":"tipus-productes","embeddable":true,"href":"https:\/\/dibosch.com\/es\/wp-json\/wp\/v2\/tipus-productes?post=13965"},{"taxonomy":"zona-aplicacio","embeddable":true,"href":"https:\/\/dibosch.com\/es\/wp-json\/wp\/v2\/zona-aplicacio?post=13965"},{"taxonomy":"tipus-maquinaria","embeddable":true,"href":"https:\/\/dibosch.com\/es\/wp-json\/wp\/v2\/tipus-maquinaria?post=13965"}],"curies":[{"name":"wp","href":"https:\/\/api.w.org\/{rel}","templated":true}]}}