{"id":13968,"date":"2022-12-07T11:24:15","date_gmt":"2022-12-07T11:24:15","guid":{"rendered":"https:\/\/www.dibosch.com\/producto\/dosificador-twin-black-sct-spray\/"},"modified":"2023-02-23T08:22:13","modified_gmt":"2023-02-23T08:22:13","slug":"dosificador-twin-black-sct-spray","status":"publish","type":"product","link":"https:\/\/dibosch.com\/es\/producto\/dosificador-twin-black-sct-spray\/","title":{"rendered":"DOSIFICADOR TWIN BLACK SCT-SPRAY &#8211; SUCITESA"},"content":{"rendered":"<p>Dosifica de forma controlada.<br \/>\nPara productos l\u00edquidos.<br \/>\nDise\u00f1o elegante y atractivo.<br \/>\nCierre de seguridad mediante llave com\u00fan para toda la gama TWIN.<br \/>\nDise\u00f1o especial con pulsador muy suave para una dosificaci\u00f3n muy c\u00f3moda para cualquier persona.<\/p>\n","protected":false},"excerpt":{"rendered":"<p>Dispensador de spray negro de 0,4gr prod. por pul.<\/p>\n","protected":false},"featured_media":10309,"comment_status":"closed","ping_status":"closed","template":"","meta":[],"product_brand":[],"product_cat":[760,687],"product_tag":[],"marcas":[922],"certificats":[],"caracteristiques":[],"tipus-productes":[],"zona-aplicacio":[],"tipus-maquinaria":[],"class_list":{"0":"post-13968","1":"product","2":"type-product","3":"status-publish","4":"has-post-thumbnail","6":"product_cat-dosificadores-de-jabon","7":"product_cat-equipamientos","8":"marcas-sucitesa-es","10":"first","11":"instock","12":"product-type-simple"},"_links":{"self":[{"href":"https:\/\/dibosch.com\/es\/wp-json\/wp\/v2\/product\/13968","targetHints":{"allow":["GET"]}}],"collection":[{"href":"https:\/\/dibosch.com\/es\/wp-json\/wp\/v2\/product"}],"about":[{"href":"https:\/\/dibosch.com\/es\/wp-json\/wp\/v2\/types\/product"}],"replies":[{"embeddable":true,"href":"https:\/\/dibosch.com\/es\/wp-json\/wp\/v2\/comments?post=13968"}],"wp:featuredmedia":[{"embeddable":true,"href":"https:\/\/dibosch.com\/es\/wp-json\/wp\/v2\/media\/10309"}],"wp:attachment":[{"href":"https:\/\/dibosch.com\/es\/wp-json\/wp\/v2\/media?parent=13968"}],"wp:term":[{"taxonomy":"product_brand","embeddable":true,"href":"https:\/\/dibosch.com\/es\/wp-json\/wp\/v2\/product_brand?post=13968"},{"taxonomy":"product_cat","embeddable":true,"href":"https:\/\/dibosch.com\/es\/wp-json\/wp\/v2\/product_cat?post=13968"},{"taxonomy":"product_tag","embeddable":true,"href":"https:\/\/dibosch.com\/es\/wp-json\/wp\/v2\/product_tag?post=13968"},{"taxonomy":"marcas","embeddable":true,"href":"https:\/\/dibosch.com\/es\/wp-json\/wp\/v2\/marcas?post=13968"},{"taxonomy":"certificats","embeddable":true,"href":"https:\/\/dibosch.com\/es\/wp-json\/wp\/v2\/certificats?post=13968"},{"taxonomy":"caracteristiques","embeddable":true,"href":"https:\/\/dibosch.com\/es\/wp-json\/wp\/v2\/caracteristiques?post=13968"},{"taxonomy":"tipus-productes","embeddable":true,"href":"https:\/\/dibosch.com\/es\/wp-json\/wp\/v2\/tipus-productes?post=13968"},{"taxonomy":"zona-aplicacio","embeddable":true,"href":"https:\/\/dibosch.com\/es\/wp-json\/wp\/v2\/zona-aplicacio?post=13968"},{"taxonomy":"tipus-maquinaria","embeddable":true,"href":"https:\/\/dibosch.com\/es\/wp-json\/wp\/v2\/tipus-maquinaria?post=13968"}],"curies":[{"name":"wp","href":"https:\/\/api.w.org\/{rel}","templated":true}]}}