{"id":14001,"date":"2022-12-07T11:24:44","date_gmt":"2022-12-07T11:24:44","guid":{"rendered":"https:\/\/www.dibosch.com\/producto\/cepillo-azul-b864b\/"},"modified":"2023-07-11T11:24:40","modified_gmt":"2023-07-11T11:24:40","slug":"cepillo-azul-b864b","status":"publish","type":"product","link":"https:\/\/dibosch.com\/es\/producto\/cepillo-azul-b864b\/","title":{"rendered":"CEPILLO AZUL B864B &#8211; HILLBRUSH"},"content":{"rendered":"<p><strong>Descripci\u00f3n de producto:<\/strong><\/p>\n<p>Cepillo de mano azul de 322 mm, bloque de polipropileno, relleno de poli\u00e9ster suave.<\/p>\n<p>Ligero y \u00e1gil, este cepillo de mostrador tiene un mango acodado, mantiene las manos del usuario alejadas de la superficie de trabajo y permite un f\u00e1cil control.<\/p>\n","protected":false},"excerpt":{"rendered":"<p>Descripci\u00f3n de producto: Cepillo de mano azul de 322 mm, bloque de polipropileno, relleno de poli\u00e9ster suave. Ligero y \u00e1gil, este cepillo de mostrador tiene un mango acodado, mantiene las manos del usuario alejadas de la superficie de trabajo y permite un f\u00e1cil control.<\/p>\n","protected":false},"featured_media":21813,"comment_status":"closed","ping_status":"closed","template":"","meta":[],"product_brand":[],"product_cat":[776,684],"product_tag":[],"marcas":[],"certificats":[],"caracteristiques":[],"tipus-productes":[],"zona-aplicacio":[],"tipus-maquinaria":[],"class_list":{"0":"post-14001","1":"product","2":"type-product","3":"status-publish","4":"has-post-thumbnail","6":"product_cat-estropajos","7":"product_cat-utiles-de-limpieza","9":"first","10":"instock","11":"product-type-simple"},"_links":{"self":[{"href":"https:\/\/dibosch.com\/es\/wp-json\/wp\/v2\/product\/14001","targetHints":{"allow":["GET"]}}],"collection":[{"href":"https:\/\/dibosch.com\/es\/wp-json\/wp\/v2\/product"}],"about":[{"href":"https:\/\/dibosch.com\/es\/wp-json\/wp\/v2\/types\/product"}],"replies":[{"embeddable":true,"href":"https:\/\/dibosch.com\/es\/wp-json\/wp\/v2\/comments?post=14001"}],"wp:featuredmedia":[{"embeddable":true,"href":"https:\/\/dibosch.com\/es\/wp-json\/wp\/v2\/media\/21813"}],"wp:attachment":[{"href":"https:\/\/dibosch.com\/es\/wp-json\/wp\/v2\/media?parent=14001"}],"wp:term":[{"taxonomy":"product_brand","embeddable":true,"href":"https:\/\/dibosch.com\/es\/wp-json\/wp\/v2\/product_brand?post=14001"},{"taxonomy":"product_cat","embeddable":true,"href":"https:\/\/dibosch.com\/es\/wp-json\/wp\/v2\/product_cat?post=14001"},{"taxonomy":"product_tag","embeddable":true,"href":"https:\/\/dibosch.com\/es\/wp-json\/wp\/v2\/product_tag?post=14001"},{"taxonomy":"marcas","embeddable":true,"href":"https:\/\/dibosch.com\/es\/wp-json\/wp\/v2\/marcas?post=14001"},{"taxonomy":"certificats","embeddable":true,"href":"https:\/\/dibosch.com\/es\/wp-json\/wp\/v2\/certificats?post=14001"},{"taxonomy":"caracteristiques","embeddable":true,"href":"https:\/\/dibosch.com\/es\/wp-json\/wp\/v2\/caracteristiques?post=14001"},{"taxonomy":"tipus-productes","embeddable":true,"href":"https:\/\/dibosch.com\/es\/wp-json\/wp\/v2\/tipus-productes?post=14001"},{"taxonomy":"zona-aplicacio","embeddable":true,"href":"https:\/\/dibosch.com\/es\/wp-json\/wp\/v2\/zona-aplicacio?post=14001"},{"taxonomy":"tipus-maquinaria","embeddable":true,"href":"https:\/\/dibosch.com\/es\/wp-json\/wp\/v2\/tipus-maquinaria?post=14001"}],"curies":[{"name":"wp","href":"https:\/\/api.w.org\/{rel}","templated":true}]}}