{"id":14004,"date":"2022-12-07T11:25:17","date_gmt":"2022-12-07T11:25:17","guid":{"rendered":"https:\/\/www.dibosch.com\/producto\/fd-booster-vb31-bp20\/"},"modified":"2025-09-24T07:29:34","modified_gmt":"2025-09-24T07:29:34","slug":"fd-booster-vb31-bp20","status":"publish","type":"product","link":"https:\/\/dibosch.com\/es\/producto\/fd-booster-vb31-bp20\/","title":{"rendered":"FD- BOOSTER VB31 BP20 &#8211; DIVERSEY"},"content":{"rendered":"<p><strong>Caracter\u00edsticas del producto:<\/strong><\/p>\n<p>Booster es un aditivo primario o secundario a las soluciones detergentes c\u00e1usticas para la eliminaci\u00f3n de fuertes dep\u00f3sitos org\u00e1nicos presentes en las Industrias Alimentaria y de Bebidas.<\/p>\n<p>Es un aditivo l\u00edquido a las soluciones c\u00e1usticas altamente concentrado que mejora la detergencia y la eliminaci\u00f3n de suciedades a temperaturas de 80\u00b0C durante las aplicaciones CIP donde existe la problem\u00e1tica de suciedades org\u00e1nicas.<\/p>\n<p>Mejora la detergencia superando a productos completos \u00fanicos ya que acorta los tiempos de limpieza.<\/p>\n<p>&nbsp;<\/p>\n<p><strong>Manual de uso:<\/strong><\/p>\n<p>Booster se usa normalmente a una concentraci\u00f3n del 0,09%-0,43% p\/p (0,08-0,39%v\/v) dosificado a las soluciones detergentes c\u00e1usticas y a una temperatura de ambiente a 80\u00b0C. Las concentraciones exactas depender\u00e1n del nivel y tipo de suciedad.<\/p>\n<p>Booster debe ser a\u00f1adido cuidadosamente al sistema CIP con venteo y el equipo debe ser limpiado, para asegurar de que no hay creaci\u00f3n de presi\u00f3n dentro del sistema.<\/p>\n<p>Las soluciones que contengan Booster deben aclararse abundantemente tras su uso para eliminarlas de las superficies en contacto con alimentos y bebidas..<\/p>\n","protected":false},"excerpt":{"rendered":"<p>Desinfectante de superficies de r\u00e1pida acci\u00f3n<\/p>\n","protected":false},"featured_media":21221,"comment_status":"closed","ping_status":"closed","template":"","meta":[],"product_brand":[],"product_cat":[773,715,689],"product_tag":[],"marcas":[],"certificats":[],"caracteristiques":[],"tipus-productes":[],"zona-aplicacio":[],"tipus-maquinaria":[],"class_list":{"0":"post-14004","1":"product","2":"type-product","3":"status-publish","4":"has-post-thumbnail","6":"product_cat-alcalinos-no-espumante-cip","7":"product_cat-especificos-para-industria-alimentaria","8":"product_cat-productos-de-limpieza","10":"first","11":"instock","12":"product-type-simple"},"_links":{"self":[{"href":"https:\/\/dibosch.com\/es\/wp-json\/wp\/v2\/product\/14004","targetHints":{"allow":["GET"]}}],"collection":[{"href":"https:\/\/dibosch.com\/es\/wp-json\/wp\/v2\/product"}],"about":[{"href":"https:\/\/dibosch.com\/es\/wp-json\/wp\/v2\/types\/product"}],"replies":[{"embeddable":true,"href":"https:\/\/dibosch.com\/es\/wp-json\/wp\/v2\/comments?post=14004"}],"wp:featuredmedia":[{"embeddable":true,"href":"https:\/\/dibosch.com\/es\/wp-json\/wp\/v2\/media\/21221"}],"wp:attachment":[{"href":"https:\/\/dibosch.com\/es\/wp-json\/wp\/v2\/media?parent=14004"}],"wp:term":[{"taxonomy":"product_brand","embeddable":true,"href":"https:\/\/dibosch.com\/es\/wp-json\/wp\/v2\/product_brand?post=14004"},{"taxonomy":"product_cat","embeddable":true,"href":"https:\/\/dibosch.com\/es\/wp-json\/wp\/v2\/product_cat?post=14004"},{"taxonomy":"product_tag","embeddable":true,"href":"https:\/\/dibosch.com\/es\/wp-json\/wp\/v2\/product_tag?post=14004"},{"taxonomy":"marcas","embeddable":true,"href":"https:\/\/dibosch.com\/es\/wp-json\/wp\/v2\/marcas?post=14004"},{"taxonomy":"certificats","embeddable":true,"href":"https:\/\/dibosch.com\/es\/wp-json\/wp\/v2\/certificats?post=14004"},{"taxonomy":"caracteristiques","embeddable":true,"href":"https:\/\/dibosch.com\/es\/wp-json\/wp\/v2\/caracteristiques?post=14004"},{"taxonomy":"tipus-productes","embeddable":true,"href":"https:\/\/dibosch.com\/es\/wp-json\/wp\/v2\/tipus-productes?post=14004"},{"taxonomy":"zona-aplicacio","embeddable":true,"href":"https:\/\/dibosch.com\/es\/wp-json\/wp\/v2\/zona-aplicacio?post=14004"},{"taxonomy":"tipus-maquinaria","embeddable":true,"href":"https:\/\/dibosch.com\/es\/wp-json\/wp\/v2\/tipus-maquinaria?post=14004"}],"curies":[{"name":"wp","href":"https:\/\/api.w.org\/{rel}","templated":true}]}}