{"id":14012,"date":"2022-12-07T11:25:08","date_gmt":"2022-12-07T11:25:08","guid":{"rendered":"https:\/\/www.dibosch.com\/producto\/dosificador-twin-auto-white-spray\/"},"modified":"2023-02-23T08:11:12","modified_gmt":"2023-02-23T08:11:12","slug":"dosificador-twin-auto-white-spray","status":"publish","type":"product","link":"https:\/\/dibosch.com\/es\/producto\/dosificador-twin-auto-white-spray\/","title":{"rendered":"DOSIFICADOR TWIN AUTO WHITE SPRAY &#8211; SUCITESA"},"content":{"rendered":"<p>Dosifica de forma controlada.<br \/>\nPara productos l\u00edquidos.<br \/>\nDise\u00f1o elegante y atractivo.<br \/>\nCierre de seguridad mediante llave com\u00fan para toda la gama TWIN.<br \/>\nFunciona sin contacto.<br \/>\nEvita contaminaciones cruzadas.<br \/>\nMontaje a pared o a un pie mediante 4 tornillos de acero inoxidable de \u00d8 4mm (suministrados).<\/p>\n","protected":false},"excerpt":{"rendered":"<p>Dosifica de forma controlada. Para productos l\u00edquidos. Dise\u00f1o elegante y atractivo. Cierre de seguridad mediante llave com\u00fan para toda la gama TWIN. Funciona sin contacto. Evita contaminaciones cruzadas. Montaje a pared o a un pie mediante 4 tornillos de acero inoxidable de \u00d8 4mm (suministrados).<\/p>\n","protected":false},"featured_media":10342,"comment_status":"closed","ping_status":"closed","template":"","meta":[],"product_brand":[],"product_cat":[760,687],"product_tag":[],"marcas":[922],"certificats":[],"caracteristiques":[],"tipus-productes":[],"zona-aplicacio":[],"tipus-maquinaria":[],"class_list":{"0":"post-14012","1":"product","2":"type-product","3":"status-publish","4":"has-post-thumbnail","6":"product_cat-dosificadores-de-jabon","7":"product_cat-equipamientos","8":"marcas-sucitesa-es","10":"first","11":"instock","12":"product-type-simple"},"_links":{"self":[{"href":"https:\/\/dibosch.com\/es\/wp-json\/wp\/v2\/product\/14012","targetHints":{"allow":["GET"]}}],"collection":[{"href":"https:\/\/dibosch.com\/es\/wp-json\/wp\/v2\/product"}],"about":[{"href":"https:\/\/dibosch.com\/es\/wp-json\/wp\/v2\/types\/product"}],"replies":[{"embeddable":true,"href":"https:\/\/dibosch.com\/es\/wp-json\/wp\/v2\/comments?post=14012"}],"wp:featuredmedia":[{"embeddable":true,"href":"https:\/\/dibosch.com\/es\/wp-json\/wp\/v2\/media\/10342"}],"wp:attachment":[{"href":"https:\/\/dibosch.com\/es\/wp-json\/wp\/v2\/media?parent=14012"}],"wp:term":[{"taxonomy":"product_brand","embeddable":true,"href":"https:\/\/dibosch.com\/es\/wp-json\/wp\/v2\/product_brand?post=14012"},{"taxonomy":"product_cat","embeddable":true,"href":"https:\/\/dibosch.com\/es\/wp-json\/wp\/v2\/product_cat?post=14012"},{"taxonomy":"product_tag","embeddable":true,"href":"https:\/\/dibosch.com\/es\/wp-json\/wp\/v2\/product_tag?post=14012"},{"taxonomy":"marcas","embeddable":true,"href":"https:\/\/dibosch.com\/es\/wp-json\/wp\/v2\/marcas?post=14012"},{"taxonomy":"certificats","embeddable":true,"href":"https:\/\/dibosch.com\/es\/wp-json\/wp\/v2\/certificats?post=14012"},{"taxonomy":"caracteristiques","embeddable":true,"href":"https:\/\/dibosch.com\/es\/wp-json\/wp\/v2\/caracteristiques?post=14012"},{"taxonomy":"tipus-productes","embeddable":true,"href":"https:\/\/dibosch.com\/es\/wp-json\/wp\/v2\/tipus-productes?post=14012"},{"taxonomy":"zona-aplicacio","embeddable":true,"href":"https:\/\/dibosch.com\/es\/wp-json\/wp\/v2\/zona-aplicacio?post=14012"},{"taxonomy":"tipus-maquinaria","embeddable":true,"href":"https:\/\/dibosch.com\/es\/wp-json\/wp\/v2\/tipus-maquinaria?post=14012"}],"curies":[{"name":"wp","href":"https:\/\/api.w.org\/{rel}","templated":true}]}}