{"id":14021,"date":"2022-12-07T11:25:39","date_gmt":"2022-12-07T11:25:39","guid":{"rendered":"https:\/\/www.dibosch.com\/producto\/cuchilla-10-cm-superficies-x10\/"},"modified":"2023-08-08T08:19:29","modified_gmt":"2023-08-08T08:19:29","slug":"cuchilla-10-cm-superficies-x10","status":"publish","type":"product","link":"https:\/\/dibosch.com\/es\/producto\/cuchilla-10-cm-superficies-x10\/","title":{"rendered":"CUCHILLA 10 cm SUPERFICIES (x10) &#8211; LEWI"},"content":{"rendered":"<p><strong>Caracter\u00edsticas del producto:<\/strong><\/p>\n<p>Pack de 10 cuchillas SOLINGEN de 10 cent\u00edmetros para los Rascadores de suelos con mango de pl\u00e1stico, Rascadores de suelos mango de 25 cent\u00edmetros y Rascadores de suelos COMET.<\/p>\n<p>De gran durabilidad, garantizan el m\u00ednimo de roturas y una excelente labor.<\/p>\n<p>Combinaci\u00f3n de un fin\u00edsimo filo, que garantiza un acabado sin rayas, en un acero de dureza incre\u00edble.<\/p>\n","protected":false},"excerpt":{"rendered":"<p>Hojas de acero para suelos de gran durabilidad.<\/p>\n","protected":false},"featured_media":22648,"comment_status":"closed","ping_status":"closed","template":"","meta":[],"product_brand":[],"product_cat":[752,713,684],"product_tag":[],"marcas":[],"certificats":[],"caracteristiques":[],"tipus-productes":[],"zona-aplicacio":[],"tipus-maquinaria":[],"class_list":{"0":"post-14021","1":"product","2":"type-product","3":"status-publish","4":"has-post-thumbnail","6":"product_cat-limpieza-cristales","7":"product_cat-utensilios","8":"product_cat-utiles-de-limpieza","10":"first","11":"instock","12":"product-type-simple"},"_links":{"self":[{"href":"https:\/\/dibosch.com\/es\/wp-json\/wp\/v2\/product\/14021","targetHints":{"allow":["GET"]}}],"collection":[{"href":"https:\/\/dibosch.com\/es\/wp-json\/wp\/v2\/product"}],"about":[{"href":"https:\/\/dibosch.com\/es\/wp-json\/wp\/v2\/types\/product"}],"replies":[{"embeddable":true,"href":"https:\/\/dibosch.com\/es\/wp-json\/wp\/v2\/comments?post=14021"}],"wp:featuredmedia":[{"embeddable":true,"href":"https:\/\/dibosch.com\/es\/wp-json\/wp\/v2\/media\/22648"}],"wp:attachment":[{"href":"https:\/\/dibosch.com\/es\/wp-json\/wp\/v2\/media?parent=14021"}],"wp:term":[{"taxonomy":"product_brand","embeddable":true,"href":"https:\/\/dibosch.com\/es\/wp-json\/wp\/v2\/product_brand?post=14021"},{"taxonomy":"product_cat","embeddable":true,"href":"https:\/\/dibosch.com\/es\/wp-json\/wp\/v2\/product_cat?post=14021"},{"taxonomy":"product_tag","embeddable":true,"href":"https:\/\/dibosch.com\/es\/wp-json\/wp\/v2\/product_tag?post=14021"},{"taxonomy":"marcas","embeddable":true,"href":"https:\/\/dibosch.com\/es\/wp-json\/wp\/v2\/marcas?post=14021"},{"taxonomy":"certificats","embeddable":true,"href":"https:\/\/dibosch.com\/es\/wp-json\/wp\/v2\/certificats?post=14021"},{"taxonomy":"caracteristiques","embeddable":true,"href":"https:\/\/dibosch.com\/es\/wp-json\/wp\/v2\/caracteristiques?post=14021"},{"taxonomy":"tipus-productes","embeddable":true,"href":"https:\/\/dibosch.com\/es\/wp-json\/wp\/v2\/tipus-productes?post=14021"},{"taxonomy":"zona-aplicacio","embeddable":true,"href":"https:\/\/dibosch.com\/es\/wp-json\/wp\/v2\/zona-aplicacio?post=14021"},{"taxonomy":"tipus-maquinaria","embeddable":true,"href":"https:\/\/dibosch.com\/es\/wp-json\/wp\/v2\/tipus-maquinaria?post=14021"}],"curies":[{"name":"wp","href":"https:\/\/api.w.org\/{rel}","templated":true}]}}