{"id":14045,"date":"2022-12-07T11:24:50","date_gmt":"2022-12-07T11:24:50","guid":{"rendered":"https:\/\/www.dibosch.com\/producto\/papel-hig-ind-2c-pasta-pura-x12-200m-16gr-c\/"},"modified":"2023-07-06T07:48:03","modified_gmt":"2023-07-06T07:48:03","slug":"papel-hig-ind-2c-pasta-pura-x12-200m-16gr-c","status":"publish","type":"product","link":"https:\/\/dibosch.com\/es\/producto\/papel-hig-ind-2c-pasta-pura-x12-200m-16gr-c\/","title":{"rendered":"PAPEL HIG. IND. 2C PASTA PURA (x12) 200m 16gr\/c &#8211; LC PAPER"},"content":{"rendered":"<p>Papel higi\u00e9nico, blanco, 2 capas. Rollo tama\u00f1o industrial<\/p>\n<ul>\n<li>12 rollos x 200 m<\/li>\n<li>Celulosa ecol\u00f3gica.<\/li>\n<li>Producto Sostenible, certificaci\u00f3n Cradle-to-Cradle y EU-Ecolabel<\/li>\n<li>Fabricado con energ\u00edas 100% renovables y con huella de carbono auditada<\/li>\n<li>M\u00e1xima suavidad<\/li>\n<li>Gran capacidad, reduce el riesgo de quedarse sin papel y las tareas de mantenimiento\/ reposici\u00f3n. Ideal para ba\u00f1os con elevado tr\u00e1fico de personas<\/li>\n<\/ul>\n","protected":false},"excerpt":{"rendered":"<p>Papel higi\u00e9nico industrial 2C. 200m\/rull. 12 rollos\/paquete.<\/p>\n","protected":false},"featured_media":21464,"comment_status":"closed","ping_status":"closed","template":"","meta":[],"product_brand":[],"product_cat":[737,738],"product_tag":[],"marcas":[],"certificats":[936,974,975],"caracteristiques":[940],"tipus-productes":[],"zona-aplicacio":[945],"tipus-maquinaria":[],"class_list":{"0":"post-14045","1":"product","2":"type-product","3":"status-publish","4":"has-post-thumbnail","6":"product_cat-celulosa","7":"product_cat-papel-higienico","8":"certificats-eu-ecolabel-es","9":"certificats-fsc-es","10":"certificats-pefc-es","11":"caracteristiques-ecologicos-es","12":"zona-aplicacio-zona-bano","14":"first","15":"instock","16":"product-type-simple"},"_links":{"self":[{"href":"https:\/\/dibosch.com\/es\/wp-json\/wp\/v2\/product\/14045","targetHints":{"allow":["GET"]}}],"collection":[{"href":"https:\/\/dibosch.com\/es\/wp-json\/wp\/v2\/product"}],"about":[{"href":"https:\/\/dibosch.com\/es\/wp-json\/wp\/v2\/types\/product"}],"replies":[{"embeddable":true,"href":"https:\/\/dibosch.com\/es\/wp-json\/wp\/v2\/comments?post=14045"}],"wp:featuredmedia":[{"embeddable":true,"href":"https:\/\/dibosch.com\/es\/wp-json\/wp\/v2\/media\/21464"}],"wp:attachment":[{"href":"https:\/\/dibosch.com\/es\/wp-json\/wp\/v2\/media?parent=14045"}],"wp:term":[{"taxonomy":"product_brand","embeddable":true,"href":"https:\/\/dibosch.com\/es\/wp-json\/wp\/v2\/product_brand?post=14045"},{"taxonomy":"product_cat","embeddable":true,"href":"https:\/\/dibosch.com\/es\/wp-json\/wp\/v2\/product_cat?post=14045"},{"taxonomy":"product_tag","embeddable":true,"href":"https:\/\/dibosch.com\/es\/wp-json\/wp\/v2\/product_tag?post=14045"},{"taxonomy":"marcas","embeddable":true,"href":"https:\/\/dibosch.com\/es\/wp-json\/wp\/v2\/marcas?post=14045"},{"taxonomy":"certificats","embeddable":true,"href":"https:\/\/dibosch.com\/es\/wp-json\/wp\/v2\/certificats?post=14045"},{"taxonomy":"caracteristiques","embeddable":true,"href":"https:\/\/dibosch.com\/es\/wp-json\/wp\/v2\/caracteristiques?post=14045"},{"taxonomy":"tipus-productes","embeddable":true,"href":"https:\/\/dibosch.com\/es\/wp-json\/wp\/v2\/tipus-productes?post=14045"},{"taxonomy":"zona-aplicacio","embeddable":true,"href":"https:\/\/dibosch.com\/es\/wp-json\/wp\/v2\/zona-aplicacio?post=14045"},{"taxonomy":"tipus-maquinaria","embeddable":true,"href":"https:\/\/dibosch.com\/es\/wp-json\/wp\/v2\/tipus-maquinaria?post=14045"}],"curies":[{"name":"wp","href":"https:\/\/api.w.org\/{rel}","templated":true}]}}