{"id":14051,"date":"2022-12-07T11:24:53","date_gmt":"2022-12-07T11:24:53","guid":{"rendered":"https:\/\/www.dibosch.com\/producto\/recambio-mop-wet-system-soft-band-0000a510b\/"},"modified":"2023-07-17T12:22:23","modified_gmt":"2023-07-17T12:22:23","slug":"repuesto-mop-wet-system-soft-band-0000a510b","status":"publish","type":"product","link":"https:\/\/dibosch.com\/es\/producto\/repuesto-mop-wet-system-soft-band-0000a510b\/","title":{"rendered":"RECAMBIO MOP WET SYSTEM SOFT BAND 0000A510B &#8211; TTS"},"content":{"rendered":"<p><strong>Caracter\u00edsticas del producto:<\/strong><\/p>\n<p>Recambio mopa de microfibra blanca con rayas azules en fibra cepillada para acci\u00f3n intensiva, tela de poli\u00e9ster<\/p>\n<p>Sistema plano con aletas, se utiliza con prensa de rodillo, de labio o de libro<\/p>\n<p>Ideal para suelos internos lisos o porosos con suciedad grasa<\/p>\n<p>Reduce el tiempo de trabajo: gracias a la amplia superficie de limpieza del recambio y la posibilidad de llegar a las esquinas y limpiar debajo de los muebles<\/p>\n<p>Ergon\u00f3mico: ligero, reduce el esfuerzo del operario<\/p>\n<p>M\u00e1xima higiene: La microfibra penetra en la microporosidad del suelo, recogiendo suciedad y m\u00e1s del 95% de las bacterias<\/p>\n<p>Eficaz: excelente acci\u00f3n desengrasante del poli\u00e9ster sobre la suciedad sin da\u00f1ar las superficies<\/p>\n","protected":false},"excerpt":{"rendered":"<p>Recambio sistema mojado banda suave -blanco-azul<\/p>\n","protected":false},"featured_media":22053,"comment_status":"closed","ping_status":"closed","template":"","meta":[],"product_brand":[],"product_cat":[714,713,684],"product_tag":[],"marcas":[917],"certificats":[],"caracteristiques":[],"tipus-productes":[],"zona-aplicacio":[],"tipus-maquinaria":[],"class_list":{"0":"post-14051","1":"product","2":"type-product","3":"status-publish","4":"has-post-thumbnail","6":"product_cat-mopas","7":"product_cat-utensilios","8":"product_cat-utiles-de-limpieza","9":"marcas-tts-es","11":"first","12":"instock","13":"product-type-simple"},"_links":{"self":[{"href":"https:\/\/dibosch.com\/es\/wp-json\/wp\/v2\/product\/14051","targetHints":{"allow":["GET"]}}],"collection":[{"href":"https:\/\/dibosch.com\/es\/wp-json\/wp\/v2\/product"}],"about":[{"href":"https:\/\/dibosch.com\/es\/wp-json\/wp\/v2\/types\/product"}],"replies":[{"embeddable":true,"href":"https:\/\/dibosch.com\/es\/wp-json\/wp\/v2\/comments?post=14051"}],"wp:featuredmedia":[{"embeddable":true,"href":"https:\/\/dibosch.com\/es\/wp-json\/wp\/v2\/media\/22053"}],"wp:attachment":[{"href":"https:\/\/dibosch.com\/es\/wp-json\/wp\/v2\/media?parent=14051"}],"wp:term":[{"taxonomy":"product_brand","embeddable":true,"href":"https:\/\/dibosch.com\/es\/wp-json\/wp\/v2\/product_brand?post=14051"},{"taxonomy":"product_cat","embeddable":true,"href":"https:\/\/dibosch.com\/es\/wp-json\/wp\/v2\/product_cat?post=14051"},{"taxonomy":"product_tag","embeddable":true,"href":"https:\/\/dibosch.com\/es\/wp-json\/wp\/v2\/product_tag?post=14051"},{"taxonomy":"marcas","embeddable":true,"href":"https:\/\/dibosch.com\/es\/wp-json\/wp\/v2\/marcas?post=14051"},{"taxonomy":"certificats","embeddable":true,"href":"https:\/\/dibosch.com\/es\/wp-json\/wp\/v2\/certificats?post=14051"},{"taxonomy":"caracteristiques","embeddable":true,"href":"https:\/\/dibosch.com\/es\/wp-json\/wp\/v2\/caracteristiques?post=14051"},{"taxonomy":"tipus-productes","embeddable":true,"href":"https:\/\/dibosch.com\/es\/wp-json\/wp\/v2\/tipus-productes?post=14051"},{"taxonomy":"zona-aplicacio","embeddable":true,"href":"https:\/\/dibosch.com\/es\/wp-json\/wp\/v2\/zona-aplicacio?post=14051"},{"taxonomy":"tipus-maquinaria","embeddable":true,"href":"https:\/\/dibosch.com\/es\/wp-json\/wp\/v2\/tipus-maquinaria?post=14051"}],"curies":[{"name":"wp","href":"https:\/\/api.w.org\/{rel}","templated":true}]}}