{"id":14052,"date":"2022-12-07T11:32:22","date_gmt":"2022-12-07T11:32:22","guid":{"rendered":"https:\/\/www.dibosch.com\/producto\/ray-bastidor-velook\/"},"modified":"2023-07-17T11:56:11","modified_gmt":"2023-07-17T11:56:11","slug":"ray-bastidor-velook","status":"publish","type":"product","link":"https:\/\/dibosch.com\/es\/producto\/ray-bastidor-velook\/","title":{"rendered":"RAY BASTIDOR VELOOK &#8211; TTS"},"content":{"rendered":"<p><strong>Caracter\u00edsticas del producto:<\/strong><\/p>\n<p>Bastidor con sistema adherente, agujeros sujeta pa\u00f1os ovales y Block System<\/p>\n<p>Sistema plano con bastidor con sistema adherente que se puede usar pre-impregnado o impregnado a demanda con estaci\u00f3n de impregnaci\u00f3n o con mangos con dep\u00f3sito<\/p>\n<p>Ideal para la limpieza profesional de alto rendimiento de superficies horizontales y verticales<\/p>\n<p>Simple: las operaciones de colocaci\u00f3n y extracci\u00f3n de la mopa son r\u00e1pidas y f\u00e1ciles<\/p>\n<p>Ergon\u00f3mico: es el sistema m\u00e1s ligero en la gama TTS<\/p>\n","protected":false},"excerpt":{"rendered":"<p>Caracter\u00edsticas del producto: Bastidor con sistema adherente, agujeros sujeta pa\u00f1os ovales y Block System Sistema plano con bastidor con sistema adherente que se puede usar pre-impregnado o impregnado a demanda con estaci\u00f3n de impregnaci\u00f3n o con mangos con dep\u00f3sito Ideal para la limpieza profesional de alto rendimiento de superficies horizontales y verticales Simple: las operaciones [&hellip;]<\/p>\n","protected":false},"featured_media":22041,"comment_status":"closed","ping_status":"closed","template":"","meta":[],"product_brand":[],"product_cat":[714,713,684],"product_tag":[],"marcas":[917],"certificats":[],"caracteristiques":[],"tipus-productes":[],"zona-aplicacio":[],"tipus-maquinaria":[],"class_list":{"0":"post-14052","1":"product","2":"type-product","3":"status-publish","4":"has-post-thumbnail","6":"product_cat-mopas","7":"product_cat-utensilios","8":"product_cat-utiles-de-limpieza","9":"marcas-tts-es","11":"first","12":"instock","13":"product-type-simple"},"_links":{"self":[{"href":"https:\/\/dibosch.com\/es\/wp-json\/wp\/v2\/product\/14052","targetHints":{"allow":["GET"]}}],"collection":[{"href":"https:\/\/dibosch.com\/es\/wp-json\/wp\/v2\/product"}],"about":[{"href":"https:\/\/dibosch.com\/es\/wp-json\/wp\/v2\/types\/product"}],"replies":[{"embeddable":true,"href":"https:\/\/dibosch.com\/es\/wp-json\/wp\/v2\/comments?post=14052"}],"wp:featuredmedia":[{"embeddable":true,"href":"https:\/\/dibosch.com\/es\/wp-json\/wp\/v2\/media\/22041"}],"wp:attachment":[{"href":"https:\/\/dibosch.com\/es\/wp-json\/wp\/v2\/media?parent=14052"}],"wp:term":[{"taxonomy":"product_brand","embeddable":true,"href":"https:\/\/dibosch.com\/es\/wp-json\/wp\/v2\/product_brand?post=14052"},{"taxonomy":"product_cat","embeddable":true,"href":"https:\/\/dibosch.com\/es\/wp-json\/wp\/v2\/product_cat?post=14052"},{"taxonomy":"product_tag","embeddable":true,"href":"https:\/\/dibosch.com\/es\/wp-json\/wp\/v2\/product_tag?post=14052"},{"taxonomy":"marcas","embeddable":true,"href":"https:\/\/dibosch.com\/es\/wp-json\/wp\/v2\/marcas?post=14052"},{"taxonomy":"certificats","embeddable":true,"href":"https:\/\/dibosch.com\/es\/wp-json\/wp\/v2\/certificats?post=14052"},{"taxonomy":"caracteristiques","embeddable":true,"href":"https:\/\/dibosch.com\/es\/wp-json\/wp\/v2\/caracteristiques?post=14052"},{"taxonomy":"tipus-productes","embeddable":true,"href":"https:\/\/dibosch.com\/es\/wp-json\/wp\/v2\/tipus-productes?post=14052"},{"taxonomy":"zona-aplicacio","embeddable":true,"href":"https:\/\/dibosch.com\/es\/wp-json\/wp\/v2\/zona-aplicacio?post=14052"},{"taxonomy":"tipus-maquinaria","embeddable":true,"href":"https:\/\/dibosch.com\/es\/wp-json\/wp\/v2\/tipus-maquinaria?post=14052"}],"curies":[{"name":"wp","href":"https:\/\/api.w.org\/{rel}","templated":true}]}}