{"id":14064,"date":"2022-12-07T15:18:24","date_gmt":"2022-12-07T15:18:24","guid":{"rendered":"https:\/\/www.dibosch.com\/producto\/alquiler-duplex-420-steam\/"},"modified":"2024-05-03T15:46:38","modified_gmt":"2024-05-03T15:46:38","slug":"alquiler-duplex-420-steam","status":"publish","type":"product","link":"https:\/\/dibosch.com\/es\/producto\/alquiler-duplex-420-steam\/","title":{"rendered":"ALQUILER- Duplex 420 STEAM"},"content":{"rendered":"<p>&nbsp;<\/p>\n<p>Especial fregado con vapor de MOQUETAS<br \/>\nDestinada a la limpieza de pavimentos t\u00e9cnicos.<br \/>\nLimpieza de forma r\u00e1pida, f\u00e1cil y econ\u00f3mica<br \/>\nM\u00e1quina ligera y de funcionamiento muy sencillo<br \/>\nCon un carro con ruedas para trasladarla c\u00f3modamente<br \/>\nM\u00e1xima higiene: de f\u00e1cil limpieza y vaciado aguas sucias<\/p>\n<p>&nbsp;<\/p>\n<p>&nbsp;<\/p>\n","protected":false},"excerpt":{"rendered":"<p>&nbsp; Especial fregado con vapor de MOQUETAS Destinada a la limpieza de pavimentos t\u00e9cnicos. Limpieza de forma r\u00e1pida, f\u00e1cil y econ\u00f3mica M\u00e1quina ligera y de funcionamiento muy sencillo Con un carro con ruedas para trasladarla c\u00f3modamente M\u00e1xima higiene: de f\u00e1cil limpieza y vaciado aguas sucias &nbsp; &nbsp;<\/p>\n","protected":false},"featured_media":11302,"comment_status":"closed","ping_status":"closed","template":"","meta":[],"product_brand":[],"product_cat":[663,1262,1264],"product_tag":[],"marcas":[],"certificats":[],"caracteristiques":[],"tipus-productes":[],"zona-aplicacio":[],"tipus-maquinaria":[1053,1211,1217,1219,958,1055],"class_list":{"0":"post-14064","1":"product","2":"type-product","3":"status-publish","4":"has-post-thumbnail","6":"product_cat-accesorios-aspirador-profesional","7":"product_cat-alquiler-maquinaria-limpieza-barcelona","8":"product_cat-alquiler-maquinaria-limpieza-girona","9":"tipus-maquinaria-fregadora-alquiler","10":"tipus-maquinaria-alquiler-de-fregadoras-industriales-en-barcelona","11":"tipus-maquinaria-alquiler-maquinaria-limpieza-barcelona","12":"tipus-maquinaria-alquiler-maquinaria-limpieza-girona","13":"tipus-maquinaria-maquina-alquiler","14":"tipus-maquinaria-maquina-de-vapor-de-alquiler","16":"first","17":"instock","18":"shipping-taxable","19":"product-type-simple"},"_links":{"self":[{"href":"https:\/\/dibosch.com\/es\/wp-json\/wp\/v2\/product\/14064","targetHints":{"allow":["GET"]}}],"collection":[{"href":"https:\/\/dibosch.com\/es\/wp-json\/wp\/v2\/product"}],"about":[{"href":"https:\/\/dibosch.com\/es\/wp-json\/wp\/v2\/types\/product"}],"replies":[{"embeddable":true,"href":"https:\/\/dibosch.com\/es\/wp-json\/wp\/v2\/comments?post=14064"}],"wp:featuredmedia":[{"embeddable":true,"href":"https:\/\/dibosch.com\/es\/wp-json\/wp\/v2\/media\/11302"}],"wp:attachment":[{"href":"https:\/\/dibosch.com\/es\/wp-json\/wp\/v2\/media?parent=14064"}],"wp:term":[{"taxonomy":"product_brand","embeddable":true,"href":"https:\/\/dibosch.com\/es\/wp-json\/wp\/v2\/product_brand?post=14064"},{"taxonomy":"product_cat","embeddable":true,"href":"https:\/\/dibosch.com\/es\/wp-json\/wp\/v2\/product_cat?post=14064"},{"taxonomy":"product_tag","embeddable":true,"href":"https:\/\/dibosch.com\/es\/wp-json\/wp\/v2\/product_tag?post=14064"},{"taxonomy":"marcas","embeddable":true,"href":"https:\/\/dibosch.com\/es\/wp-json\/wp\/v2\/marcas?post=14064"},{"taxonomy":"certificats","embeddable":true,"href":"https:\/\/dibosch.com\/es\/wp-json\/wp\/v2\/certificats?post=14064"},{"taxonomy":"caracteristiques","embeddable":true,"href":"https:\/\/dibosch.com\/es\/wp-json\/wp\/v2\/caracteristiques?post=14064"},{"taxonomy":"tipus-productes","embeddable":true,"href":"https:\/\/dibosch.com\/es\/wp-json\/wp\/v2\/tipus-productes?post=14064"},{"taxonomy":"zona-aplicacio","embeddable":true,"href":"https:\/\/dibosch.com\/es\/wp-json\/wp\/v2\/zona-aplicacio?post=14064"},{"taxonomy":"tipus-maquinaria","embeddable":true,"href":"https:\/\/dibosch.com\/es\/wp-json\/wp\/v2\/tipus-maquinaria?post=14064"}],"curies":[{"name":"wp","href":"https:\/\/api.w.org\/{rel}","templated":true}]}}