{"id":14067,"date":"2022-12-07T11:32:27","date_gmt":"2022-12-07T11:32:27","guid":{"rendered":"https:\/\/www.dibosch.com\/producto\/m-fregadora-omnia-32\/"},"modified":"2025-12-31T09:25:54","modified_gmt":"2025-12-31T09:25:54","slug":"m-fregadora-omnia-32","status":"publish","type":"product","link":"https:\/\/dibosch.com\/es\/producto\/m-fregadora-omnia-32\/","title":{"rendered":"FREGADORA OMNIA 32 &#8211; COMAC"},"content":{"rendered":"<p>Omnia es una <a href=\"https:\/\/dibosch.com\/es\/maquinas\/fregadora-es\/fregadoras-a-pie\/\">fregadora de pavimentos hombre a pie<\/a> extremadamente potente y fiable, ideal para las limpiezas m\u00e1s duras. El dise\u00f1o y la estructura son resistentes, espec\u00edficamente estudiados para garantizar la m\u00e1xima calidad y conservar el valor de la inversi\u00f3n con el paso del tiempo.<\/p>\n<p>Vista la robustez de la mec\u00e1nica y alto rendimiento de los componentes de 36 V, Omnia de <a href=\"https:\/\/dibosch.com\/es\/marcas\/comac-es\/\">Comac<\/a> es adecuada para ciclos de trabajo largos y sobre superficies dif\u00edciles, como las del sector industrial, talleres, almacenes de log\u00edstica y estructuras deportivas. Ideal para la limpieza de mantenimiento y profunda de medianas y grandes superficies de hasta 6500 m\u00b2.<\/p>\n<p>&nbsp;<\/p>\n<p><strong>DATOS T\u00c9CNICOS<\/strong><\/p>\n<p>Productividad te\u00f3rica (hasta m\u00b2\/h) 3320<br \/>\nPista de fregado (mm) 830<br \/>\nCepillos cantidad y tipo 2 \u2013 Disco<br \/>\nCepillos \u00d8 (mm) 430<br \/>\nPresi\u00f3n en el cepillo (m\u00edn. &#8211; m\u00e1x.) (kg) 80<br \/>\nTanque soluci\u00f3n (l) 105<br \/>\nTanque de recuperaci\u00f3n (l) 115<br \/>\nAlimentaci\u00f3n\/tracci\u00f3n (V) 36\/aut.<br \/>\nAutonom\u00eda de hasta (h) 4,5<br \/>\nDimensiones m\u00e1quina (L x h x a) (mm) 1650x1120x850<br \/>\nAnchura boquilla de aspiraci\u00f3n (mm) 1115<br \/>\nPeso m\u00e1quina en trabajo (GVW) (kg) 630<br \/>\nNivel de presi\u00f3n sonora (ISO 11201 &#8211; dB (A)) &lt;70<\/p>\n<p>&nbsp;<\/p>\n<p><strong>CARACTER\u00cdSTICAS FREGADORAS DE PAVIMENTOS OMNIA<\/strong><\/p>\n<p>\u2022 Conducci\u00f3n intuitiva y sencilla.<br \/>\n\u2022 Los materiales de pl\u00e1stico que est\u00e1n en torno a las bater\u00edas son resistentes a los vapores oxidantes para evitar la formaci\u00f3n de \u00f3xido.<br \/>\n\u2022 M\u00e1xima accesibilidad a los componentes para facilitar las fases de mantenimiento.<br \/>\n\u2022 Potentes motores de cepillo y aspiraci\u00f3n para un mejor secado.<br \/>\n\u2022 Gran presi\u00f3n de los cepillos para obtener excelentes resultados de limpieza.<br \/>\n\u2022 Vallas de soluci\u00f3n y recuperaci\u00f3n de polietileno robustas y resistentes a los impactos y corrosi\u00f3n.<br \/>\n\u2022 Ruedas antideslizantes y antihuellas para no dejar marcas en la superficie.<br \/>\n\u2022 Grupo filtro de aspiraci\u00f3n oscilante para seguir la m\u00e1quina en cualquier situaci\u00f3n y obtener un perfecto secado.<br \/>\n\u2022 Regulaci\u00f3n del filtro de aspiraci\u00f3n sin herramientas, posibilidad de variar tanto la altura de las ruedas de soporte como la inclinaci\u00f3n del filtro de aspiraci\u00f3n.<\/p>\n<p>&nbsp;<\/p>\n<p><strong>SECTORES<\/strong><\/p>\n<p>Industria<br \/>\nEmpresas de Facility Services<br \/>\nGran distribuci\u00f3n<br \/>\nLog\u00edstica<br \/>\nAutomoci\u00f3n<br \/>\nTransportes<\/p>\n<p>&nbsp;<\/p>\n<div data-olk-copy-source=\"MailCompose\">PRECIO OMNIA 32<\/div>\n<div>Consultar accesorios incluidos en el precio.<\/div>\n<p>&nbsp;<\/p>\n<p>&nbsp;<\/p>\n","protected":false},"excerpt":{"rendered":"<p>Fregadora indicada para superf\u00edces de hasta 3.300 m\u00b2<\/p>\n","protected":false},"featured_media":11529,"comment_status":"closed","ping_status":"closed","template":"","meta":[],"product_brand":[],"product_cat":[810,731,729,988,1074,577],"product_tag":[],"marcas":[916],"certificats":[],"caracteristiques":[],"tipus-productes":[],"zona-aplicacio":[950,949,955,946],"tipus-maquinaria":[],"class_list":{"0":"post-14067","1":"product","2":"type-product","3":"status-publish","4":"has-post-thumbnail","6":"product_cat-fregadora-es","7":"product_cat-baterias","8":"product_cat-circular","9":"product_cat-fregadoras-comac","10":"product_cat-maquina-limpia-suelos","11":"product_cat-maquinas","12":"marcas-comac-es","13":"zona-aplicacio-zona-manipulacion-de-alimentos-industria","14":"zona-aplicacio-zona-produccion-y-talleres","15":"zona-aplicacio-zona-sanitaria","16":"zona-aplicacio-zonas-comunes","18":"first","19":"instock","20":"purchasable","21":"product-type-simple"},"_links":{"self":[{"href":"https:\/\/dibosch.com\/es\/wp-json\/wp\/v2\/product\/14067","targetHints":{"allow":["GET"]}}],"collection":[{"href":"https:\/\/dibosch.com\/es\/wp-json\/wp\/v2\/product"}],"about":[{"href":"https:\/\/dibosch.com\/es\/wp-json\/wp\/v2\/types\/product"}],"replies":[{"embeddable":true,"href":"https:\/\/dibosch.com\/es\/wp-json\/wp\/v2\/comments?post=14067"}],"wp:featuredmedia":[{"embeddable":true,"href":"https:\/\/dibosch.com\/es\/wp-json\/wp\/v2\/media\/11529"}],"wp:attachment":[{"href":"https:\/\/dibosch.com\/es\/wp-json\/wp\/v2\/media?parent=14067"}],"wp:term":[{"taxonomy":"product_brand","embeddable":true,"href":"https:\/\/dibosch.com\/es\/wp-json\/wp\/v2\/product_brand?post=14067"},{"taxonomy":"product_cat","embeddable":true,"href":"https:\/\/dibosch.com\/es\/wp-json\/wp\/v2\/product_cat?post=14067"},{"taxonomy":"product_tag","embeddable":true,"href":"https:\/\/dibosch.com\/es\/wp-json\/wp\/v2\/product_tag?post=14067"},{"taxonomy":"marcas","embeddable":true,"href":"https:\/\/dibosch.com\/es\/wp-json\/wp\/v2\/marcas?post=14067"},{"taxonomy":"certificats","embeddable":true,"href":"https:\/\/dibosch.com\/es\/wp-json\/wp\/v2\/certificats?post=14067"},{"taxonomy":"caracteristiques","embeddable":true,"href":"https:\/\/dibosch.com\/es\/wp-json\/wp\/v2\/caracteristiques?post=14067"},{"taxonomy":"tipus-productes","embeddable":true,"href":"https:\/\/dibosch.com\/es\/wp-json\/wp\/v2\/tipus-productes?post=14067"},{"taxonomy":"zona-aplicacio","embeddable":true,"href":"https:\/\/dibosch.com\/es\/wp-json\/wp\/v2\/zona-aplicacio?post=14067"},{"taxonomy":"tipus-maquinaria","embeddable":true,"href":"https:\/\/dibosch.com\/es\/wp-json\/wp\/v2\/tipus-maquinaria?post=14067"}],"curies":[{"name":"wp","href":"https:\/\/api.w.org\/{rel}","templated":true}]}}