{"id":14070,"date":"2022-12-09T09:45:37","date_gmt":"2022-12-09T09:45:37","guid":{"rendered":"https:\/\/www.dibosch.com\/producto\/alquiler-barredora-comac-cs50b\/"},"modified":"2024-05-03T15:37:36","modified_gmt":"2024-05-03T15:37:36","slug":"alquiler-barredora-comac-cs50b","status":"publish","type":"product","link":"https:\/\/dibosch.com\/es\/producto\/alquiler-barredora-comac-cs50b\/","title":{"rendered":"ALQUILER- Barredora Comac CS50B"},"content":{"rendered":"<p>&nbsp;<\/p>\n<p>Barredora ideal para superficies de hasta 1.250 m\u00b2<br \/>\nPensada por espacios interiores o medios con muchos obst\u00e1culos<br \/>\nRobusta y compacto, con versi\u00f3n a bater\u00edas y gasolina<br \/>\nAdecuada para la limpieza de polvo y suciedad s\u00f3lida en cualquier tipo de pavimento y tambi\u00e9n en moquetas<\/p>\n<p>&nbsp;<\/p>\n<p>&nbsp;<\/p>\n","protected":false},"excerpt":{"rendered":"<p>&nbsp; Barredora ideal para superficies de hasta 1.250 m\u00b2 Pensada por espacios interiores o medios con muchos obst\u00e1culos Robusta y compacto, con versi\u00f3n a bater\u00edas y gasolina Adecuada para la limpieza de polvo y suciedad s\u00f3lida en cualquier tipo de pavimento y tambi\u00e9n en moquetas &nbsp; &nbsp;<\/p>\n","protected":false},"featured_media":11312,"comment_status":"closed","ping_status":"closed","template":"","meta":[],"product_brand":[],"product_cat":[663,1248,1262,1264],"product_tag":[],"marcas":[],"certificats":[],"caracteristiques":[],"tipus-productes":[],"zona-aplicacio":[],"tipus-maquinaria":[1052,1217,1219,958],"class_list":{"0":"post-14070","1":"product","2":"type-product","3":"status-publish","4":"has-post-thumbnail","6":"product_cat-accesorios-aspirador-profesional","7":"product_cat-alquiler-de-barredora-industrial","8":"product_cat-alquiler-maquinaria-limpieza-barcelona","9":"product_cat-alquiler-maquinaria-limpieza-girona","10":"tipus-maquinaria-barredora-de-alquiler","11":"tipus-maquinaria-alquiler-maquinaria-limpieza-barcelona","12":"tipus-maquinaria-alquiler-maquinaria-limpieza-girona","13":"tipus-maquinaria-maquina-alquiler","15":"first","16":"instock","17":"shipping-taxable","18":"product-type-simple"},"_links":{"self":[{"href":"https:\/\/dibosch.com\/es\/wp-json\/wp\/v2\/product\/14070","targetHints":{"allow":["GET"]}}],"collection":[{"href":"https:\/\/dibosch.com\/es\/wp-json\/wp\/v2\/product"}],"about":[{"href":"https:\/\/dibosch.com\/es\/wp-json\/wp\/v2\/types\/product"}],"replies":[{"embeddable":true,"href":"https:\/\/dibosch.com\/es\/wp-json\/wp\/v2\/comments?post=14070"}],"wp:featuredmedia":[{"embeddable":true,"href":"https:\/\/dibosch.com\/es\/wp-json\/wp\/v2\/media\/11312"}],"wp:attachment":[{"href":"https:\/\/dibosch.com\/es\/wp-json\/wp\/v2\/media?parent=14070"}],"wp:term":[{"taxonomy":"product_brand","embeddable":true,"href":"https:\/\/dibosch.com\/es\/wp-json\/wp\/v2\/product_brand?post=14070"},{"taxonomy":"product_cat","embeddable":true,"href":"https:\/\/dibosch.com\/es\/wp-json\/wp\/v2\/product_cat?post=14070"},{"taxonomy":"product_tag","embeddable":true,"href":"https:\/\/dibosch.com\/es\/wp-json\/wp\/v2\/product_tag?post=14070"},{"taxonomy":"marcas","embeddable":true,"href":"https:\/\/dibosch.com\/es\/wp-json\/wp\/v2\/marcas?post=14070"},{"taxonomy":"certificats","embeddable":true,"href":"https:\/\/dibosch.com\/es\/wp-json\/wp\/v2\/certificats?post=14070"},{"taxonomy":"caracteristiques","embeddable":true,"href":"https:\/\/dibosch.com\/es\/wp-json\/wp\/v2\/caracteristiques?post=14070"},{"taxonomy":"tipus-productes","embeddable":true,"href":"https:\/\/dibosch.com\/es\/wp-json\/wp\/v2\/tipus-productes?post=14070"},{"taxonomy":"zona-aplicacio","embeddable":true,"href":"https:\/\/dibosch.com\/es\/wp-json\/wp\/v2\/zona-aplicacio?post=14070"},{"taxonomy":"tipus-maquinaria","embeddable":true,"href":"https:\/\/dibosch.com\/es\/wp-json\/wp\/v2\/tipus-maquinaria?post=14070"}],"curies":[{"name":"wp","href":"https:\/\/api.w.org\/{rel}","templated":true}]}}