{"id":14101,"date":"2022-12-09T09:56:33","date_gmt":"2022-12-09T09:56:33","guid":{"rendered":"https:\/\/www.dibosch.com\/producto\/alquiler-barredora-comac-cs120b\/"},"modified":"2024-10-20T12:10:34","modified_gmt":"2024-10-20T12:10:34","slug":"alquiler-barredora-comac-cs120b","status":"publish","type":"product","link":"https:\/\/dibosch.com\/es\/producto\/alquiler-barredora-comac-cs120b\/","title":{"rendered":"ALQUILER- Barredora Comac CS120B"},"content":{"rendered":"<p>&nbsp;<\/p>\n<p>Por superficies hasta 30.000 m\u00b2<br \/>\nEspecialmente dise\u00f1ada para recoger residuos s\u00f3lidos y polvo<br \/>\nAncho de trabajo de 150cm con un cepillo lateral<br \/>\nF\u00e1cil limpieza autom\u00e1tica del filtro con s\u00f3lo tocar un bot\u00f3n<br \/>\nSe caracteriza por su potencia, resistencia y adaptaci\u00f3n a los trabajos m\u00e1s pesados<\/p>\n<p>&nbsp;<\/p>\n<p>&nbsp;<\/p>\n","protected":false},"excerpt":{"rendered":"<p>&nbsp; Por superficies hasta 30.000 m\u00b2 Especialmente dise\u00f1ada para recoger residuos s\u00f3lidos y polvo Ancho de trabajo de 150cm con un cepillo lateral F\u00e1cil limpieza autom\u00e1tica del filtro con s\u00f3lo tocar un bot\u00f3n Se caracteriza por su potencia, resistencia y adaptaci\u00f3n a los trabajos m\u00e1s pesados &nbsp; &nbsp;<\/p>\n","protected":false},"featured_media":11315,"comment_status":"closed","ping_status":"closed","template":"","meta":[],"product_brand":[],"product_cat":[663,1248,1262,1264],"product_tag":[],"marcas":[916],"certificats":[],"caracteristiques":[],"tipus-productes":[],"zona-aplicacio":[],"tipus-maquinaria":[1052,1217,1219,958],"class_list":{"0":"post-14101","1":"product","2":"type-product","3":"status-publish","4":"has-post-thumbnail","6":"product_cat-accesorios-aspirador-profesional","7":"product_cat-alquiler-de-barredora-industrial","8":"product_cat-alquiler-maquinaria-limpieza-barcelona","9":"product_cat-alquiler-maquinaria-limpieza-girona","10":"marcas-comac-es","11":"tipus-maquinaria-barredora-de-alquiler","12":"tipus-maquinaria-alquiler-maquinaria-limpieza-barcelona","13":"tipus-maquinaria-alquiler-maquinaria-limpieza-girona","14":"tipus-maquinaria-maquina-alquiler","16":"first","17":"instock","18":"shipping-taxable","19":"product-type-simple"},"_links":{"self":[{"href":"https:\/\/dibosch.com\/es\/wp-json\/wp\/v2\/product\/14101","targetHints":{"allow":["GET"]}}],"collection":[{"href":"https:\/\/dibosch.com\/es\/wp-json\/wp\/v2\/product"}],"about":[{"href":"https:\/\/dibosch.com\/es\/wp-json\/wp\/v2\/types\/product"}],"replies":[{"embeddable":true,"href":"https:\/\/dibosch.com\/es\/wp-json\/wp\/v2\/comments?post=14101"}],"wp:featuredmedia":[{"embeddable":true,"href":"https:\/\/dibosch.com\/es\/wp-json\/wp\/v2\/media\/11315"}],"wp:attachment":[{"href":"https:\/\/dibosch.com\/es\/wp-json\/wp\/v2\/media?parent=14101"}],"wp:term":[{"taxonomy":"product_brand","embeddable":true,"href":"https:\/\/dibosch.com\/es\/wp-json\/wp\/v2\/product_brand?post=14101"},{"taxonomy":"product_cat","embeddable":true,"href":"https:\/\/dibosch.com\/es\/wp-json\/wp\/v2\/product_cat?post=14101"},{"taxonomy":"product_tag","embeddable":true,"href":"https:\/\/dibosch.com\/es\/wp-json\/wp\/v2\/product_tag?post=14101"},{"taxonomy":"marcas","embeddable":true,"href":"https:\/\/dibosch.com\/es\/wp-json\/wp\/v2\/marcas?post=14101"},{"taxonomy":"certificats","embeddable":true,"href":"https:\/\/dibosch.com\/es\/wp-json\/wp\/v2\/certificats?post=14101"},{"taxonomy":"caracteristiques","embeddable":true,"href":"https:\/\/dibosch.com\/es\/wp-json\/wp\/v2\/caracteristiques?post=14101"},{"taxonomy":"tipus-productes","embeddable":true,"href":"https:\/\/dibosch.com\/es\/wp-json\/wp\/v2\/tipus-productes?post=14101"},{"taxonomy":"zona-aplicacio","embeddable":true,"href":"https:\/\/dibosch.com\/es\/wp-json\/wp\/v2\/zona-aplicacio?post=14101"},{"taxonomy":"tipus-maquinaria","embeddable":true,"href":"https:\/\/dibosch.com\/es\/wp-json\/wp\/v2\/tipus-maquinaria?post=14101"}],"curies":[{"name":"wp","href":"https:\/\/api.w.org\/{rel}","templated":true}]}}