{"id":14102,"date":"2022-12-09T14:35:58","date_gmt":"2022-12-09T14:35:58","guid":{"rendered":"https:\/\/www.dibosch.com\/producto\/alquiler-aspirador-delfin-tc-100-if-3m\/"},"modified":"2024-05-03T15:34:29","modified_gmt":"2024-05-03T15:34:29","slug":"alquiler-aspirador-delfin-tc-100-if-3m","status":"publish","type":"product","link":"https:\/\/dibosch.com\/es\/producto\/alquiler-aspirador-delfin-tc-100-if-3m\/","title":{"rendered":"ALQUILER- Aspirador Delfin TC 100 IF 3M"},"content":{"rendered":"<p>&nbsp;<\/p>\n<p>Espec\u00edfico por aspiraci\u00f3n de ACEITES Y VIRUTAS<br \/>\nConstrucci\u00f3n en acero<br \/>\nSistema de achique en altura.<br \/>\nCompacto y ligero, ideal para el campo de limpieza profesional<br \/>\nPosibilidad de aspirar y descargar simult\u00e1neamente los desechos<br \/>\nContenedor de virutas de 40 litros<\/p>\n<p>&nbsp;<\/p>\n<p>&nbsp;<\/p>\n","protected":false},"excerpt":{"rendered":"<p>&nbsp; Espec\u00edfico por aspiraci\u00f3n de ACEITES Y VIRUTAS Construcci\u00f3n en acero Sistema de achique en altura. Compacto y ligero, ideal para el campo de limpieza profesional Posibilidad de aspirar y descargar simult\u00e1neamente los desechos Contenedor de virutas de 40 litros &nbsp; &nbsp;<\/p>\n","protected":false},"featured_media":11316,"comment_status":"closed","ping_status":"closed","template":"","meta":[],"product_brand":[],"product_cat":[1246,1262,1264,1188],"product_tag":[],"marcas":[],"certificats":[],"caracteristiques":[],"tipus-productes":[],"zona-aplicacio":[],"tipus-maquinaria":[1051,1217,1219,958],"class_list":{"0":"post-14102","1":"product","2":"type-product","3":"status-publish","4":"has-post-thumbnail","6":"product_cat-alquiler-de-aspiradores-industriales","7":"product_cat-alquiler-maquinaria-limpieza-barcelona","8":"product_cat-alquiler-maquinaria-limpieza-girona","9":"product_cat-aspiradores-delfin","10":"tipus-maquinaria-aspiradora-industrial-de-alquiler","11":"tipus-maquinaria-alquiler-maquinaria-limpieza-barcelona","12":"tipus-maquinaria-alquiler-maquinaria-limpieza-girona","13":"tipus-maquinaria-maquina-alquiler","15":"first","16":"instock","17":"shipping-taxable","18":"product-type-simple"},"_links":{"self":[{"href":"https:\/\/dibosch.com\/es\/wp-json\/wp\/v2\/product\/14102","targetHints":{"allow":["GET"]}}],"collection":[{"href":"https:\/\/dibosch.com\/es\/wp-json\/wp\/v2\/product"}],"about":[{"href":"https:\/\/dibosch.com\/es\/wp-json\/wp\/v2\/types\/product"}],"replies":[{"embeddable":true,"href":"https:\/\/dibosch.com\/es\/wp-json\/wp\/v2\/comments?post=14102"}],"wp:featuredmedia":[{"embeddable":true,"href":"https:\/\/dibosch.com\/es\/wp-json\/wp\/v2\/media\/11316"}],"wp:attachment":[{"href":"https:\/\/dibosch.com\/es\/wp-json\/wp\/v2\/media?parent=14102"}],"wp:term":[{"taxonomy":"product_brand","embeddable":true,"href":"https:\/\/dibosch.com\/es\/wp-json\/wp\/v2\/product_brand?post=14102"},{"taxonomy":"product_cat","embeddable":true,"href":"https:\/\/dibosch.com\/es\/wp-json\/wp\/v2\/product_cat?post=14102"},{"taxonomy":"product_tag","embeddable":true,"href":"https:\/\/dibosch.com\/es\/wp-json\/wp\/v2\/product_tag?post=14102"},{"taxonomy":"marcas","embeddable":true,"href":"https:\/\/dibosch.com\/es\/wp-json\/wp\/v2\/marcas?post=14102"},{"taxonomy":"certificats","embeddable":true,"href":"https:\/\/dibosch.com\/es\/wp-json\/wp\/v2\/certificats?post=14102"},{"taxonomy":"caracteristiques","embeddable":true,"href":"https:\/\/dibosch.com\/es\/wp-json\/wp\/v2\/caracteristiques?post=14102"},{"taxonomy":"tipus-productes","embeddable":true,"href":"https:\/\/dibosch.com\/es\/wp-json\/wp\/v2\/tipus-productes?post=14102"},{"taxonomy":"zona-aplicacio","embeddable":true,"href":"https:\/\/dibosch.com\/es\/wp-json\/wp\/v2\/zona-aplicacio?post=14102"},{"taxonomy":"tipus-maquinaria","embeddable":true,"href":"https:\/\/dibosch.com\/es\/wp-json\/wp\/v2\/tipus-maquinaria?post=14102"}],"curies":[{"name":"wp","href":"https:\/\/api.w.org\/{rel}","templated":true}]}}