{"id":14104,"date":"2022-12-09T15:30:45","date_gmt":"2022-12-09T15:30:45","guid":{"rendered":"https:\/\/www.dibosch.com\/producto\/alquiler-hidrolimpiadora-kranzle-quadro-599\/"},"modified":"2024-05-03T15:20:25","modified_gmt":"2024-05-03T15:20:25","slug":"alquiler-hidrolimpiadora-kranzle-quadro-599","status":"publish","type":"product","link":"https:\/\/dibosch.com\/es\/producto\/alquiler-hidrolimpiadora-kranzle-quadro-599\/","title":{"rendered":"ALQUILER- Hidrolimpiadora KRANZLE Quadro 599"},"content":{"rendered":"<p>&nbsp;<\/p>\n<p>20 metros de manguera a presi\u00f3n<br \/>\nDep\u00f3sito de agua integrado en la m\u00e1quina<br \/>\nEnrollador de manguera presi\u00f3n incorporado<br \/>\nEmbocadura turbo por eliminaci\u00f3n de suciedad<br \/>\nIncluye kit manguera limpieza tuber\u00edas<\/p>\n<p>&nbsp;<\/p>\n<p>&nbsp;<\/p>\n","protected":false},"excerpt":{"rendered":"<p>&nbsp; 20 metros de manguera a presi\u00f3n Dep\u00f3sito de agua integrado en la m\u00e1quina Enrollador de manguera presi\u00f3n incorporado Embocadura turbo por eliminaci\u00f3n de suciedad Incluye kit manguera limpieza tuber\u00edas &nbsp; &nbsp;<\/p>\n","protected":false},"featured_media":11331,"comment_status":"closed","ping_status":"closed","template":"","meta":[],"product_brand":[],"product_cat":[1262,1264,1254,739],"product_tag":[],"marcas":[],"certificats":[],"caracteristiques":[],"tipus-productes":[],"zona-aplicacio":[951,950,949],"tipus-maquinaria":[1217,1219,1054,958],"class_list":{"0":"post-14104","1":"product","2":"type-product","3":"status-publish","4":"has-post-thumbnail","6":"product_cat-alquiler-maquinaria-limpieza-barcelona","7":"product_cat-alquiler-maquinaria-limpieza-girona","8":"product_cat-hidrolimpiadoras-de-alquiler","9":"product_cat-hidrolimpiadoras","10":"zona-aplicacio-exteriores-y-fachadas","11":"zona-aplicacio-zona-manipulacion-de-alimentos-industria","12":"zona-aplicacio-zona-produccion-y-talleres","13":"tipus-maquinaria-alquiler-maquinaria-limpieza-barcelona","14":"tipus-maquinaria-alquiler-maquinaria-limpieza-girona","15":"tipus-maquinaria-hidrolimpiadoras-de-alquiler","16":"tipus-maquinaria-maquina-alquiler","18":"first","19":"instock","20":"shipping-taxable","21":"product-type-simple"},"_links":{"self":[{"href":"https:\/\/dibosch.com\/es\/wp-json\/wp\/v2\/product\/14104","targetHints":{"allow":["GET"]}}],"collection":[{"href":"https:\/\/dibosch.com\/es\/wp-json\/wp\/v2\/product"}],"about":[{"href":"https:\/\/dibosch.com\/es\/wp-json\/wp\/v2\/types\/product"}],"replies":[{"embeddable":true,"href":"https:\/\/dibosch.com\/es\/wp-json\/wp\/v2\/comments?post=14104"}],"wp:featuredmedia":[{"embeddable":true,"href":"https:\/\/dibosch.com\/es\/wp-json\/wp\/v2\/media\/11331"}],"wp:attachment":[{"href":"https:\/\/dibosch.com\/es\/wp-json\/wp\/v2\/media?parent=14104"}],"wp:term":[{"taxonomy":"product_brand","embeddable":true,"href":"https:\/\/dibosch.com\/es\/wp-json\/wp\/v2\/product_brand?post=14104"},{"taxonomy":"product_cat","embeddable":true,"href":"https:\/\/dibosch.com\/es\/wp-json\/wp\/v2\/product_cat?post=14104"},{"taxonomy":"product_tag","embeddable":true,"href":"https:\/\/dibosch.com\/es\/wp-json\/wp\/v2\/product_tag?post=14104"},{"taxonomy":"marcas","embeddable":true,"href":"https:\/\/dibosch.com\/es\/wp-json\/wp\/v2\/marcas?post=14104"},{"taxonomy":"certificats","embeddable":true,"href":"https:\/\/dibosch.com\/es\/wp-json\/wp\/v2\/certificats?post=14104"},{"taxonomy":"caracteristiques","embeddable":true,"href":"https:\/\/dibosch.com\/es\/wp-json\/wp\/v2\/caracteristiques?post=14104"},{"taxonomy":"tipus-productes","embeddable":true,"href":"https:\/\/dibosch.com\/es\/wp-json\/wp\/v2\/tipus-productes?post=14104"},{"taxonomy":"zona-aplicacio","embeddable":true,"href":"https:\/\/dibosch.com\/es\/wp-json\/wp\/v2\/zona-aplicacio?post=14104"},{"taxonomy":"tipus-maquinaria","embeddable":true,"href":"https:\/\/dibosch.com\/es\/wp-json\/wp\/v2\/tipus-maquinaria?post=14104"}],"curies":[{"name":"wp","href":"https:\/\/api.w.org\/{rel}","templated":true}]}}