{"id":14105,"date":"2022-12-09T14:54:05","date_gmt":"2022-12-09T14:54:05","guid":{"rendered":"https:\/\/www.dibosch.com\/producto\/alquiler-junior-star-max-8-bares\/"},"modified":"2024-05-03T15:29:28","modified_gmt":"2024-05-03T15:29:28","slug":"alquiler-junior-star-max-8-bars","status":"publish","type":"product","link":"https:\/\/dibosch.com\/es\/producto\/alquiler-junior-star-max-8-bars\/","title":{"rendered":"ALQUILER- Junior Star Max 8 bares"},"content":{"rendered":"<p>&nbsp;<\/p>\n<p>Generador de vapor monof\u00e1sico.<br \/>\nVapor ilimitado gracias al sistema de recarga autom\u00e1tica<br \/>\nPosibilidad de inyecci\u00f3n de detergente.<br \/>\nCombinado con un aspirador en h\u00famedo \/ seco<br \/>\nDispositivo digital con man\u00f3metro y contador de horas.<\/p>\n<p>&nbsp;<\/p>\n<p>&nbsp;<\/p>\n","protected":false},"excerpt":{"rendered":"<p>&nbsp; Generador de vapor monof\u00e1sico. Vapor ilimitado gracias al sistema de recarga autom\u00e1tica Posibilidad de inyecci\u00f3n de detergente. Combinado con un aspirador en h\u00famedo \/ seco Dispositivo digital con man\u00f3metro y contador de horas. &nbsp; &nbsp;<\/p>\n","protected":false},"featured_media":11321,"comment_status":"closed","ping_status":"closed","template":"","meta":[],"product_brand":[],"product_cat":[663,1262,1264,1258],"product_tag":[],"marcas":[913],"certificats":[],"caracteristiques":[],"tipus-productes":[],"zona-aplicacio":[951,952,945,944,948,950,949,955,946],"tipus-maquinaria":[1217,1219,958,1055],"class_list":{"0":"post-14105","1":"product","2":"type-product","3":"status-publish","4":"has-post-thumbnail","6":"product_cat-accesorios-aspirador-profesional","7":"product_cat-alquiler-maquinaria-limpieza-barcelona","8":"product_cat-alquiler-maquinaria-limpieza-girona","9":"product_cat-maquina-de-vapor-de-alquiler","10":"marcas-tecnovap-es","11":"zona-aplicacio-exteriores-y-fachadas","12":"zona-aplicacio-moqueta-y-tejidos","13":"zona-aplicacio-zona-bano","14":"zona-aplicacio-zona-cocina","15":"zona-aplicacio-zona-habitaciones","16":"zona-aplicacio-zona-manipulacion-de-alimentos-industria","17":"zona-aplicacio-zona-produccion-y-talleres","18":"zona-aplicacio-zona-sanitaria","19":"zona-aplicacio-zonas-comunes","20":"tipus-maquinaria-alquiler-maquinaria-limpieza-barcelona","21":"tipus-maquinaria-alquiler-maquinaria-limpieza-girona","22":"tipus-maquinaria-maquina-alquiler","23":"tipus-maquinaria-maquina-de-vapor-de-alquiler","25":"first","26":"instock","27":"shipping-taxable","28":"product-type-simple"},"_links":{"self":[{"href":"https:\/\/dibosch.com\/es\/wp-json\/wp\/v2\/product\/14105","targetHints":{"allow":["GET"]}}],"collection":[{"href":"https:\/\/dibosch.com\/es\/wp-json\/wp\/v2\/product"}],"about":[{"href":"https:\/\/dibosch.com\/es\/wp-json\/wp\/v2\/types\/product"}],"replies":[{"embeddable":true,"href":"https:\/\/dibosch.com\/es\/wp-json\/wp\/v2\/comments?post=14105"}],"wp:featuredmedia":[{"embeddable":true,"href":"https:\/\/dibosch.com\/es\/wp-json\/wp\/v2\/media\/11321"}],"wp:attachment":[{"href":"https:\/\/dibosch.com\/es\/wp-json\/wp\/v2\/media?parent=14105"}],"wp:term":[{"taxonomy":"product_brand","embeddable":true,"href":"https:\/\/dibosch.com\/es\/wp-json\/wp\/v2\/product_brand?post=14105"},{"taxonomy":"product_cat","embeddable":true,"href":"https:\/\/dibosch.com\/es\/wp-json\/wp\/v2\/product_cat?post=14105"},{"taxonomy":"product_tag","embeddable":true,"href":"https:\/\/dibosch.com\/es\/wp-json\/wp\/v2\/product_tag?post=14105"},{"taxonomy":"marcas","embeddable":true,"href":"https:\/\/dibosch.com\/es\/wp-json\/wp\/v2\/marcas?post=14105"},{"taxonomy":"certificats","embeddable":true,"href":"https:\/\/dibosch.com\/es\/wp-json\/wp\/v2\/certificats?post=14105"},{"taxonomy":"caracteristiques","embeddable":true,"href":"https:\/\/dibosch.com\/es\/wp-json\/wp\/v2\/caracteristiques?post=14105"},{"taxonomy":"tipus-productes","embeddable":true,"href":"https:\/\/dibosch.com\/es\/wp-json\/wp\/v2\/tipus-productes?post=14105"},{"taxonomy":"zona-aplicacio","embeddable":true,"href":"https:\/\/dibosch.com\/es\/wp-json\/wp\/v2\/zona-aplicacio?post=14105"},{"taxonomy":"tipus-maquinaria","embeddable":true,"href":"https:\/\/dibosch.com\/es\/wp-json\/wp\/v2\/tipus-maquinaria?post=14105"}],"curies":[{"name":"wp","href":"https:\/\/api.w.org\/{rel}","templated":true}]}}