{"id":14106,"date":"2022-12-09T15:16:19","date_gmt":"2022-12-09T15:16:19","guid":{"rendered":"https:\/\/www.dibosch.com\/producto\/alquiler-klindex-levhigetor-max-vs\/"},"modified":"2024-11-14T11:17:33","modified_gmt":"2024-11-14T11:17:33","slug":"alquiler-klindex-levhigetor-max-vs","status":"publish","type":"product","link":"https:\/\/dibosch.com\/es\/producto\/alquiler-klindex-levhigetor-max-vs\/","title":{"rendered":"ALQUILER- Klindex Levhigetor MAX VS"},"content":{"rendered":"<p>&nbsp;<\/p>\n<p>Ideal para zonas peque\u00f1as y medianas, tanto para pulir como abrillantar<br \/>\nTodo tipo de suelos: m\u00e1rmol, gres, preparaci\u00f3n suelos industriales<br \/>\nAlisa r\u00e1pidamente el pavimento dej\u00e1ndolo completamente plano<br \/>\nDise\u00f1o y bastidor especial pensado para el confort del operario<\/p>\n<p>&nbsp;<\/p>\n<p>&nbsp;<\/p>\n","protected":false},"excerpt":{"rendered":"<p>&nbsp; Ideal para zonas peque\u00f1as y medianas, tanto para pulir como abrillantar Todo tipo de suelos: m\u00e1rmol, gres, preparaci\u00f3n suelos industriales Alisa r\u00e1pidamente el pavimento dej\u00e1ndolo completamente plano Dise\u00f1o y bastidor especial pensado para el confort del operario &nbsp; &nbsp;<\/p>\n","protected":false},"featured_media":11327,"comment_status":"closed","ping_status":"closed","template":"","meta":[],"product_brand":[],"product_cat":[663,1262,1264,1256],"product_tag":[],"marcas":[927],"certificats":[],"caracteristiques":[],"tipus-productes":[],"zona-aplicacio":[951,948,950,949,955,946],"tipus-maquinaria":[1217,1219,958,1058],"class_list":{"0":"post-14106","1":"product","2":"type-product","3":"status-publish","4":"has-post-thumbnail","6":"product_cat-accesorios-aspirador-profesional","7":"product_cat-alquiler-maquinaria-limpieza-barcelona","8":"product_cat-alquiler-maquinaria-limpieza-girona","9":"product_cat-rotativas-y-pulidoras-de-alquiler","10":"marcas-klindex-es","11":"zona-aplicacio-exteriores-y-fachadas","12":"zona-aplicacio-zona-habitaciones","13":"zona-aplicacio-zona-manipulacion-de-alimentos-industria","14":"zona-aplicacio-zona-produccion-y-talleres","15":"zona-aplicacio-zona-sanitaria","16":"zona-aplicacio-zonas-comunes","17":"tipus-maquinaria-alquiler-maquinaria-limpieza-barcelona","18":"tipus-maquinaria-alquiler-maquinaria-limpieza-girona","19":"tipus-maquinaria-maquina-alquiler","20":"tipus-maquinaria-rotativas-y-pulidoras-de-alquiler","22":"first","23":"instock","24":"shipping-taxable","25":"product-type-simple"},"_links":{"self":[{"href":"https:\/\/dibosch.com\/es\/wp-json\/wp\/v2\/product\/14106","targetHints":{"allow":["GET"]}}],"collection":[{"href":"https:\/\/dibosch.com\/es\/wp-json\/wp\/v2\/product"}],"about":[{"href":"https:\/\/dibosch.com\/es\/wp-json\/wp\/v2\/types\/product"}],"replies":[{"embeddable":true,"href":"https:\/\/dibosch.com\/es\/wp-json\/wp\/v2\/comments?post=14106"}],"wp:featuredmedia":[{"embeddable":true,"href":"https:\/\/dibosch.com\/es\/wp-json\/wp\/v2\/media\/11327"}],"wp:attachment":[{"href":"https:\/\/dibosch.com\/es\/wp-json\/wp\/v2\/media?parent=14106"}],"wp:term":[{"taxonomy":"product_brand","embeddable":true,"href":"https:\/\/dibosch.com\/es\/wp-json\/wp\/v2\/product_brand?post=14106"},{"taxonomy":"product_cat","embeddable":true,"href":"https:\/\/dibosch.com\/es\/wp-json\/wp\/v2\/product_cat?post=14106"},{"taxonomy":"product_tag","embeddable":true,"href":"https:\/\/dibosch.com\/es\/wp-json\/wp\/v2\/product_tag?post=14106"},{"taxonomy":"marcas","embeddable":true,"href":"https:\/\/dibosch.com\/es\/wp-json\/wp\/v2\/marcas?post=14106"},{"taxonomy":"certificats","embeddable":true,"href":"https:\/\/dibosch.com\/es\/wp-json\/wp\/v2\/certificats?post=14106"},{"taxonomy":"caracteristiques","embeddable":true,"href":"https:\/\/dibosch.com\/es\/wp-json\/wp\/v2\/caracteristiques?post=14106"},{"taxonomy":"tipus-productes","embeddable":true,"href":"https:\/\/dibosch.com\/es\/wp-json\/wp\/v2\/tipus-productes?post=14106"},{"taxonomy":"zona-aplicacio","embeddable":true,"href":"https:\/\/dibosch.com\/es\/wp-json\/wp\/v2\/zona-aplicacio?post=14106"},{"taxonomy":"tipus-maquinaria","embeddable":true,"href":"https:\/\/dibosch.com\/es\/wp-json\/wp\/v2\/tipus-maquinaria?post=14106"}],"curies":[{"name":"wp","href":"https:\/\/api.w.org\/{rel}","templated":true}]}}